{"id":132,"date":"2022-02-22T09:44:56","date_gmt":"2022-02-22T09:44:56","guid":{"rendered":"http:\/\/193.194.89.196\/?page_id=132"},"modified":"2026-01-14T12:41:08","modified_gmt":"2026-01-14T12:41:08","slug":"actualites","status":"publish","type":"page","link":"https:\/\/fgmgp.usthb.dz\/index.php\/actualites\/","title":{"rendered":"News"},"content":{"rendered":"\n<p><\/p>\n\n\n\n<div class=\"wp-block-group is-vertical is-layout-flex wp-container-core-group-is-layout-8cf370e7 wp-block-group-is-layout-flex\">\n<ul>\n<li style=\"list-style-type: none;\">\n<ul>\n<li style=\"list-style-type: none;\">\n<ul>\n<li><a href=\"http:\/\/fgmgp.usthb.dz\/wp-content\/uploads\/2025\/09\/avis-de-cons14.pdf\" target=\"_blank\" rel=\"noopener\">\u00a0Avis d&#8217;attribution provisoire consultation N\u00b0 14\/USTHB\/FGMGP\/2025, relative \u00e0 l&#8217;acquisition de mobilier de bureau.<\/a><\/li>\n<li>\n<div><a href=\"http:\/\/fgmgp.usthb.dz\/wp-content\/uploads\/2025\/09\/Avis-deConsultation-N\u00b014.pdf\" target=\"_blank\" rel=\"noopener\">\u00a0Avis de consultation N\u00b0 14\/USTHB\/FGMGP\/2025, relative \u00e0 l&#8217;acquisition\u00a0de mobilier de bureau, destin\u00e9 \u00e0 l&#8217;\u00e9quipement de ses diff\u00e9rents services administratifs.<\/a><\/div>\n<\/li>\n<li><a href=\"http:\/\/fgmgp.usthb.dz\/wp-content\/uploads\/2025\/07\/Avis-dattribution-provisoir-concultation-N\u00b009_rotated.pdf\" target=\"_blank\" rel=\"noopener\">Avis d&#8217;infructuosit\u00e9 consultation N\u00b0 08\/USTHB\/FGMGP\/2025 &#8220;Lot\u00a0N\u00b002 et Lot N\u00b003, relative \u00e0 la conception d&#8217;un r\u00e9acteur cylindrique et acquisition de divers \u00e9quipements mat\u00e9riels et fournitures\u00a0 dans le cadre du programme national de recherche (PNR).\u00a0<\/a><\/li>\n<li><a href=\"http:\/\/fgmgp.usthb.dz\/wp-content\/uploads\/2025\/07\/Avis-dattribution-provisoir-concultation-N\u00b009_rotated.pdf\" target=\"_blank\" rel=\"noopener\">Avis d&#8217;attribution provisoire consultation N\u00b0 09\/USTHB\/FGMGP\/2025, relative \u00e0 l&#8217;acquisition\u00a0de fournitures \u00e9lectroniques pour la r\u00e9alisation des projets innovants, au profit de l&#8217;USTHB-Facult\u00e9 de G\u00e9nie M\u00e9canique et G\u00e9nie des Proc\u00e9d\u00e9s.<\/a><\/li>\n<li><a href=\"http:\/\/fgmgp.usthb.dz\/wp-content\/uploads\/2025\/07\/Avis-dattribution-provisoire-consultation-N\u00b008-2_rotated.pdf\" target=\"_blank\" rel=\"noopener\">\u00a0Avis d&#8217;attribution provisoire consultation N\u00b0 08\/USTHB\/FGMGP\/2025, relative \u00e0 la conception d&#8217;un r\u00e9acteur cylindrique et acquisition de divers \u00e9quipements mat\u00e9riels et fournitures dans le cadre programme national de recherche (PNR) lot N\u00b001.\u00a0<\/a><\/li>\n<li><a href=\"http:\/\/fgmgp.usthb.dz\/wp-content\/uploads\/2025\/06\/Avis-de-Consultation-N\u00b009.pdf\" target=\"_blank\" rel=\"noopener\">\u00a0Avis de consultation N\u00b0 09\/USTHB\/FGMGP\/2025, relative \u00e0 l&#8217;acquisition\u00a0de fournitures \u00e9lectroniques pour la r\u00e9alisation des projets innovants, au profit de l&#8217;USTHB-Facult\u00e9 de G\u00e9nie M\u00e9canique et G\u00e9nie des Proc\u00e9d\u00e9s.<\/a><\/li>\n<li><a href=\"http:\/\/fgmgp.usthb.dz\/wp-content\/uploads\/2025\/06\/Avis-de-consultation-N\u00b008.pdf\" target=\"_blank\" rel=\"noopener\">Avis de consultation N\u00b0 08\/USTHB\/FGMGP\/2025, relative \u00e0 la conception d&#8217;un r\u00e9acteur cylindrique et acquisition de divers mat\u00e9riels scientifiques et fournitures, dans le cadre du programme national de recherche (PNR)<\/a>.<\/li>\n<li><a href=\"http:\/\/fgmgp.usthb.dz\/wp-content\/uploads\/2025\/06\/Avis-de-consultation-N\u00b007.pdf\" target=\"_blank\" rel=\"noopener\">Avis de consultation N\u00b0 07\/USTHB\/FGMGP\/2025, relative \u00e0 l&#8217;acquisition\u00a0de mat\u00e9riel scientifique, dans le cadre de projet PNR.<\/a><\/li>\n<li><a href=\"http:\/\/fgmgp.usthb.dz\/wp-content\/uploads\/2025\/06\/Avis-dattribution-provisoire-consultation-N\u00b004-1_rotated.pdf\" target=\"_blank\" rel=\"noopener\">Avis d&#8217;attribution provisoire consultation N\u00b0 04\/USTHB\/FGMGP\/2025, relative \u00e0 l&#8217;acquisition de diverses\u00a0quincailleries.\u00a0<\/a><\/li>\n<li>\n<div><a href=\"http:\/\/fgmgp.usthb.dz\/wp-content\/uploads\/2025\/06\/Avis-dattribution-Provisoire-consultation-N\u00b006.pdf\" target=\"_blank\" rel=\"noopener\">Avis d&#8217;attribution provisoire consultation N\u00b0 06\/USTHB\/FGMGP\/2025, relative \u00e0 l&#8217;acquisition\u00a0de diverses fournitures et consommables pour la r\u00e9alisation des projets d&#8217;innovation.<\/a><\/div>\n<\/li>\n<li><a href=\"http:\/\/fgmgp.usthb.dz\/wp-content\/uploads\/2025\/06\/Avis-dattribution-definitif-05.pdf\" target=\"_blank\" rel=\"noopener\">Avis d&#8217;attribution d\u00e9finitif consultation N\u00b0 05\/USTHB\/FGMGP\/2025, relative \u00e0 l&#8217;installation des supports des climatiseurs.<\/a><\/li>\n<li><a href=\"http:\/\/fgmgp.usthb.dz\/wp-content\/uploads\/2025\/06\/Avis-dannulation-04.pdf\" target=\"_blank\" rel=\"noopener\">Avis d&#8217;annulation d&#8217;attribution provisoire de la consultation N\u00b0 04\/USTHB\/FGMGP\/2025, ayant pour objet l&#8217;acquisition de diverses quincailleries que l&#8217;attribution provisoire pr\u00e9c\u00e9demment\u00a0prononc\u00e9e est annul\u00e9e.<\/a><\/li>\n<li><a href=\"http:\/\/fgmgp.usthb.dz\/wp-content\/uploads\/2025\/06\/Avis-de-consultation-06.pdf\" target=\"_blank\" rel=\"noopener\">Avis de consultation N\u00b0 06\/USTHB\/FGMGP\/2025, relative \u00e0 l&#8217;acquisition de diverses fournitures et consommables pour la r\u00e9alisation\u00a0 des projets d&#8217;innovation,\u00a0au profit de l&#8217;USTHB.<\/a><\/li>\n<li>\n<div><a href=\"http:\/\/fgmgp.usthb.dz\/wp-content\/uploads\/2025\/06\/Avis-dattribution-03.pdf\" target=\"_blank\" rel=\"noopener\">\u00a0Avis d&#8217;attribution d\u00e9finitif consultation N\u00b0 03\/USTHB\/FGMGP\/2025, relative \u00e0 l&#8217;acquisition de fournitures et consommables pour les projets d&#8217;innovation.<\/a><\/div>\n<p><a href=\"http:\/\/fgmgp.usthb.dz\/wp-content\/uploads\/2025\/06\/Avis-dattribution-02.pdf\" target=\"_blank\" rel=\"noopener\">Avis d&#8217;attribution d\u00e9finitif consultation N\u00b0 02\/USTHB\/FGMGP\/2025, relative \u00e0 l&#8217;acquisition et l&#8217;installation des cam\u00e9ras de surveillance.<\/a><\/p>\n<\/li>\n<li>\n<div><a href=\"http:\/\/fgmgp.usthb.dz\/wp-content\/uploads\/2025\/06\/Avis-dattribution-01.pdf\" target=\"_blank\" rel=\"noopener\">Avis d&#8217;attribution d\u00e9finitif consultation N\u00b0 01\/USTHB\/FGMGP\/2025, relative \u00e0 l&#8217;acquisition de diverses fournitures et consommables destin\u00e9s \u00e0 la r\u00e9alisation des projets startup.<\/a><\/div>\n<\/li>\n<li><a href=\"http:\/\/fgmgp.usthb.dz\/wp-content\/uploads\/2025\/05\/avis-de-consultation-3.pdf\" target=\"_blank\" rel=\"noopener\">Avis d&#8217;attribution provisoire consultation N\u00b0 03\/USTHB\/FGMGP\/2025, relative \u00e0 l&#8217;acquisition de fournitures et consommables pour les projets d&#8217;innovation.<\/a><\/li>\n<li>\n<div><a href=\"http:\/\/fgmgp.usthb.dz\/wp-content\/uploads\/2025\/05\/Avis-dinfructuosite-de-la-consultation-N\u00b0-03.pdf\" target=\"_blank\" rel=\"noopener\">Avis d&#8217;infructuosit\u00e9 de la consultation N\u00b0 03\/USTHB\/FGMGP\/2025, relative \u00e0 l&#8217;acquisition de diverses fournitures et consommables pour la r\u00e9alisation des projets start-up.\u00a0<\/a><\/div>\n<\/li>\n<li><a href=\"http:\/\/fgmgp.usthb.dz\/wp-content\/uploads\/2025\/05\/avis-dattribution-5.pdf\" target=\"_blank\" rel=\"noopener\">\u00a0Avis d\u2019attribution provisoire Consultation N\u00b0 \u00a0N\u00b005\/USTHB\/FGMGP\/2025.<\/a><\/li>\n<li><a href=\"http:\/\/fgmgp.usthb.dz\/wp-content\/uploads\/2025\/05\/avis-d-att4.pdf\" target=\"_blank\" rel=\"noopener\">\u00a0Avis d\u2019attribution provisoire Consultation N\u00b0 \u00a0N\u00b004\/USTHB\/FGMGP\/2025; relative \u00e0 l&#8217;acquisition de d\u00e9verses quincaillerie au profil de la facult\u00e9.<\/a><\/li>\n<li><a href=\"http:\/\/fgmgp.usthb.dz\/wp-content\/uploads\/2025\/05\/Fichier0001-1.pdf\">La facult\u00e9 de G\u00e9nie M\u00e9canique et de G\u00e9nie des Proc\u00e9d\u00e9s (GM\/GP) lance la consultation N \u00b0O 5\/U ST H B\/F G M G P\/202 5 ; en vue de fourniture et pose des supports de climatiseur au profil du bloc de la facult\u00e9.<\/a><\/li>\n<li><a href=\"http:\/\/fgmgp.usthb.dz\/wp-content\/uploads\/2025\/05\/Fichier-1.pdf\">\u00a0Avis de Consultation N \u00b0O4\/U ST H B\/F G M G P\/2025 ; relative \u00e0 l&#8217;acquisition de d\u00e9verses quincaillerie au profil de la facult\u00e9.<\/a><\/li>\n<li><a href=\"http:\/\/fgmgp.usthb.dz\/wp-content\/uploads\/2025\/05\/avis-d-attr02USTHBFGMGP2025_compressed.pdf\">\u00a0Avis d\u2019attribution provisoire Consultation N\u00b0 02\/USTHB\/FGMGP\/2025;\u00a0relative \u00e0 l\u2019acquisition et installation des cam\u00e9ras de surveillance.<\/a><\/li>\n<li><a href=\"https:\/\/fgmgp.usthb.dz\/index.php\/avis-de-consultation-n03-usthb-fgmgp-2025\/\">Avis de Consultation N\u00b003\/USTHB\/FGMGP\/2025;relative \u00e0 l\u2019acquisition de diverses fournitures et consommables pour la r\u00e9alisation des projets d\u2019innovation.<\/a><\/li>\n<li><a href=\"http:\/\/fgmgp.usthb.dz\/wp-content\/uploads\/2025\/04\/avis-dattribution-2.pdf\">Avis d&#8217;attribution provisoire consultation N\u00b001\/FGMGP\/2025-Lot 04.<\/a><\/li>\n<li><a href=\"http:\/\/fgmgp.usthb.dz\/wp-content\/uploads\/2025\/04\/avis-dinfructuosite.pdf\">Avis d&#8217;infructuosit\u00e9 de la Consultation N\u00b001\/USTHB\/FGMGP\/2025;Lot 01 et Lot 02 et Lot 03.<\/a><\/li>\n<li><a href=\"https:\/\/fgmgp.usthb.dz\/index.php\/avis-de-consultation-n02-usthb-fgmgp-2025\/\" data-type=\"page\" data-id=\"2480\">Avis de consultation N\u00b002\/USTHB\/FGMGP\/2025;relative \u00e0 l&#8217;acquisition et installation des cam\u00e9ras de surveillance.<\/a><\/li>\n<li><a href=\"https:\/\/fgmgp.usthb.dz\/index.php\/avis-de-consultation-n01-usthb-fgmgp-2025\/\" data-type=\"page\" data-id=\"2480\">Avis de consultation N\u00b001\/USTHB\/FGMGP\/2025,relative \u00e0 l&#8217;acquisition de diverses fournitures et consommables.<\/a><\/li>\n<li><a href=\"\/index.php\/consultation-01-gmgp-2024\/\">Consultation N\u00b0 01\/GMGP\/2024, pour la prestation de restauration.<\/a><\/li>\n<li><a href=\"https:\/\/fgmgp.usthb.dz\/index.php\/avis-de-consultation-n08-fgmgp-2024\/\" target=\"_blank\" rel=\"noreferrer noopener\" data-type=\"URL\">Consultation N\u00b008\/FGMGP\/2024,pour l&#8217;acquisition de mat\u00e9riel, fourniture et consommable scientifique.<\/a><\/li>\n<\/ul>\n<\/li>\n<\/ul>\n<\/li>\n<\/ul>\n<\/div>\n\n\n\n<p><\/p>\n","protected":false},"excerpt":{"rendered":"<p>\u00a0Avis d&#8217;attribution provisoire consultation N\u00b0 14\/USTHB\/FGMGP\/2025, relative \u00e0 l&#8217;acquisition de mobilier de bureau. \u00a0Avis de consultation N\u00b0 14\/USTHB\/FGMGP\/2025, relative \u00e0 <span class=\"readmore\"><a href=\"https:\/\/fgmgp.usthb.dz\/index.php\/actualites\/\">Suite<\/a><\/span><\/p>\n","protected":false},"author":1,"featured_media":549,"parent":0,"menu_order":0,"comment_status":"closed","ping_status":"closed","template":"","meta":{"footnotes":""},"class_list":["post-132","page","type-page","status-publish","has-post-thumbnail","hentry"],"_links":{"self":[{"href":"https:\/\/fgmgp.usthb.dz\/index.php\/wp-json\/wp\/v2\/pages\/132","targetHints":{"allow":["GET"]}}],"collection":[{"href":"https:\/\/fgmgp.usthb.dz\/index.php\/wp-json\/wp\/v2\/pages"}],"about":[{"href":"https:\/\/fgmgp.usthb.dz\/index.php\/wp-json\/wp\/v2\/types\/page"}],"author":[{"embeddable":true,"href":"https:\/\/fgmgp.usthb.dz\/index.php\/wp-json\/wp\/v2\/users\/1"}],"replies":[{"embeddable":true,"href":"https:\/\/fgmgp.usthb.dz\/index.php\/wp-json\/wp\/v2\/comments?post=132"}],"version-history":[{"count":139,"href":"https:\/\/fgmgp.usthb.dz\/index.php\/wp-json\/wp\/v2\/pages\/132\/revisions"}],"predecessor-version":[{"id":3180,"href":"https:\/\/fgmgp.usthb.dz\/index.php\/wp-json\/wp\/v2\/pages\/132\/revisions\/3180"}],"wp:featuredmedia":[{"embeddable":true,"href":"https:\/\/fgmgp.usthb.dz\/index.php\/wp-json\/wp\/v2\/media\/549"}],"wp:attachment":[{"href":"https:\/\/fgmgp.usthb.dz\/index.php\/wp-json\/wp\/v2\/media?parent=132"}],"curies":[{"name":"wp","href":"https:\/\/api.w.org\/{rel}","templated":true}]}}