{"id":1342,"date":"2023-02-08T17:54:27","date_gmt":"2023-02-08T17:54:27","guid":{"rendered":"https:\/\/fgmgp.usthb.dz\/?page_id=1342"},"modified":"2023-02-09T08:45:24","modified_gmt":"2023-02-09T08:45:24","slug":"progres-portail-etudiant","status":"publish","type":"page","link":"https:\/\/fgmgp.usthb.dz\/index.php\/progres-portail-etudiant\/","title":{"rendered":"PROGRES &#8211; Portail Etudiant"},"content":{"rendered":"\n<div class=\"wp-block-group\"><div class=\"wp-block-group__inner-container is-layout-flow wp-block-group-is-layout-flow\">\n<h3 class=\"wp-block-heading\">Portail Etudiant : webetu version Android<\/h3>\n\n\n\n<div class=\"wp-block-group\"><div class=\"wp-block-group__inner-container is-layout-flow wp-block-group-is-layout-flow\">\n<div class=\"wp-block-columns is-layout-flex wp-container-core-columns-is-layout-9d6595d7 wp-block-columns-is-layout-flex\">\n<div class=\"wp-block-column is-layout-flow wp-block-column-is-layout-flow\" style=\"flex-basis:66.66%\">\n<p> Nous informons les \u00e9tudiants de la\u00a0<strong>facult\u00e9 G\u00e9nie M\u00e9canique et G\u00e9nie des proc\u00e9d\u00e9s <\/strong>que le Minist\u00e8re de l&#8217;Enseignement Sup\u00e9rieur et de la Recherche Scientifique a mis \u00e0 leur disposition une application Android (version test) d\u2019acc\u00e8s \u00e0 la plateforme PROGRES pour consulter : <\/p>\n\n\n\n<ul class=\"wp-block-list\"><li><img decoding=\"async\" src=\"http:\/\/www.univ-bejaia.dz\/images\/bullets.gif\" alt=\"\">&nbsp;Les inscriptions.<\/li><li>Le planning des examens.<\/li><li>Les notes des contr\u00f4les continus et des examens.<\/li><li>Les relev\u00e9s de notes.<\/li><li>Les notes des mati\u00e8res en dettes.<\/li><li>Les coefficients d\u2019\u00e9valuation.<\/li><li>&#8230;&#8230;..<\/li><\/ul>\n\n\n\n<p>L\u2019application sera g\u00e9n\u00e9ralis\u00e9e \u00e0 tous les \u00e9tudiants de GMGP dans les prochains jours.&nbsp;<\/p>\n\n\n\n<p class=\"has-text-align-center\"><strong><a rel=\"noreferrer noopener\" href=\"https:\/\/drive.google.com\/file\/d\/19zkigw51lSpnjt91KZjHBKNL6FY2vl4z\/view\" target=\"_blank\">Cliquez-ici pour t\u00e9l\u00e9charger l\u2019application<\/a><\/strong><\/p>\n\n\n\n<div class=\"wp-block-group\"><div class=\"wp-block-group__inner-container is-layout-flow wp-block-group-is-layout-flow\">\n<h4 class=\"wp-block-heading\"><strong>L\u2019acc\u00e8s \u00e0 l\u2019application<\/strong>&nbsp;: <\/h4>\n\n\n\n<ul class=\"wp-block-list\"><li> <strong><em>Nom d\u2019utilisateur<\/em><\/strong>  : vous mettez votre matricule (ex: 201912345678)<\/li><li><em><strong>Mot de passe<\/strong><\/em>  : vous mettez votre date de naissance sans les s\u00e9parateurs (ex: 01012001)<\/li><\/ul>\n<\/div><\/div>\n<\/div>\n\n\n\n<div class=\"wp-block-column is-layout-flow wp-block-column-is-layout-flow\" style=\"flex-basis:33.33%\">\n<figure class=\"wp-block-image size-full\"><img loading=\"lazy\" decoding=\"async\" width=\"269\" height=\"597\" src=\"http:\/\/fgmgp.usthb.dz\/wp-content\/uploads\/2023\/02\/webetu2.png\" alt=\"\" class=\"wp-image-1346\" srcset=\"https:\/\/fgmgp.usthb.dz\/wp-content\/uploads\/2023\/02\/webetu2.png 269w, https:\/\/fgmgp.usthb.dz\/wp-content\/uploads\/2023\/02\/webetu2-135x300.png 135w\" sizes=\"auto, (max-width: 269px) 100vw, 269px\" \/><\/figure>\n<\/div>\n<\/div>\n<\/div><\/div>\n\n\n\n<p class=\"has-white-color has-text-color has-background\" style=\"background-color:#268cc0\">NB : si vous rencontrez des difficult\u00e9s pour y acc\u00e9der, rapprochez vous du bureau de vice-d\u00e9canat de la facult\u00e9 GMGP<\/p>\n<\/div><\/div>\n\n\n\n<p><\/p>\n","protected":false},"excerpt":{"rendered":"<p>Portail Etudiant : webetu version Android Nous informons les \u00e9tudiants de la\u00a0facult\u00e9 G\u00e9nie M\u00e9canique et G\u00e9nie des proc\u00e9d\u00e9s que le <span class=\"readmore\"><a href=\"https:\/\/fgmgp.usthb.dz\/index.php\/progres-portail-etudiant\/\">Suite<\/a><\/span><\/p>\n","protected":false},"author":1,"featured_media":1364,"parent":0,"menu_order":0,"comment_status":"closed","ping_status":"closed","template":"","meta":{"footnotes":""},"class_list":["post-1342","page","type-page","status-publish","has-post-thumbnail","hentry"],"_links":{"self":[{"href":"https:\/\/fgmgp.usthb.dz\/index.php\/wp-json\/wp\/v2\/pages\/1342","targetHints":{"allow":["GET"]}}],"collection":[{"href":"https:\/\/fgmgp.usthb.dz\/index.php\/wp-json\/wp\/v2\/pages"}],"about":[{"href":"https:\/\/fgmgp.usthb.dz\/index.php\/wp-json\/wp\/v2\/types\/page"}],"author":[{"embeddable":true,"href":"https:\/\/fgmgp.usthb.dz\/index.php\/wp-json\/wp\/v2\/users\/1"}],"replies":[{"embeddable":true,"href":"https:\/\/fgmgp.usthb.dz\/index.php\/wp-json\/wp\/v2\/comments?post=1342"}],"version-history":[{"count":11,"href":"https:\/\/fgmgp.usthb.dz\/index.php\/wp-json\/wp\/v2\/pages\/1342\/revisions"}],"predecessor-version":[{"id":1367,"href":"https:\/\/fgmgp.usthb.dz\/index.php\/wp-json\/wp\/v2\/pages\/1342\/revisions\/1367"}],"wp:featuredmedia":[{"embeddable":true,"href":"https:\/\/fgmgp.usthb.dz\/index.php\/wp-json\/wp\/v2\/media\/1364"}],"wp:attachment":[{"href":"https:\/\/fgmgp.usthb.dz\/index.php\/wp-json\/wp\/v2\/media?parent=1342"}],"curies":[{"name":"wp","href":"https:\/\/api.w.org\/{rel}","templated":true}]}}