{"id":1376,"date":"2023-03-01T10:49:22","date_gmt":"2023-03-01T10:49:22","guid":{"rendered":"https:\/\/fgmgp.usthb.dz\/?page_id=1376"},"modified":"2023-03-09T08:37:24","modified_gmt":"2023-03-09T08:37:24","slug":"service-securite-au-sein-de-la-faculte-gmgp","status":"publish","type":"page","link":"https:\/\/fgmgp.usthb.dz\/index.php\/service-securite-au-sein-de-la-faculte-gmgp\/","title":{"rendered":"Service s\u00e9curit\u00e9 au sein de la facult\u00e9 GM&#038;GP"},"content":{"rendered":"\n<div class=\"wp-block-group\"><div class=\"wp-block-group__inner-container is-layout-flow wp-block-group-is-layout-flow\">\n<h3 class=\"wp-block-heading\">Service de s\u00e9curit\u00e9 pour la facult\u00e9 GM&amp;GP : <\/h3>\n\n\n\n<p>Le service de s\u00e9curit\u00e9 a \u00e9t\u00e9 accorder de fa\u00e7on provisoire pour la soci\u00e9t\u00e9 cit\u00e9e dans le tableau ci-apr\u00e8s avec le d\u00e9tails de la proposition &#8212; <a href=\"\/wp-content\/uploads\/2023\/03\/20230301_112744.pdf\" target=\"_blank\" rel=\"noreferrer noopener\">D\u00e9tail de la proposition<\/a> <\/p>\n<\/div><\/div>\n","protected":false},"excerpt":{"rendered":"<p>Service de s\u00e9curit\u00e9 pour la facult\u00e9 GM&amp;GP : Le service de s\u00e9curit\u00e9 a \u00e9t\u00e9 accorder de fa\u00e7on provisoire pour la <span class=\"readmore\"><a href=\"https:\/\/fgmgp.usthb.dz\/index.php\/service-securite-au-sein-de-la-faculte-gmgp\/\">Suite<\/a><\/span><\/p>\n","protected":false},"author":1,"featured_media":0,"parent":0,"menu_order":0,"comment_status":"closed","ping_status":"closed","template":"","meta":{"footnotes":""},"class_list":["post-1376","page","type-page","status-publish","hentry"],"_links":{"self":[{"href":"https:\/\/fgmgp.usthb.dz\/index.php\/wp-json\/wp\/v2\/pages\/1376","targetHints":{"allow":["GET"]}}],"collection":[{"href":"https:\/\/fgmgp.usthb.dz\/index.php\/wp-json\/wp\/v2\/pages"}],"about":[{"href":"https:\/\/fgmgp.usthb.dz\/index.php\/wp-json\/wp\/v2\/types\/page"}],"author":[{"embeddable":true,"href":"https:\/\/fgmgp.usthb.dz\/index.php\/wp-json\/wp\/v2\/users\/1"}],"replies":[{"embeddable":true,"href":"https:\/\/fgmgp.usthb.dz\/index.php\/wp-json\/wp\/v2\/comments?post=1376"}],"version-history":[{"count":4,"href":"https:\/\/fgmgp.usthb.dz\/index.php\/wp-json\/wp\/v2\/pages\/1376\/revisions"}],"predecessor-version":[{"id":1546,"href":"https:\/\/fgmgp.usthb.dz\/index.php\/wp-json\/wp\/v2\/pages\/1376\/revisions\/1546"}],"wp:attachment":[{"href":"https:\/\/fgmgp.usthb.dz\/index.php\/wp-json\/wp\/v2\/media?parent=1376"}],"curies":[{"name":"wp","href":"https:\/\/api.w.org\/{rel}","templated":true}]}}