{"id":141,"date":"2022-02-22T09:58:26","date_gmt":"2022-02-22T09:58:26","guid":{"rendered":"http:\/\/193.194.89.196\/?page_id=141"},"modified":"2023-10-01T12:15:58","modified_gmt":"2023-10-01T12:15:58","slug":"rentree-universitaire","status":"publish","type":"page","link":"https:\/\/fgmgp.usthb.dz\/index.php\/rentree-universitaire\/","title":{"rendered":"Rentr\u00e9e Universitaire"},"content":{"rendered":"\n<div class=\"wp-block-group\"><div class=\"wp-block-group__inner-container is-layout-flow wp-block-group-is-layout-flow\">\n<h3 class=\"wp-block-heading\">Liste des \u00e9tudiants inscrit en L2 G\u00e9nie des Proc\u00e9d\u00e9s pour 2023\/2024<\/h3>\n\n\n\n<p><a rel=\"noreferrer noopener\" href=\"\/wp-content\/uploads\/2023\/09\/l2_gp_23_24.pdf\" target=\"_blank\">Cliquez-ici<\/a> pour visualiser la liste des \u00e9tudiants en L2 G\u00e9nie des Proc\u00e9d\u00e9s 2023-2024<\/p>\n<\/div><\/div>\n\n\n\n<div class=\"wp-block-group\"><div class=\"wp-block-group__inner-container is-layout-flow wp-block-group-is-layout-flow\">\n<h3 class=\"wp-block-heading\"> Liste des \u00e9tudiants inscrit en L3 G\u00e9nie des Proc\u00e9d\u00e9s pour 2023\/2024 <\/h3>\n\n\n\n<p> <a rel=\"noreferrer noopener\" href=\"\/wp-content\/uploads\/2023\/10\/Liste-L3-GP-2023-24.pdf\" target=\"_blank\">Cliquez<\/a><a href=\"\/wp-content\/uploads\/2023\/10\/Liste-L3-GP-2023-24.pdf\" target=\"_blank\" rel=\"noreferrer noopener\">&#8211;<\/a><a rel=\"noreferrer noopener\" href=\"\/wp-content\/uploads\/2023\/10\/Liste-L3-GP-2023-24.pdf\" target=\"_blank\">ici<\/a> pour visualiser la liste des \u00e9tudiants en L3 G\u00e9nie des Proc\u00e9d\u00e9s 2023-2024 <\/p>\n\n\n\n<p class=\"has-text-align-center has-white-color has-blue-background-color has-text-color has-background has-normal-font-size\">La liste des L3 GP a \u00e9t\u00e9 mis a jour le 01\/10\/2023 \u00e0 10h30<\/p>\n<\/div><\/div>\n\n\n\n<div class=\"wp-block-group\"><div class=\"wp-block-group__inner-container is-layout-flow wp-block-group-is-layout-flow\">\n<h3 class=\"wp-block-heading\">Liste des nouveaux \u00e9tudiants inscrit en MASTER du d\u00e9partement CMP pour 2023\/2024<\/h3>\n\n\n\n<p><a rel=\"noreferrer noopener\" href=\"\/wp-content\/uploads\/2023\/09\/Orientation_L3CM.pdf\" target=\"_blank\">Cliquez-ici<\/a> pour visualiser la liste des etudiants en MASTER 1 du p\u00e9partement CMP 2023-2024<\/p>\n<\/div><\/div>\n\n\n\n<div class=\"wp-block-group\"><div class=\"wp-block-group__inner-container is-layout-flow wp-block-group-is-layout-flow\">\n<h3 class=\"wp-block-heading\">Liste des nouveaux \u00e9tudiants inscrit en MASTER 1 G\u00e9nie des proc\u00e9d\u00e9s section pour 2023\/2024<\/h3>\n\n\n\n<p><a rel=\"noreferrer noopener\" href=\"\/wp-content\/uploads\/2023\/09\/Orientation-M1_GCC.pdf\" target=\"_blank\">Cliquez-ici<\/a> pour visualiser la liste des  etudiants en MASTER en G\u00e9nie des proc\u00e9d\u00e9s 2023-2024<\/p>\n<\/div><\/div>\n\n\n\n<div class=\"wp-block-group\"><div class=\"wp-block-group__inner-container is-layout-flow wp-block-group-is-layout-flow\">\n<h3 class=\"wp-block-heading\">Liste des nouveaux \u00e9tudiants inscrit en MASTER du d\u00e9partement TE pour 2023\/2024<\/h3>\n\n\n\n<p><a rel=\"noreferrer noopener\" href=\"\/wp-content\/uploads\/2023\/09\/Orientation-Master-2023-2024-Fichier-Global.pdf\" target=\"_blank\">Cliquez-ici<\/a> pour visualiser la liste des  etudiants en MASTER 1 du d\u00e9partement TE pour  2023-2024<\/p>\n<\/div><\/div>\n\n\n\n<div class=\"wp-block-group\"><div class=\"wp-block-group__inner-container is-layout-flow wp-block-group-is-layout-flow\">\n<h3 class=\"wp-block-heading\">Liste des nouveaux \u00e9tudiants inscrit en 1<sup>er<\/sup> ann\u00e9e ing\u00e9nieur G\u00e9nie M\u00e9canique pour 2023\/2024<\/h3>\n\n\n\n<p><a rel=\"noreferrer noopener\" href=\"\/wp-content\/uploads\/2023\/10\/Liste_par_groupes_Ing_GM_25_09_2023.pdf\" target=\"_blank\">Cliquez-ici<\/a> pour visualiser la liste des  etudiants en 1<sup>er<\/sup> ann\u00e9e ing\u00e9nieur G\u00e9nie M\u00e9canique pour  2023-2024<\/p>\n<\/div><\/div>\n\n\n\n<div class=\"wp-block-group\"><div class=\"wp-block-group__inner-container is-layout-flow wp-block-group-is-layout-flow\">\n<h3 class=\"wp-block-heading\">Liste des nouveaux \u00e9tudiants inscrit en 1<sup>er<\/sup> ann\u00e9e ing\u00e9nieur G\u00e9nie des Proc\u00e9d\u00e9s pour 2023\/2024<\/h3>\n\n\n\n<p><a href=\"\/wp-content\/uploads\/2023\/10\/Liste-GP-INGENIEUR-PREMIERE-ANNEE.pdf\" target=\"_blank\" rel=\"noreferrer noopener\">Cliquez-ici<\/a> pour visualiser la liste des  etudiants en 1<sup>er<\/sup> ann\u00e9e ing\u00e9nieur G\u00e9nie des Proc\u00e9d\u00e9s pour  2023-2024 <\/p>\n<\/div><\/div>\n","protected":false},"excerpt":{"rendered":"<p>Liste des \u00e9tudiants inscrit en L2 G\u00e9nie des Proc\u00e9d\u00e9s pour 2023\/2024 Cliquez-ici pour visualiser la liste des \u00e9tudiants en L2 <span class=\"readmore\"><a href=\"https:\/\/fgmgp.usthb.dz\/index.php\/rentree-universitaire\/\">Suite<\/a><\/span><\/p>\n","protected":false},"author":1,"featured_media":0,"parent":0,"menu_order":0,"comment_status":"closed","ping_status":"closed","template":"","meta":{"footnotes":""},"class_list":["post-141","page","type-page","status-publish","hentry"],"_links":{"self":[{"href":"https:\/\/fgmgp.usthb.dz\/index.php\/wp-json\/wp\/v2\/pages\/141","targetHints":{"allow":["GET"]}}],"collection":[{"href":"https:\/\/fgmgp.usthb.dz\/index.php\/wp-json\/wp\/v2\/pages"}],"about":[{"href":"https:\/\/fgmgp.usthb.dz\/index.php\/wp-json\/wp\/v2\/types\/page"}],"author":[{"embeddable":true,"href":"https:\/\/fgmgp.usthb.dz\/index.php\/wp-json\/wp\/v2\/users\/1"}],"replies":[{"embeddable":true,"href":"https:\/\/fgmgp.usthb.dz\/index.php\/wp-json\/wp\/v2\/comments?post=141"}],"version-history":[{"count":44,"href":"https:\/\/fgmgp.usthb.dz\/index.php\/wp-json\/wp\/v2\/pages\/141\/revisions"}],"predecessor-version":[{"id":1869,"href":"https:\/\/fgmgp.usthb.dz\/index.php\/wp-json\/wp\/v2\/pages\/141\/revisions\/1869"}],"wp:attachment":[{"href":"https:\/\/fgmgp.usthb.dz\/index.php\/wp-json\/wp\/v2\/media?parent=141"}],"curies":[{"name":"wp","href":"https:\/\/api.w.org\/{rel}","templated":true}]}}