{"id":1425,"date":"2023-03-09T09:17:49","date_gmt":"2023-03-09T09:17:49","guid":{"rendered":"https:\/\/fgmgp.usthb.dz\/?page_id=1425"},"modified":"2026-01-22T13:18:21","modified_gmt":"2026-01-22T13:18:21","slug":"offre-de-bourse","status":"publish","type":"page","link":"https:\/\/fgmgp.usthb.dz\/index.php\/offre-de-bourse\/","title":{"rendered":"Offre de bourse 2025-2026"},"content":{"rendered":"\n<div class=\"wp-block-group\"><div class=\"wp-block-group__inner-container is-layout-flow wp-block-group-is-layout-flow\">\n<h3 class=\"wp-block-heading\"><\/h3>\n\n\n\n<div class=\"wp-block-group\"><div class=\"wp-block-group__inner-container is-layout-flow wp-block-group-is-layout-flow\">\n<h4 class=\"wp-block-heading\"><\/h4>\n\n\n\n<p>L\u2019Universit\u00e9 de Pise (Italie) propose aux \u00e9tudiants de <strong>Master II du D\u00e9partement des Sciences des Mat\u00e9riaux (SDM)<\/strong> un <strong>stage de formation d\u2019une dur\u00e9e de quatre (04) mois<\/strong>.<br>Pour plus d\u2019informations, veuillez<a href=\"http:\/\/fgmgp.usthb.dz\/wp-content\/uploads\/2026\/01\/Offre-de-bourse_Master2_SDM.pdf\" target=\"_blank\" rel=\"noreferrer noopener\"> <strong>cliquer ici<\/strong><\/a> afin de t\u00e9l\u00e9charger la fiche descriptive de l\u2019offre.<\/p>\n<\/div><\/div>\n<\/div><\/div>\n\n\n\n<p><\/p>\n","protected":false},"excerpt":{"rendered":"<p>L\u2019Universit\u00e9 de Pise (Italie) propose aux \u00e9tudiants de Master II du D\u00e9partement des Sciences des Mat\u00e9riaux (SDM) un stage de <span class=\"readmore\"><a href=\"https:\/\/fgmgp.usthb.dz\/index.php\/offre-de-bourse\/\">Suite<\/a><\/span><\/p>\n","protected":false},"author":1,"featured_media":0,"parent":0,"menu_order":0,"comment_status":"closed","ping_status":"closed","template":"","meta":{"footnotes":""},"class_list":["post-1425","page","type-page","status-publish","hentry"],"_links":{"self":[{"href":"https:\/\/fgmgp.usthb.dz\/index.php\/wp-json\/wp\/v2\/pages\/1425","targetHints":{"allow":["GET"]}}],"collection":[{"href":"https:\/\/fgmgp.usthb.dz\/index.php\/wp-json\/wp\/v2\/pages"}],"about":[{"href":"https:\/\/fgmgp.usthb.dz\/index.php\/wp-json\/wp\/v2\/types\/page"}],"author":[{"embeddable":true,"href":"https:\/\/fgmgp.usthb.dz\/index.php\/wp-json\/wp\/v2\/users\/1"}],"replies":[{"embeddable":true,"href":"https:\/\/fgmgp.usthb.dz\/index.php\/wp-json\/wp\/v2\/comments?post=1425"}],"version-history":[{"count":4,"href":"https:\/\/fgmgp.usthb.dz\/index.php\/wp-json\/wp\/v2\/pages\/1425\/revisions"}],"predecessor-version":[{"id":3310,"href":"https:\/\/fgmgp.usthb.dz\/index.php\/wp-json\/wp\/v2\/pages\/1425\/revisions\/3310"}],"wp:attachment":[{"href":"https:\/\/fgmgp.usthb.dz\/index.php\/wp-json\/wp\/v2\/media?parent=1425"}],"curies":[{"name":"wp","href":"https:\/\/api.w.org\/{rel}","templated":true}]}}