{"id":147,"date":"2022-02-22T10:01:25","date_gmt":"2022-02-22T10:01:25","guid":{"rendered":"http:\/\/193.194.89.196\/?page_id=147"},"modified":"2026-04-09T12:15:35","modified_gmt":"2026-04-09T12:15:35","slug":"emplois-du-temps-2","status":"publish","type":"page","link":"https:\/\/fgmgp.usthb.dz\/index.php\/emplois-du-temps-2\/","title":{"rendered":"Les emplois du temps du deuxi\u00e8me semestre de l\u2019ann\u00e9e acad\u00e9mique 2025-2026"},"content":{"rendered":"\n<div class=\"wp-block-group\"><div class=\"wp-block-group__inner-container is-layout-flow wp-block-group-is-layout-flow\">\n<h3 class=\"wp-block-heading has-text-color has-background has-link-color wp-elements-ad9f15f96525c50999d8df1110cfc957\" style=\"color:#142106;background:linear-gradient(135deg,rgb(202,248,128) 0%,rgb(13,53,10) 52%,rgb(149,166,150) 62%,rgb(113,206,126) 100%)\">        <strong>Cycle Ing\u00e9nieur<\/strong><\/h3>\n\n\n\n<p class=\"has-text-color has-link-color has-normal-font-size wp-elements-b94110e59908654fdefee9fff0e876cd\" style=\"color:#966868\"><strong>    G\u00e9nie M\u00e9canique:<\/strong><\/p>\n\n\n\n<ul class=\"wp-block-list\">\n<li><a href=\"http:\/\/fgmgp.usthb.dz\/wp-content\/uploads\/2026\/02\/Schedules-of-1st-year-ING.GENIE-MECANIQUE-Section-A.pdf\" target=\"_blank\" rel=\"noreferrer noopener\">1<sup>er<\/sup> ann\u00e9e Ing\u00e9nieur G\u00e9nie M\u00e9canique section A<\/a><\/li>\n\n\n\n<li><a href=\"http:\/\/fgmgp.usthb.dz\/wp-content\/uploads\/2026\/02\/Schedules-of-1st-year-ING.GENIE-MECANIQUE-Section-B.pdf\" target=\"_blank\" rel=\"noreferrer noopener\">1<sup>er<\/sup> ann\u00e9e Ing\u00e9nieur G\u00e9nie M\u00e9canique section B<\/a><\/li>\n\n\n\n<li><a href=\"http:\/\/fgmgp.usthb.dz\/wp-content\/uploads\/2026\/02\/Schedules-of-2nd-year-ING.GENIE-MECANIQUE-Section-A.pdf\" target=\"_blank\" rel=\"noreferrer noopener\">2eme ann\u00e9e Ing\u00e9nieur G\u00e9nie M\u00e9canique section A<\/a><\/li>\n\n\n\n<li><a href=\"http:\/\/fgmgp.usthb.dz\/wp-content\/uploads\/2026\/02\/SCHEDULE-\u2013-3rd-YEAR-ENGINEER-Energetics-and-Maintenance.pdf\" target=\"_blank\" rel=\"noreferrer noopener\">3eme ann\u00e9e Ing\u00e9nieur<strong> <\/strong>\u00c9nerg\u00e9tique et Maintenance<\/a><\/li>\n<\/ul>\n\n\n\n<p class=\"has-text-color has-link-color wp-elements-7d5fcc29c484fda2cff7cddeb2ad0fe1\" style=\"color:#966868\"><strong>  G\u00e9nie des Proc\u00e9d\u00e9s:<\/strong><\/p>\n\n\n\n<ul class=\"wp-block-list\">\n<li>1\u02b3\u1d49 ann\u00e9e Ing\u00e9nieur G\u00e9nie des Proc\u00e9d\u00e9s (ING_GP) section A<\/li>\n\n\n\n<li>2\u1d49 ann\u00e9e Ing\u00e9nieur G\u00e9nie des Proc\u00e9d\u00e9s (GP) section A<\/li>\n\n\n\n<li>3\u1d49 ann\u00e9e Ing\u00e9nierie des Proc\u00e9d\u00e9s Chimiques section A<\/li>\n\n\n\n<li>3\u1d49 ann\u00e9e Ing\u00e9nieur Technologies de Traitement des Eaux Us\u00e9es et Exploitation (TTEE)<a href=\"http:\/\/fgmgp.usthb.dz\/wp-content\/uploads\/2026\/04\/emploi-du-temps-1ere-annee-ING_GP.pdf\" target=\"_blank\" rel=\"noreferrer noopener\"><br><\/a><\/li>\n<\/ul>\n\n\n\n<p class=\"has-text-color has-background has-link-color wp-elements-09a4cd79439d5de686bdc4d030a7dc4b\" style=\"color:#052d07;background:linear-gradient(135deg,rgb(202,248,128) 0%,rgb(150,104,104) 32%,rgb(113,206,126) 100%)\">    <strong>Licence<\/strong>&nbsp;<strong>Deuxi\u00e8me ann\u00e9e<\/strong><\/p>\n\n\n\n<p class=\"has-text-color has-link-color has-normal-font-size wp-elements-17b794a58ce400971d27138169e397db\" style=\"color:#966868\"><strong>  G\u00e9nie M\u00e9canique:<\/strong><\/p>\n\n\n\n<ul class=\"wp-block-list\">\n<li>In Progress\u2026<\/li>\n<\/ul>\n\n\n\n<p class=\"has-text-color has-link-color has-normal-font-size wp-elements-f8450b23abcf7fa2636f2c8ec4eb85c4\" style=\"color:#966868\"><strong>  G\u00e9nie des Proc\u00e9d\u00e9s:<\/strong><\/p>\n\n\n\n<ul class=\"wp-block-list\">\n<li>In Progress\u2026<\/li>\n<\/ul>\n\n\n\n<p class=\"has-text-color has-background has-link-color wp-elements-0c70cbf554ae7c0a8cc711a6da35590f\" style=\"color:#042c0e;background:linear-gradient(135deg,rgb(202,248,128) 0%,rgb(150,104,104) 47%,rgb(16,85,12) 79%,rgb(113,206,126) 100%)\">    <strong>Licence Troisi\u00e8me ann\u00e9e<\/strong><\/p>\n\n\n\n<p class=\"has-text-color has-link-color has-normal-font-size wp-elements-17b794a58ce400971d27138169e397db\" style=\"color:#966868\"><strong>  G\u00e9nie M\u00e9canique:<\/strong><\/p>\n\n\n\n<ul class=\"wp-block-list\">\n<li><a href=\"http:\/\/fgmgp.usthb.dz\/wp-content\/uploads\/2026\/02\/Schedules-of-3rd-year-LIC.GENIE-des-MATERIAUX.pdf\" data-type=\"link\" data-id=\"http:\/\/fgmgp.usthb.dz\/wp-content\/uploads\/2026\/02\/Schedules-of-3rd-year-LIC.GENIE-des-MATERIAUX.pdf\" target=\"_blank\" rel=\"noreferrer noopener\">3<sup>eme<\/sup> ann\u00e9e Licence G\u00e9nie des Mat\u00e9riaux section A<\/a><\/li>\n\n\n\n<li><a href=\"http:\/\/fgmgp.usthb.dz\/wp-content\/uploads\/2026\/02\/SCHEDULE-\u2013-3rd-YEAR-LICENSE-Energetics.pdf\" target=\"_blank\" rel=\"noreferrer noopener\">3<sup>eme<\/sup> ann\u00e9e Licence Energ\u00e9tique<\/a><\/li>\n<\/ul>\n\n\n\n<p class=\"has-text-color has-link-color has-normal-font-size wp-elements-bfd9cf2b028cf12fbf4395314b63e5ac\" style=\"color:#966868\">       <strong> G\u00e9nie des Proc\u00e9d\u00e9s:<\/strong><\/p>\n\n\n\n<ul class=\"wp-block-list\">\n<li>In Progress\u2026<\/li>\n<\/ul>\n\n\n\n<p class=\"has-background\" style=\"background:linear-gradient(135deg,rgb(202,248,128) 0%,rgb(113,206,126) 5%,rgb(148,150,104) 29%)\"><strong>Master 1 &amp;2<\/strong><\/p>\n\n\n\n<p class=\"has-text-color has-link-color has-normal-font-size wp-elements-201b53ccf680f2b70272ca319a58c619\" style=\"color:#966868\"><strong> G\u00e9nie M\u00e9canique:<\/strong><\/p>\n\n\n\n<ul class=\"wp-block-list\">\n<li><a href=\"http:\/\/fgmgp.usthb.dz\/wp-content\/uploads\/2026\/02\/SCHEDULE-\u2013-1st-YEAR-MASTER-Energetics.pdf\" target=\"_blank\" rel=\"noreferrer noopener\">1<sup>ere<\/sup> ann\u00e9e Master Energ\u00e9tiques<\/a><\/li>\n\n\n\n<li><a href=\"http:\/\/fgmgp.usthb.dz\/wp-content\/uploads\/2026\/02\/SCHEDULE-\u2013-1st-YEAR-MASTER-Energy-Installations-and-Turbomachinery.pdf\" target=\"_blank\" rel=\"noreferrer noopener\">1<sup>ere<\/sup> ann\u00e9e Master Installations \u00e9nerg\u00e9tiques et turbomachines<\/a><\/li>\n\n\n\n<li><a href=\"http:\/\/fgmgp.usthb.dz\/wp-content\/uploads\/2026\/02\/SCHEDULE-\u2013-1st-YEAR-MASTER-HVACR-Engineering.pdf\" target=\"_blank\" rel=\"noreferrer noopener\">1<sup>ere<\/sup> ann\u00e9e Master G\u00e9nie HVAC&amp;R<\/a><\/li>\n\n\n\n<li><a href=\"http:\/\/fgmgp.usthb.dz\/wp-content\/uploads\/2026\/02\/SCHEDULE-\u2013-1st-YEAR-MASTER-Renewable-Energies-in-Mechanics.pdf\" target=\"_blank\" rel=\"noreferrer noopener\">1<sup>ere<\/sup> ann\u00e9e Master \u00c9nergies renouvelables en m\u00e9canique<\/a><\/li>\n\n\n\n<li><a href=\"http:\/\/fgmgp.usthb.dz\/wp-content\/uploads\/2026\/02\/Master-1-ECM-Materials-expertise-and-control.pdf\" target=\"_blank\" rel=\"noreferrer noopener\">1<sup>ere<\/sup> ann\u00e9e Master ECM (Expertise et contr\u00f4le des mat\u00e9riaux)<\/a><\/li>\n\n\n\n<li><a href=\"http:\/\/fgmgp.usthb.dz\/wp-content\/uploads\/2026\/02\/Master-1-GM-Materials-Engineering.pdf\" target=\"_blank\" rel=\"noreferrer noopener\">1<sup>ere<\/sup> ann\u00e9e Master GM (G\u00e9nie des mat\u00e9riaux)<\/a><\/li>\n\n\n\n<li><a href=\"http:\/\/fgmgp.usthb.dz\/wp-content\/uploads\/2026\/02\/Master-1-IMS-ENGINEERING-OF-MATERIALS-AND-SURFACES.pdf\" target=\"_blank\" rel=\"noreferrer noopener\">1<sup>ere<\/sup> ann\u00e9e Master IMS (G\u00e9nie des mat\u00e9riaux et des surfaces)<\/a><\/li>\n\n\n\n<li><a href=\"http:\/\/fgmgp.usthb.dz\/wp-content\/uploads\/2026\/02\/Master-1-TMPF-Materials-Technology-and-Manufacturing-Processes.pdf\" target=\"_blank\" rel=\"noreferrer noopener\">1<sup>ere<\/sup> ann\u00e9e Master TMPF (Technologie des mat\u00e9riaux et proc\u00e9d\u00e9s de fabrication)<\/a><\/li>\n<\/ul>\n\n\n\n<p class=\"has-text-color has-link-color has-normal-font-size wp-elements-a8d4d5ce5adbed7249aaec67adb634c8\" style=\"color:#966868\"><strong> G\u00e9nie des Proc\u00e9d\u00e9s:<\/strong><\/p>\n\n\n\n<ul class=\"wp-block-list\">\n<li>In Progress\u2026<\/li>\n<\/ul>\n\n\n\n<p><\/p>\n\n\n\n<p><\/p>\n\n\n\n<p><\/p>\n<\/div><\/div>\n\n\n\n<p><\/p>\n","protected":false},"excerpt":{"rendered":"<p>Cycle Ing\u00e9nieur G\u00e9nie M\u00e9canique: G\u00e9nie des Proc\u00e9d\u00e9s: Licence&nbsp;Deuxi\u00e8me ann\u00e9e G\u00e9nie M\u00e9canique: G\u00e9nie des Proc\u00e9d\u00e9s: Licence Troisi\u00e8me ann\u00e9e G\u00e9nie M\u00e9canique: G\u00e9nie <span class=\"readmore\"><a href=\"https:\/\/fgmgp.usthb.dz\/index.php\/emplois-du-temps-2\/\">Suite<\/a><\/span><\/p>\n","protected":false},"author":1,"featured_media":2428,"parent":0,"menu_order":0,"comment_status":"closed","ping_status":"closed","template":"","meta":{"footnotes":""},"class_list":["post-147","page","type-page","status-publish","has-post-thumbnail","hentry"],"_links":{"self":[{"href":"https:\/\/fgmgp.usthb.dz\/index.php\/wp-json\/wp\/v2\/pages\/147","targetHints":{"allow":["GET"]}}],"collection":[{"href":"https:\/\/fgmgp.usthb.dz\/index.php\/wp-json\/wp\/v2\/pages"}],"about":[{"href":"https:\/\/fgmgp.usthb.dz\/index.php\/wp-json\/wp\/v2\/types\/page"}],"author":[{"embeddable":true,"href":"https:\/\/fgmgp.usthb.dz\/index.php\/wp-json\/wp\/v2\/users\/1"}],"replies":[{"embeddable":true,"href":"https:\/\/fgmgp.usthb.dz\/index.php\/wp-json\/wp\/v2\/comments?post=147"}],"version-history":[{"count":86,"href":"https:\/\/fgmgp.usthb.dz\/index.php\/wp-json\/wp\/v2\/pages\/147\/revisions"}],"predecessor-version":[{"id":3806,"href":"https:\/\/fgmgp.usthb.dz\/index.php\/wp-json\/wp\/v2\/pages\/147\/revisions\/3806"}],"wp:featuredmedia":[{"embeddable":true,"href":"https:\/\/fgmgp.usthb.dz\/index.php\/wp-json\/wp\/v2\/media\/2428"}],"wp:attachment":[{"href":"https:\/\/fgmgp.usthb.dz\/index.php\/wp-json\/wp\/v2\/media?parent=147"}],"curies":[{"name":"wp","href":"https:\/\/api.w.org\/{rel}","templated":true}]}}