{"id":1472,"date":"2023-04-17T10:53:50","date_gmt":"2023-04-17T10:53:50","guid":{"rendered":"https:\/\/fgmgp.usthb.dz\/?page_id=1472"},"modified":"2023-04-17T10:55:48","modified_gmt":"2023-04-17T10:55:48","slug":"avis-de-consultation-n-04-fgmgp-2023","status":"publish","type":"page","link":"https:\/\/fgmgp.usthb.dz\/index.php\/avis-de-consultation-n-04-fgmgp-2023\/","title":{"rendered":"Avis de consultation : N\u00b0 04\/FGMGP\/2023"},"content":{"rendered":"\n<div class=\"wp-block-group\"><div class=\"wp-block-group__inner-container is-layout-flow wp-block-group-is-layout-flow\">\n<p> La facult\u00e9 de G\u00e9nie M\u00e9canique et de G\u00e9nie des Proc\u00e8des (GM\/GP) lance une consultation, en vu de la r\u00e9alisation de diff\u00e9rents travaux d&#8217;entretien, et de r\u00e9paration au profit de diff\u00e9rents structure de notre <\/p>\n\n\n\n<p>Les entreprises int\u00e9ress\u00e9es par la pr\u00e9sente consultation peuvent retirer, gratuitement le cahier des charges des travaux, aupr\u00e8s du service des Moyens G\u00e9n\u00e9raux de la dite facult\u00e9.<\/p>\n\n\n\n<p>  Vous pouvez consulter le P.V de l&#8217;avis de consultation en <a href=\"\/wp-content\/uploads\/2023\/04\/consultation_04_2023.pdf\" data-type=\"page\" target=\"_blank\" rel=\"noreferrer noopener\">cliquant-ici<\/a>.  <\/p>\n<\/div><\/div>\n\n\n\n<p><\/p>\n","protected":false},"excerpt":{"rendered":"<p>La facult\u00e9 de G\u00e9nie M\u00e9canique et de G\u00e9nie des Proc\u00e8des (GM\/GP) lance une consultation, en vu de la r\u00e9alisation de <span class=\"readmore\"><a href=\"https:\/\/fgmgp.usthb.dz\/index.php\/avis-de-consultation-n-04-fgmgp-2023\/\">Suite<\/a><\/span><\/p>\n","protected":false},"author":1,"featured_media":0,"parent":0,"menu_order":0,"comment_status":"closed","ping_status":"closed","template":"","meta":{"footnotes":""},"class_list":["post-1472","page","type-page","status-publish","hentry"],"_links":{"self":[{"href":"https:\/\/fgmgp.usthb.dz\/index.php\/wp-json\/wp\/v2\/pages\/1472","targetHints":{"allow":["GET"]}}],"collection":[{"href":"https:\/\/fgmgp.usthb.dz\/index.php\/wp-json\/wp\/v2\/pages"}],"about":[{"href":"https:\/\/fgmgp.usthb.dz\/index.php\/wp-json\/wp\/v2\/types\/page"}],"author":[{"embeddable":true,"href":"https:\/\/fgmgp.usthb.dz\/index.php\/wp-json\/wp\/v2\/users\/1"}],"replies":[{"embeddable":true,"href":"https:\/\/fgmgp.usthb.dz\/index.php\/wp-json\/wp\/v2\/comments?post=1472"}],"version-history":[{"count":2,"href":"https:\/\/fgmgp.usthb.dz\/index.php\/wp-json\/wp\/v2\/pages\/1472\/revisions"}],"predecessor-version":[{"id":1478,"href":"https:\/\/fgmgp.usthb.dz\/index.php\/wp-json\/wp\/v2\/pages\/1472\/revisions\/1478"}],"wp:attachment":[{"href":"https:\/\/fgmgp.usthb.dz\/index.php\/wp-json\/wp\/v2\/media?parent=1472"}],"curies":[{"name":"wp","href":"https:\/\/api.w.org\/{rel}","templated":true}]}}