{"id":154,"date":"2022-02-22T13:24:12","date_gmt":"2022-02-22T13:24:12","guid":{"rendered":"http:\/\/193.194.89.196\/?page_id=154"},"modified":"2025-06-04T08:34:41","modified_gmt":"2025-06-04T08:34:41","slug":"offre-de-formation","status":"publish","type":"page","link":"https:\/\/fgmgp.usthb.dz\/index.php\/offre-de-formation\/","title":{"rendered":"Offre de formation"},"content":{"rendered":"\n<div class=\"wp-block-group\"><div class=\"wp-block-group__inner-container is-layout-flow wp-block-group-is-layout-flow\">\n<div class=\"wp-block-group\"><div class=\"wp-block-group__inner-container is-layout-flow wp-block-group-is-layout-flow\">\n<p> Les formations propos\u00e9es dans les disciplines de G\u00e9nie M\u00e9canique et G\u00e9nie des Proc\u00e9d\u00e9s sont&nbsp;: <\/p>\n\n\n\n<h3 class=\"wp-block-heading\"> Fili\u00e8re G\u00e9nie M\u00e9canique  :  <\/h3>\n\n\n\n<h4 class=\"wp-block-heading\">     departemednt Construction mecanique et productique<\/h4>\n\n\n\n<h5 class=\"wp-block-heading\">             <strong>Ing\u00e9niorat<\/strong><\/h5>\n\n\n\n<ul class=\"wp-block-list\">\n<li>Ing\u00e9nieur Conception des Syst\u00e8mes et des Structures M\u00e9caniques<\/li>\n<\/ul>\n\n\n\n<ul class=\"wp-block-list\">\n<li><a href=\"https:\/\/fgmgp.usthb.dz\/wp-content\/uploads\/2022\/03\/licence_cm.pdf\" target=\"_blank\" rel=\"noreferrer noopener\">Licence en Construction M\u00e9canique<\/a>.<\/li>\n<\/ul>\n\n\n\n<h5 class=\"wp-block-heading\">             Master  <\/h5>\n\n\n\n<ul class=\"wp-block-list\">\n<li><a href=\"\/wp-content\/uploads\/2022\/05\/Presentation-CM-2021-2022.pptx\" target=\"_blank\" rel=\"noreferrer noopener\">Master en Construction M\u00e9canique<\/a>.<\/li>\n\n\n\n<li><a href=\"\/wp-content\/uploads\/2022\/05\/Presentation-Master-Professionnalisant-IFM-2022-USTHB-FGMGP-DCMP..pdf\" target=\"_blank\" rel=\"noreferrer noopener\">Master en Fabrication M\u00e9canique et productique.<\/a><\/li>\n\n\n\n<li><a href=\"\/wp-content\/uploads\/2022\/05\/SM-Weld-Presentation-du-Master-IngS.pdf\" target=\"_blank\" rel=\"noreferrer noopener\">Master en Ing\u00e9nierie du Soudage.<\/a><\/li>\n\n\n\n<li><a href=\"\/wp-content\/uploads\/2022\/05\/Master-2MI.pptx\" target=\"_blank\" rel=\"noreferrer noopener\">Master en Management &amp; ing\u00e9nierie de maintenance industrielle.<\/a><\/li>\n\n\n\n<li><a href=\"\/wp-content\/uploads\/2022\/05\/Presentation-du-Master-Ingenierie-de-la-Maintenance.pptx\" target=\"_blank\" rel=\"noreferrer noopener\">Master en Ing\u00e9nierie de maintenance.<\/a><\/li>\n<\/ul>\n\n\n\n<h4 class=\"wp-block-heading\">     Departemednt Science des mateeriaux <\/h4>\n\n\n\n<h5 class=\"wp-block-heading\">             Licence <\/h5>\n\n\n\n<ul class=\"wp-block-list\">\n<li><a href=\"https:\/\/fgmgp.usthb.dz\/wp-content\/uploads\/2022\/03\/licence_gm.pdf\" target=\"_blank\" rel=\"noreferrer noopener\">Licence en G\u00e9nie des Mat\u00e9riaux<\/a>.<\/li>\n<\/ul>\n\n\n\n<h5 class=\"wp-block-heading\">             Master<\/h5>\n\n\n\n<ul class=\"wp-block-list\">\n<li><a href=\"\/wp-content\/uploads\/2022\/03\/master_gm.pdf\" target=\"_blank\" rel=\"noreferrer noopener\">Master en G\u00e9nie des Mat\u00e9riaux<\/a>.<\/li>\n\n\n\n<li><a href=\"\/wp-content\/uploads\/2022\/03\/IMS.pdf\" target=\"_blank\" rel=\"noreferrer noopener\">Master en Ing\u00e9nierie des Mat\u00e9riaux et des Surfaces<\/a>.<\/li>\n\n\n\n<li><a href=\"\/wp-content\/uploads\/2022\/03\/TMPF.pdf\" target=\"_blank\" rel=\"noreferrer noopener\">Master en Technologie des Mat\u00e9riaux et Proc\u00e9d\u00e9s de Fabrication<\/a>.<\/li>\n\n\n\n<li><a href=\"\/wp-content\/uploads\/2022\/06\/OffreMasterECM-USTHB2017-2018.pdf\" target=\"_blank\" rel=\"noreferrer noopener\">Master en Expertise et Contr\u00f4le des Mat\u00e9riaux.<\/a><\/li>\n<\/ul>\n\n\n\n<h4 class=\"wp-block-heading\">     Departemednt thermo-energetique<\/h4>\n\n\n\n<h5 class=\"wp-block-heading\">             Licence <\/h5>\n\n\n\n<ul class=\"wp-block-list\">\n<li><a href=\"\/wp-content\/uploads\/2022\/03\/Licence-En.pdf\" target=\"_blank\" rel=\"noreferrer noopener\">Licence en Energ\u00e9tique<\/a><\/li>\n<\/ul>\n\n\n\n<h5 class=\"wp-block-heading\">             Master<\/h5>\n\n\n\n<ul class=\"wp-block-list\">\n<li><a href=\"\/wp-content\/uploads\/2022\/03\/ERM.pdf\" target=\"_blank\" rel=\"noreferrer noopener\">Master en Energies renouvelable en m\u00e9canique<\/a>.<\/li>\n\n\n\n<li><a href=\"\/wp-content\/uploads\/2022\/03\/GC.pdf\" target=\"_blank\" rel=\"noreferrer noopener\">Master en G\u00e9nie climatique.<\/a><\/li>\n\n\n\n<li><a href=\"\/wp-content\/uploads\/2022\/03\/IET.pdf\" target=\"_blank\" rel=\"noreferrer noopener\">Master en Installations \u00e9nerg\u00e9tique &amp; turbomachines<\/a>.<\/li>\n\n\n\n<li><a href=\"\/wp-content\/uploads\/2022\/03\/ME.pdf\" target=\"_blank\" rel=\"noreferrer noopener\">Master en M\u00e9canique \u00e9nerg\u00e9tique<\/a>.<\/li>\n<\/ul>\n\n\n\n<h3 class=\"wp-block-heading\"> Fili\u00e8re G\u00e9nie des proc\u00e8des :  <\/h3>\n\n\n\n<h5 class=\"wp-block-heading\">             Licence <\/h5>\n\n\n\n<ul class=\"wp-block-list\">\n<li><a href=\"\/wp-content\/uploads\/2022\/05\/Licence-Genie-des-procedes-1.pdf\" target=\"_blank\" rel=\"noreferrer noopener\">Licence en G\u00e9nie des Proc\u00e9d\u00e9s<\/a>.<\/li>\n<\/ul>\n\n\n\n<h4 class=\"wp-block-heading\">     Departement genie chimique et cryogenie<\/h4>\n\n\n\n<h5 class=\"wp-block-heading\">             Master<\/h5>\n\n\n\n<ul class=\"wp-block-list\">\n<li><a href=\"\/wp-content\/uploads\/2022\/03\/master_gpc.pdf\" target=\"_blank\" rel=\"noreferrer noopener\">Master en G\u00e9nie des proc\u00e9d\u00e9s Cryog\u00e9niques.<\/a><\/li>\n\n\n\n<li><a href=\"\/wp-content\/uploads\/2022\/03\/master_gc-1.pdf\" target=\"_blank\" rel=\"noreferrer noopener\">Master en G\u00e9nie Chimique.<\/a><\/li>\n\n\n\n<li><a href=\"\/wp-content\/uploads\/2022\/03\/master_gp.pdf\" target=\"_blank\" rel=\"noreferrer noopener\">Master en G\u00e9nie P\u00e9trochimie.<\/a><\/li>\n\n\n\n<li><a href=\"\/wp-content\/uploads\/2022\/03\/master_gr.pdf\" target=\"_blank\" rel=\"noreferrer noopener\">Master en G\u00e9nie de Raffinage.<\/a><\/li>\n\n\n\n<li><a href=\"\/wp-content\/uploads\/2022\/12\/GP-Genie-des-procedes-des-materiaux_MAJ-2022.pdf\" target=\"_blank\" rel=\"noreferrer noopener\">Master en G\u00e9nie des Proc\u00e9d\u00e9s Mat\u00e9riaux<\/a>. <\/li>\n<\/ul>\n\n\n\n<h4 class=\"wp-block-heading\">     Departemednt genie environement<\/h4>\n\n\n\n<h5 class=\"wp-block-heading\">             Master<\/h5>\n\n\n\n<ul class=\"wp-block-list\">\n<li><a href=\"\/wp-content\/uploads\/2022\/05\/POSTER-MASTER-GENIE-ALIMENTAIRE.pdf\" target=\"_blank\" rel=\"noreferrer noopener\">Master en G\u00e9nie Alimentaire.<\/a><\/li>\n\n\n\n<li><a href=\"\/wp-content\/uploads\/2022\/05\/POSTER-MASTER-GENIE-PHARMACEUTIQUE.pdf\" target=\"_blank\" rel=\"noreferrer noopener\">Master en G\u00e9nie Pharmaceutique.<\/a><\/li>\n\n\n\n<li><a href=\"\/wp-content\/uploads\/2022\/07\/IDD.pdf\" target=\"_blank\" rel=\"noreferrer noopener\">Master en Ing\u00e9nierie de D\u00e9veloppement Durable<\/a>.<\/li>\n\n\n\n<li><a href=\"\/wp-content\/uploads\/2022\/05\/POSTER-MASTER-SCIENCES-TECHNOLOGIE-DU-MEDICAMENT.pdf\" target=\"_blank\" rel=\"noreferrer noopener\">Master en Science et Technologie du M\u00e9dicament .<\/a><\/li>\n\n\n\n<li><a href=\"\/wp-content\/uploads\/2022\/12\/GP-genie-des-procedes-de-lenvironnement_MAJ-2022_.pdf\" target=\"_blank\" rel=\"noreferrer noopener\">Master en G\u00e9nie des Proc\u00e9d\u00e9s de l&#8217;Environnement<\/a>. <\/li>\n\n\n\n<li><a href=\"http:\/\/fgmgp.usthb.dz\/wp-content\/uploads\/2025\/06\/Version-finale-OF-Master-Pro-Dessalement-USTHB-_compressed-1.pdf\" target=\"_blank\" rel=\"noreferrer noopener\">Master en Dessalement <\/a><\/li>\n<\/ul>\n<\/div><\/div>\n<\/div><\/div>\n","protected":false},"excerpt":{"rendered":"<p>Les formations propos\u00e9es dans les disciplines de G\u00e9nie M\u00e9canique et G\u00e9nie des Proc\u00e9d\u00e9s sont&nbsp;: Fili\u00e8re G\u00e9nie M\u00e9canique : departemednt Construction <span class=\"readmore\"><a href=\"https:\/\/fgmgp.usthb.dz\/index.php\/offre-de-formation\/\">Suite<\/a><\/span><\/p>\n","protected":false},"author":1,"featured_media":0,"parent":0,"menu_order":0,"comment_status":"closed","ping_status":"closed","template":"","meta":{"footnotes":""},"class_list":["post-154","page","type-page","status-publish","hentry"],"_links":{"self":[{"href":"https:\/\/fgmgp.usthb.dz\/index.php\/wp-json\/wp\/v2\/pages\/154","targetHints":{"allow":["GET"]}}],"collection":[{"href":"https:\/\/fgmgp.usthb.dz\/index.php\/wp-json\/wp\/v2\/pages"}],"about":[{"href":"https:\/\/fgmgp.usthb.dz\/index.php\/wp-json\/wp\/v2\/types\/page"}],"author":[{"embeddable":true,"href":"https:\/\/fgmgp.usthb.dz\/index.php\/wp-json\/wp\/v2\/users\/1"}],"replies":[{"embeddable":true,"href":"https:\/\/fgmgp.usthb.dz\/index.php\/wp-json\/wp\/v2\/comments?post=154"}],"version-history":[{"count":39,"href":"https:\/\/fgmgp.usthb.dz\/index.php\/wp-json\/wp\/v2\/pages\/154\/revisions"}],"predecessor-version":[{"id":2947,"href":"https:\/\/fgmgp.usthb.dz\/index.php\/wp-json\/wp\/v2\/pages\/154\/revisions\/2947"}],"wp:attachment":[{"href":"https:\/\/fgmgp.usthb.dz\/index.php\/wp-json\/wp\/v2\/media?parent=154"}],"curies":[{"name":"wp","href":"https:\/\/api.w.org\/{rel}","templated":true}]}}