{"id":160,"date":"2022-02-22T13:27:51","date_gmt":"2022-02-22T13:27:51","guid":{"rendered":"http:\/\/193.194.89.196\/?page_id=160"},"modified":"2025-02-24T11:50:57","modified_gmt":"2025-02-24T11:50:57","slug":"laboratoires-de-recherche","status":"publish","type":"page","link":"https:\/\/fgmgp.usthb.dz\/index.php\/laboratoires-de-recherche\/","title":{"rendered":"Laboratoires de recherche"},"content":{"rendered":"\n<div class=\"wp-block-group\"><div class=\"wp-block-group__inner-container is-layout-flow wp-block-group-is-layout-flow\">\n<h3 class=\"wp-block-heading\">Laboratoire de Technologie des Mat\u00e9riaux<\/h3>\n\n\n\n<ul class=\"wp-block-list\">\n<li>Directeur: Pr. ZAOURAR-BOUTAREK Na\u00efma.<\/li>\n\n\n\n<li>Adresse: USTHB, BP32 EL ALIA, ALGER, ALG\u00c9RIE.<\/li>\n\n\n\n<li>Tel: +213 (0)553282272.<\/li>\n\n\n\n<li>E-mail:\u00a0<a href=\"mailto:dnibou@usthb.dz.\"><\/a><a href=\"mailto:LTM@usthb.dz\">LTM@usthb.dz<\/a>.<\/li>\n\n\n\n<li>Site web:&nbsp;<a href=\"https:\/\/ltm.usthb.dz\/\" target=\"_blank\" rel=\"noreferrer noopener\">www.ltm.usthb.dz.<\/a><\/li>\n<\/ul>\n<\/div><\/div>\n\n\n\n<div class=\"wp-block-group\"><div class=\"wp-block-group__inner-container is-layout-flow wp-block-group-is-layout-flow\">\n<h3 class=\"wp-block-heading\">Laboratoire des Sciences et G\u00e9nie des Mat\u00e9riaux&nbsp;:<\/h3>\n\n\n\n<ul class=\"wp-block-list\">\n<li>Directeur: Pr.&nbsp;ABDI Said.<\/li>\n\n\n\n<li>Adresse: USTHB, BP32 EL ALIA, ALGER, ALG\u00c9RIE.<\/li>\n\n\n\n<li>Tel: +213 (0)21 24 71 69.<\/li>\n\n\n\n<li>E-mail:&nbsp;<a href=\"mailto:lsgm@usthb.dz.\"><\/a><a href=\"mailto:lsgm@usthb.dz\">lsgm@usthb.dz<\/a>.<\/li>\n\n\n\n<li>Site web:&nbsp;<a href=\"http:\/\/www.lsgm.usthb.dz\/\" target=\"_blank\" rel=\"noreferrer noopener\">www.lsgm.usthb.dz.<\/a><\/li>\n<\/ul>\n<\/div><\/div>\n\n\n\n<div class=\"wp-block-group\"><div class=\"wp-block-group__inner-container is-layout-flow wp-block-group-is-layout-flow\">\n<h3 class=\"wp-block-heading\">Laboratoire des Transports Polyphasiques et Milieux Poreux&nbsp;:<\/h3>\n\n\n\n<ul class=\"wp-block-list\">\n<li>Directeur: Pr. KAHALERAS Henda.<\/li>\n\n\n\n<li>Adresse: USTHB, BP32 EL ALIA, ALGER, ALG\u00c9RIE.<\/li>\n\n\n\n<li>Tel: +213 (0)21 24 79 19.<\/li>\n\n\n\n<li>Email:&nbsp;<a href=\"mailto:ltpmp@usthb.dz.\"><\/a><a href=\"mailto:ltpmp@usthb.dz\">ltpmp@usthb.dz<\/a>.<\/li>\n\n\n\n<li>Site web:&nbsp;&nbsp;<a href=\"http:\/\/www.ltpmp.usthb.dz\/\" target=\"_blank\" rel=\"noreferrer noopener\">www.ltpmp.usthb.dz.<\/a><\/li>\n<\/ul>\n<\/div><\/div>\n\n\n\n<div class=\"wp-block-group\"><div class=\"wp-block-group__inner-container is-layout-flow wp-block-group-is-layout-flow\">\n<h3 class=\"wp-block-heading\">Laboratoire de M\u00e9canique Avanc\u00e9e&nbsp;:<\/h3>\n\n\n\n<ul class=\"wp-block-list\">\n<li>Directrice: Pr. DJAKNOUN Samira.<\/li>\n\n\n\n<li>Adresse: USTHB, BP32 EL ALIA, ALGER, ALG\u00c9RIE.<\/li>\n\n\n\n<li>Tel: 213 (0)21 20 77 65<\/li>\n\n\n\n<li>E-mail:&nbsp;<a href=\"mailto:secretariat.lma@gmail.com\">secretariat.lma@gmail.com<\/a><\/li>\n\n\n\n<li>Site web:<a href=\"http:\/\/www.lma.usthb.dz\/\" target=\"_blank\" rel=\"noreferrer noopener\">&nbsp;www.lma.usthb.dz<\/a><\/li>\n<\/ul>\n<\/div><\/div>\n\n\n\n<div class=\"wp-block-group\"><div class=\"wp-block-group__inner-container is-layout-flow wp-block-group-is-layout-flow\">\n<h3 class=\"wp-block-heading\">Laboratoire de G\u00e9nie de la R\u00e9action&nbsp;:<\/h3>\n\n\n\n<ul class=\"wp-block-list\">\n<li>Directrice: Pr. YEDDOU Nacira.<\/li>\n\n\n\n<li>Adresse: USTHB, BP32 EL ALIA, ALGER, ALG\u00c9RIE.<\/li>\n\n\n\n<li>Tel: 213 021 74 71 69.<\/li>\n\n\n\n<li>E-mail:&nbsp;<a href=\"mailto:lgr@usthb.dz.\"><\/a><a href=\"mailto:lgr@usthb.dz\">lgr@usthb.dz<\/a>.<\/li>\n\n\n\n<li>Site web:&nbsp;<a href=\"http:\/\/www.lgr.usthb.dz\/\" target=\"_blank\" rel=\"noreferrer noopener\">www.lgr.usthb.dz<\/a><\/li>\n<\/ul>\n<\/div><\/div>\n\n\n\n<div class=\"wp-block-group\"><div class=\"wp-block-group__inner-container is-layout-flow wp-block-group-is-layout-flow\">\n<h3 class=\"wp-block-heading\">Laboratoire des Sciences du G\u00e9nie des Proc\u00e9d\u00e9s Industriels&nbsp;:<\/h3>\n\n\n\n<ul class=\"wp-block-list\">\n<li>Directeur: Pr.&nbsp;BERRAMA Tarek.<\/li>\n\n\n\n<li>Adresse: USTHB, BP32 EL ALIA, ALGER, ALG\u00c9RIE.<\/li>\n\n\n\n<li>Tel:213 (0)21 24 71 69www.lpdt.usthb.dz<\/li>\n\n\n\n<li>E-mail:&nbsp;<a href=\"mailto:lsgpi@usthb.dz.\"><\/a><a href=\"mailto:lsgpi@usthb.dz\">lsgpi@usthb.dz<\/a>.<\/li>\n\n\n\n<li>Site web:<a href=\"http:\/\/www.lsgpi.usthb.dz\/\" target=\"_blank\" rel=\"noreferrer noopener\">&nbsp;www.lsgpi.usthb.dz.<\/a><\/li>\n<\/ul>\n<\/div><\/div>\n\n\n\n<div class=\"wp-block-group\"><div class=\"wp-block-group__inner-container is-layout-flow wp-block-group-is-layout-flow\">\n<h3 class=\"wp-block-heading\"> Laboratoire des Ph\u00e9nom\u00e8nes de Transfert&nbsp;: <\/h3>\n\n\n\n<ul class=\"wp-block-list\">\n<li>Directeur: Pr. MOUHAB Abdelkader.<\/li>\n\n\n\n<li>Adresse: USTHB, BP32 EL ALIA, ALGER, ALG\u00c9RIE.<\/li>\n\n\n\n<li>Tel: 213 (0)21 24 71 69.<\/li>\n\n\n\n<li>E-mail:<\/li>\n\n\n\n<li>Site web:&nbsp;<a href=\"http:\/\/www.lpdt.usthb.dz\/\" target=\"_blank\" rel=\"noreferrer noopener\">www.lpdt.usthb.dz<\/a><\/li>\n<\/ul>\n<\/div><\/div>\n\n\n\n<div class=\"wp-block-group\"><div class=\"wp-block-group__inner-container is-layout-flow wp-block-group-is-layout-flow\">\n<h3 class=\"wp-block-heading\"> Laboratoire  valorisation et recyclage de la mati\u00e8re pour le d\u00e9veloppement durable : <\/h3>\n\n\n\n<ul class=\"wp-block-list\">\n<li>Directrice du Labo : Madame SABBA Nassila.<\/li>\n\n\n\n<li>Adresse: USTHB, BP32 EL ALIA, ALGER, ALG\u00c9RIE.<\/li>\n\n\n\n<li>Tel: 0551 36 55 49.&nbsp;<\/li>\n\n\n\n<li>E-mail : vrmdd.gp@gmail.com<\/li>\n\n\n\n<li>Site web : <a href=\"http:\/\/lvrmdd.usthb.dz\" target=\"_blank\" rel=\"noreferrer noopener\">www.lvrmdd.usthb.dz<\/a><\/li>\n<\/ul>\n\n\n\n<p><\/p>\n<\/div><\/div>\n\n\n\n<div class=\"wp-block-group\"><div class=\"wp-block-group__inner-container is-layout-flow wp-block-group-is-layout-flow\">\n<h3 class=\"wp-block-heading\"> Laboratoire de m\u00e9canique \u00e9nerg\u00e9tique et syst\u00e8me de conversion&nbsp;: <\/h3>\n\n\n\n<ul class=\"wp-block-list\">\n<li>Directeur: Pr. DIZENE Rabah.<\/li>\n\n\n\n<li>Adresse: USTHB, BP32 EL ALIA, ALGER, ALG\u00c9RIE.<\/li>\n\n\n\n<li>Tel: <\/li>\n\n\n\n<li>E-mail:<\/li>\n\n\n\n<li>Site web:<\/li>\n<\/ul>\n<\/div><\/div>\n","protected":false},"excerpt":{"rendered":"<p>Laboratoire de Technologie des Mat\u00e9riaux Laboratoire des Sciences et G\u00e9nie des Mat\u00e9riaux&nbsp;: Laboratoire des Transports Polyphasiques et Milieux Poreux&nbsp;: Laboratoire <span class=\"readmore\"><a href=\"https:\/\/fgmgp.usthb.dz\/index.php\/laboratoires-de-recherche\/\">Suite<\/a><\/span><\/p>\n","protected":false},"author":1,"featured_media":0,"parent":0,"menu_order":0,"comment_status":"closed","ping_status":"closed","template":"","meta":{"footnotes":""},"class_list":["post-160","page","type-page","status-publish","hentry"],"_links":{"self":[{"href":"https:\/\/fgmgp.usthb.dz\/index.php\/wp-json\/wp\/v2\/pages\/160","targetHints":{"allow":["GET"]}}],"collection":[{"href":"https:\/\/fgmgp.usthb.dz\/index.php\/wp-json\/wp\/v2\/pages"}],"about":[{"href":"https:\/\/fgmgp.usthb.dz\/index.php\/wp-json\/wp\/v2\/types\/page"}],"author":[{"embeddable":true,"href":"https:\/\/fgmgp.usthb.dz\/index.php\/wp-json\/wp\/v2\/users\/1"}],"replies":[{"embeddable":true,"href":"https:\/\/fgmgp.usthb.dz\/index.php\/wp-json\/wp\/v2\/comments?post=160"}],"version-history":[{"count":17,"href":"https:\/\/fgmgp.usthb.dz\/index.php\/wp-json\/wp\/v2\/pages\/160\/revisions"}],"predecessor-version":[{"id":2459,"href":"https:\/\/fgmgp.usthb.dz\/index.php\/wp-json\/wp\/v2\/pages\/160\/revisions\/2459"}],"wp:attachment":[{"href":"https:\/\/fgmgp.usthb.dz\/index.php\/wp-json\/wp\/v2\/media?parent=160"}],"curies":[{"name":"wp","href":"https:\/\/api.w.org\/{rel}","templated":true}]}}