{"id":162,"date":"2022-02-22T13:28:59","date_gmt":"2022-02-22T13:28:59","guid":{"rendered":"http:\/\/193.194.89.196\/?page_id=162"},"modified":"2026-04-12T10:12:09","modified_gmt":"2026-04-12T10:12:09","slug":"planning-du-concours-de-doctorat-2025-2026","status":"publish","type":"page","link":"https:\/\/fgmgp.usthb.dz\/index.php\/planning-du-concours-de-doctorat-2025-2026\/","title":{"rendered":"1. Planning du concours de Doctorat 2025-2026"},"content":{"rendered":"\n<h2 class=\"wp-block-heading has-text-align-center has-pale-ocean-gradient-background has-background\"><strong>Listes des candidats au concours de doctorat \u00abVisibilit\u00e9\u00bb 2025-2026 \u2013 Fili\u00e8re G\u00e9nie M\u00e9canique<\/strong><\/h2>\n\n\n\n<p>Vous trouverez ci-dessous les <strong>listes des candidats inscrits<\/strong> au concours de doctorat \u00ab\u202fVisibilit\u00e9\u202f\u00bb pour l\u2019ann\u00e9e universitaire <strong>2025-2026<\/strong>, dans la fili\u00e8re <strong>G\u00e9nie M\u00e9canique<\/strong>.<\/p>\n\n\n\n<p><strong>Sp\u00e9cialit\u00e9s concern\u00e9es :<\/strong><\/p>\n\n\n\n<ul class=\"wp-block-list\">\n<li><a href=\"http:\/\/fgmgp.usthb.dz\/wp-content\/uploads\/2026\/01\/Liste_CM_complet_avec_Salle_Site.pdf\" target=\"_blank\" rel=\"noreferrer noopener\">Consruction M\u00e9canique<\/a><\/li>\n\n\n\n<li><a href=\"http:\/\/fgmgp.usthb.dz\/wp-content\/uploads\/2026\/01\/Liste_GM_complet_avec_Salle_Site.pdf\" target=\"_blank\" rel=\"noreferrer noopener\">G\u00e9nie des Mat\u00e9riaux<\/a><\/li>\n\n\n\n<li><a href=\"http:\/\/fgmgp.usthb.dz\/wp-content\/uploads\/2026\/01\/Liste_TE_complet_avec_Salle_Site.pdf\" target=\"_blank\" rel=\"noreferrer noopener\">Thermo-Energ\u00e9tique<\/a><\/li>\n<\/ul>\n\n\n\n<h3 class=\"wp-block-heading\">Le concours de doctorat \u00ab Visibilit\u00e9 \u00bb 2025\u20132026 \u2013 <strong>Fili\u00e8re G\u00e9nie M\u00e9canique aura lieu le samedi 31 Janvier 2026 de 13h00 \u00e0 17h00.<\/strong><\/h3>\n\n\n\n<div class=\"wp-block-group\"><div class=\"wp-block-group__inner-container is-layout-flow wp-block-group-is-layout-flow\">\n<h2 class=\"wp-block-heading has-text-align-center has-pale-ocean-gradient-background has-background has-normal-font-size\"><strong>Listes des candidats au concours de doctorat \u00abVisibilit\u00e9\u00bb 2025-2026 \u2013 Fili\u00e8re G\u00e9nie des Proc\u00e9d\u00e9s<\/strong><\/h2>\n\n\n\n<p>Vous trouverez ci-dessous les <strong>listes des candidats inscrits<\/strong> au concours de doctorat \u00ab\u202fVisibilit\u00e9\u202f\u00bb pour l\u2019ann\u00e9e universitaire <strong>2025-2026<\/strong>, dans la fili\u00e8re <strong>G\u00e9nie des Proc\u00e9d\u00e9s<\/strong>.<\/p>\n\n\n\n<p><strong>Sp\u00e9cialit\u00e9s concern\u00e9es :<\/strong><\/p>\n\n\n\n<ul class=\"wp-block-list\">\n<li><a href=\"http:\/\/fgmgp.usthb.dz\/wp-content\/uploads\/2026\/01\/Liste-des-candidats-Doctorat-GPH-2026.xls.pdf\" target=\"_blank\" rel=\"noreferrer noopener\">G\u00e9nie Pharmaceutique<\/a><\/li>\n\n\n\n<li><a href=\"http:\/\/fgmgp.usthb.dz\/wp-content\/uploads\/2026\/01\/Liste-des-candidats-Doctorat-GE-2026.xls.pdf\" target=\"_blank\" rel=\"noreferrer noopener\">G\u00e9nie de l\u2019Environnement<\/a><\/li>\n\n\n\n<li><a href=\"http:\/\/fgmgp.usthb.dz\/wp-content\/uploads\/2026\/01\/Liste-des-candidats-Doctorat-GCh-2026.xls.pdf\" target=\"_blank\" rel=\"noreferrer noopener\">G\u00e9nie Chimique<\/a><\/li>\n\n\n\n<li><a href=\"http:\/\/fgmgp.usthb.dz\/wp-content\/uploads\/2026\/01\/Liste-des-candidats-Doctorat-GA-2026.xls.pdf\" target=\"_blank\" rel=\"noreferrer noopener\">G\u00e9nie Alimentaire<\/a><\/li>\n<\/ul>\n<\/div><\/div>\n\n\n\n<h3 class=\"wp-block-heading\">Le concours de doctorat \u00ab Visibilit\u00e9 \u00bb 2025\u20132026 \u2013 <strong>Fili\u00e8re G\u00e9nie des Proc\u00e9d\u00e9s<\/strong> aura lieu le <strong>samedi 24 janvier 2026<\/strong>.<\/h3>\n\n\n\n<h2 class=\"wp-block-heading\"><strong>Locaux du concours de doctorat<\/strong><\/h2>\n\n\n\n<p>Les candidats sont pri\u00e9s de se pr\u00e9senter dans les locaux d\u00e9sign\u00e9s pour le concours de doctorat: <strong><a href=\"http:\/\/fgmgp.usthb.dz\/wp-content\/uploads\/2026\/01\/Locaux-USTHB.pdf\" target=\"_blank\" rel=\"noreferrer noopener\">Locaux USTHB<\/a><\/strong><\/p>\n\n\n\n<h1 class=\"wp-block-heading\">2. R\u00e8glement du concours de doctorat \u2013 Promotion de visibilit\u00e9 2025\/2026<\/h1>\n\n\n\n<p><strong><a href=\"http:\/\/fgmgp.usthb.dz\/wp-content\/uploads\/2026\/01\/Reglement-interieur-relatif-au-concours-visibilite-2025-2026.pdf\" target=\"_blank\" rel=\"noreferrer noopener\">R\u00e8glement int\u00e9rieur r\u00e9gissant le concours d\u2019acc\u00e8s \u00e0 la formation de troisi\u00e8me cycle dans le cadre des \u00e9coles doctorales nationales en \u00ab promotion de visibilit\u00e9 \u00bb \u2013 ann\u00e9e universitaire 2025\/2026<\/a><\/strong><\/p>\n\n\n\n<p><\/p>\n","protected":false},"excerpt":{"rendered":"<p>Listes des candidats au concours de doctorat \u00abVisibilit\u00e9\u00bb 2025-2026 \u2013 Fili\u00e8re G\u00e9nie M\u00e9canique Vous trouverez ci-dessous les listes des candidats <span class=\"readmore\"><a href=\"https:\/\/fgmgp.usthb.dz\/index.php\/planning-du-concours-de-doctorat-2025-2026\/\">Suite<\/a><\/span><\/p>\n","protected":false},"author":1,"featured_media":0,"parent":0,"menu_order":0,"comment_status":"closed","ping_status":"closed","template":"","meta":{"footnotes":"[]"},"class_list":["post-162","page","type-page","status-publish","hentry"],"_links":{"self":[{"href":"https:\/\/fgmgp.usthb.dz\/index.php\/wp-json\/wp\/v2\/pages\/162","targetHints":{"allow":["GET"]}}],"collection":[{"href":"https:\/\/fgmgp.usthb.dz\/index.php\/wp-json\/wp\/v2\/pages"}],"about":[{"href":"https:\/\/fgmgp.usthb.dz\/index.php\/wp-json\/wp\/v2\/types\/page"}],"author":[{"embeddable":true,"href":"https:\/\/fgmgp.usthb.dz\/index.php\/wp-json\/wp\/v2\/users\/1"}],"replies":[{"embeddable":true,"href":"https:\/\/fgmgp.usthb.dz\/index.php\/wp-json\/wp\/v2\/comments?post=162"}],"version-history":[{"count":24,"href":"https:\/\/fgmgp.usthb.dz\/index.php\/wp-json\/wp\/v2\/pages\/162\/revisions"}],"predecessor-version":[{"id":3809,"href":"https:\/\/fgmgp.usthb.dz\/index.php\/wp-json\/wp\/v2\/pages\/162\/revisions\/3809"}],"wp:attachment":[{"href":"https:\/\/fgmgp.usthb.dz\/index.php\/wp-json\/wp\/v2\/media?parent=162"}],"curies":[{"name":"wp","href":"https:\/\/api.w.org\/{rel}","templated":true}]}}