{"id":166,"date":"2022-02-22T13:31:37","date_gmt":"2022-02-22T13:31:37","guid":{"rendered":"http:\/\/193.194.89.196\/?page_id=166"},"modified":"2022-03-20T13:40:25","modified_gmt":"2022-03-20T13:40:25","slug":"trouver-un-stage","status":"publish","type":"page","link":"https:\/\/fgmgp.usthb.dz\/index.php\/trouver-un-stage\/","title":{"rendered":"Trouver un stage"},"content":{"rendered":"\n<div class=\"wp-block-group\"><div class=\"wp-block-group__inner-container is-layout-flow wp-block-group-is-layout-flow\">\n<p> Le stage des \u00e9tudiants au milieu professionnel a pour but d\u2019assurer l\u2019application des connaissances th\u00e9oriques re\u00e7ue a l\u2019universit\u00e9, pr\u00e9parer les \u00e9tudiants a la vie professionnelle et conna\u00eetre le monde de l\u2019 entreprise. L\u2019\u00e9tudiant a le droit d&#8217;exerc\u00e9 son stage dans tout type d\u2019entreprise public ou priv\u00e9, laboratoire&nbsp;, centres de recherche \u2026 <\/p>\n\n\n\n<div class=\"wp-block-image is-style-default\"><figure class=\"aligncenter size-large\"><img decoding=\"async\" src=\"\/wp-content\/uploads\/2022\/02\/stage.jpeg\" alt=\"\"\/><\/figure><\/div>\n<\/div><\/div>\n\n\n\n<div class=\"wp-block-group\"><div class=\"wp-block-group__inner-container is-layout-flow wp-block-group-is-layout-flow\">\n<h3 class=\"wp-block-heading\"> <strong>Les types de stages&nbsp;:<\/strong> <\/h3>\n\n\n\n<ul class=\"wp-block-list\"><li>Un stage de\u00a0<strong><a rel=\"noreferrer noopener\" href=\"\/wp-content\/uploads\/2022\/02\/demande-de-stage-de-courte-duree.pdf\" target=\"_blank\">courte dur\u00e9e\u00a0obligatoire<\/a><\/strong>\u00a0pour les<strong>\u00a0L3<\/strong>\u00a0g\u00e9nie des proc\u00e8des pendant les vacances de printemps (le stage c\u2019est un module de 2eme semestre).<\/li><li>Un stage de\u00a0<strong><a rel=\"noreferrer noopener\" href=\"\/wp-content\/uploads\/2022\/02\/demande-de-stage-de-courte-duree.pdf\" target=\"_blank\">courte dur\u00e9e\u00a0facultatif<\/a><\/strong><a rel=\"noreferrer noopener\" href=\"https:\/\/fgmgp.usthb.dz\/images\/docx\/demande%20de%20stage%20courte%20dur%C3%A9e%20.docx\" target=\"_blank\">\u00a0<\/a>pendant les vacances (hiver, printemps) pour les<strong>\u00a0L3<\/strong>\u00a0g\u00e9nie m\u00e9canique .<\/li><li>Un stage de<strong><a rel=\"noreferrer noopener\" href=\"\/wp-content\/uploads\/2022\/02\/demande-de-stage-de-courte-duree.pdf\" target=\"_blank\">\u00a0courte dur\u00e9e\u00a0facultatif<\/a><\/strong><a href=\"https:\/\/fgmgp.usthb.dz\/images\/docx\/demande%20de%20stage%20courte%20dur%C3%A9e%20.docx\">\u00a0<\/a>pendant les vacances (hiver, printemps, \u00e9t\u00e9) pour les\u00a0<strong>M1<\/strong>\u00a0g\u00e9nie m\u00e9canique et g\u00e9nie des proc\u00e9d\u00e9s toute les options.<\/li><li>Un stage de trois \u00e0 six mois pour le<a rel=\"noreferrer noopener\" href=\"https:\/\/fgmgp.usthb.dz\/images\/docx\/proposition%20de%20sujet.doc\" target=\"_blank\"><strong>\u00a0<\/strong><\/a><strong><a href=\"\/wp-content\/uploads\/2022\/02\/proposition-de-sujet-externe-M2.pdf\" target=\"_blank\" rel=\"noreferrer noopener\">projet de fin d\u2019\u00e9tude externe\u00a0M2<\/a><\/strong>\u00a0g\u00e9nie m\u00e9canique et g\u00e9nie des proc\u00e9d\u00e9s toute les options .<\/li><li>Un stage de courte dur\u00e9e pour le\u00a0<a href=\"\/wp-content\/uploads\/2022\/02\/sujet-interne-stage-externe.pdf\" data-type=\"URL\" target=\"_blank\" rel=\"noreferrer noopener\"><strong>projet de fin d\u2019\u00e9tude interne M2<\/strong>\u00a0<\/a>en cas de manque des produits, faire des essaies ou afin d\u2019effectuer des prises d\u2019\u00e9chantillons des rejets liquides industriels.<\/li><\/ul>\n<\/div><\/div>\n\n\n\n<div class=\"wp-block-group\"><div class=\"wp-block-group__inner-container is-layout-flow wp-block-group-is-layout-flow\">\n<h3 class=\"wp-block-heading\">  Note : <\/h3>\n\n\n\n<p>  <strong>Les stages de courte dur\u00e9e se d\u00e9roulent uniquement pendant les vacances, Pour plus d\u2019informations veuillez contacter le service des stages au niveau de la facult\u00e9.<\/strong>  <\/p>\n<\/div><\/div>\n\n\n\n<p><\/p>\n","protected":false},"excerpt":{"rendered":"<p>Le stage des \u00e9tudiants au milieu professionnel a pour but d\u2019assurer l\u2019application des connaissances th\u00e9oriques re\u00e7ue a l\u2019universit\u00e9, pr\u00e9parer les <span class=\"readmore\"><a href=\"https:\/\/fgmgp.usthb.dz\/index.php\/trouver-un-stage\/\">Suite<\/a><\/span><\/p>\n","protected":false},"author":1,"featured_media":419,"parent":0,"menu_order":0,"comment_status":"closed","ping_status":"closed","template":"","meta":{"footnotes":""},"class_list":["post-166","page","type-page","status-publish","has-post-thumbnail","hentry"],"_links":{"self":[{"href":"https:\/\/fgmgp.usthb.dz\/index.php\/wp-json\/wp\/v2\/pages\/166","targetHints":{"allow":["GET"]}}],"collection":[{"href":"https:\/\/fgmgp.usthb.dz\/index.php\/wp-json\/wp\/v2\/pages"}],"about":[{"href":"https:\/\/fgmgp.usthb.dz\/index.php\/wp-json\/wp\/v2\/types\/page"}],"author":[{"embeddable":true,"href":"https:\/\/fgmgp.usthb.dz\/index.php\/wp-json\/wp\/v2\/users\/1"}],"replies":[{"embeddable":true,"href":"https:\/\/fgmgp.usthb.dz\/index.php\/wp-json\/wp\/v2\/comments?post=166"}],"version-history":[{"count":8,"href":"https:\/\/fgmgp.usthb.dz\/index.php\/wp-json\/wp\/v2\/pages\/166\/revisions"}],"predecessor-version":[{"id":497,"href":"https:\/\/fgmgp.usthb.dz\/index.php\/wp-json\/wp\/v2\/pages\/166\/revisions\/497"}],"wp:featuredmedia":[{"embeddable":true,"href":"https:\/\/fgmgp.usthb.dz\/index.php\/wp-json\/wp\/v2\/media\/419"}],"wp:attachment":[{"href":"https:\/\/fgmgp.usthb.dz\/index.php\/wp-json\/wp\/v2\/media?parent=166"}],"curies":[{"name":"wp","href":"https:\/\/api.w.org\/{rel}","templated":true}]}}