{"id":168,"date":"2022-02-22T13:32:39","date_gmt":"2022-02-22T13:32:39","guid":{"rendered":"http:\/\/193.194.89.196\/?page_id=168"},"modified":"2025-03-03T09:17:18","modified_gmt":"2025-03-03T09:17:18","slug":"creer-une-convention-de-stage","status":"publish","type":"page","link":"https:\/\/fgmgp.usthb.dz\/index.php\/creer-une-convention-de-stage\/","title":{"rendered":"Cr\u00e9er une convention de stage"},"content":{"rendered":"\n<div class=\"wp-block-group\"><div class=\"wp-block-group__inner-container is-layout-flow wp-block-group-is-layout-flow\">\n<ul class=\"wp-block-list\">\n<li>Demande de stage pratique pour les L2 et M1 : <a href=\"\/wp-content\/uploads\/2023\/03\/demande-de-stage-licence-et-master.docx\" target=\"_blank\" rel=\"noreferrer noopener\">T\u00e9l\u00e9charger la demande ICI<\/a><\/li>\n\n\n\n<li>Demande de stage pour les M2 (PFE, Projet de Fin d\u2019\u00c9tude) : <a href=\"\/wp-content\/uploads\/2023\/03\/DEMANDE-DE-STAGES-PFE.docx\" target=\"_blank\" rel=\"noreferrer noopener\">T\u00e9l\u00e9charger la demande ICI<\/a><\/li>\n\n\n\n<li>Convention de stage pour les L2 et M1 : <a href=\"\/wp-content\/uploads\/2023\/03\/CONVENTION-DE-STAGES-LICENCE.docx\" target=\"_blank\" rel=\"noreferrer noopener\">T\u00e9l\u00e9charger la convention ICI<\/a><\/li>\n\n\n\n<li>Convention de stage pour les M2 (PFE, Projet de Fin d\u2019\u00c9tude) : <a href=\"\/wp-content\/uploads\/2023\/03\/CONVENTION-DE-STAGES-PFE.docx\" target=\"_blank\" rel=\"noreferrer noopener\">T\u00e9l\u00e9charger la convention ICI<\/a><\/li>\n<\/ul>\n<\/div><\/div>\n\n\n\n<p>Fiche de pr\u00e9sence pour les (PFE, Licence, master, Ing\u00e9nieur) : <a href=\"\/wp-content\/uploads\/2025\/03\/fiche-de-precens.docx\" target=\"_blank\" rel=\"noreferrer noopener\">T\u00e9l\u00e9charger la  fiche ICI<\/a><\/p>\n\n\n\n<p>Pour une demande de prolongation de stage : <a rel=\"noreferrer noopener\" href=\"\/wp-content\/uploads\/2023\/03\/PROLONGATION.docx\" target=\"_blank\">T\u00e9l\u00e9charger la demande ICI<\/a><\/p>\n\n\n\n<p>Pour imprimer une attestation de stage : <a href=\"\/wp-content\/uploads\/2025\/03\/ATTESTATION-DE-STAGE-2.docx\" target=\"_blank\" rel=\"noreferrer noopener\">T\u00e9l\u00e9charger un exemplaire ICI<\/a><\/p>\n\n\n\n<p><\/p>\n","protected":false},"excerpt":{"rendered":"<p>Fiche de pr\u00e9sence pour les (PFE, Licence, master, Ing\u00e9nieur) : T\u00e9l\u00e9charger la fiche ICI Pour une demande de prolongation de <span class=\"readmore\"><a href=\"https:\/\/fgmgp.usthb.dz\/index.php\/creer-une-convention-de-stage\/\">Suite<\/a><\/span><\/p>\n","protected":false},"author":1,"featured_media":0,"parent":0,"menu_order":0,"comment_status":"closed","ping_status":"closed","template":"","meta":{"footnotes":""},"class_list":["post-168","page","type-page","status-publish","hentry"],"_links":{"self":[{"href":"https:\/\/fgmgp.usthb.dz\/index.php\/wp-json\/wp\/v2\/pages\/168","targetHints":{"allow":["GET"]}}],"collection":[{"href":"https:\/\/fgmgp.usthb.dz\/index.php\/wp-json\/wp\/v2\/pages"}],"about":[{"href":"https:\/\/fgmgp.usthb.dz\/index.php\/wp-json\/wp\/v2\/types\/page"}],"author":[{"embeddable":true,"href":"https:\/\/fgmgp.usthb.dz\/index.php\/wp-json\/wp\/v2\/users\/1"}],"replies":[{"embeddable":true,"href":"https:\/\/fgmgp.usthb.dz\/index.php\/wp-json\/wp\/v2\/comments?post=168"}],"version-history":[{"count":20,"href":"https:\/\/fgmgp.usthb.dz\/index.php\/wp-json\/wp\/v2\/pages\/168\/revisions"}],"predecessor-version":[{"id":2469,"href":"https:\/\/fgmgp.usthb.dz\/index.php\/wp-json\/wp\/v2\/pages\/168\/revisions\/2469"}],"wp:attachment":[{"href":"https:\/\/fgmgp.usthb.dz\/index.php\/wp-json\/wp\/v2\/media?parent=168"}],"curies":[{"name":"wp","href":"https:\/\/api.w.org\/{rel}","templated":true}]}}