{"id":1694,"date":"2023-07-16T07:36:22","date_gmt":"2023-07-16T07:36:22","guid":{"rendered":"https:\/\/fgmgp.usthb.dz\/?page_id=1694"},"modified":"2023-07-16T08:53:37","modified_gmt":"2023-07-16T08:53:37","slug":"ceremonie-de-majors-de-promos-de-2022-2023","status":"publish","type":"page","link":"https:\/\/fgmgp.usthb.dz\/index.php\/ceremonie-de-majors-de-promos-de-2022-2023\/","title":{"rendered":"C\u00e9r\u00e9monie de majors de promos de 2022\/2023"},"content":{"rendered":"\n<div class=\"wp-block-group\"><div class=\"wp-block-group__inner-container is-layout-flow wp-block-group-is-layout-flow\">\n<div class=\"wp-block-group\"><div class=\"wp-block-group__inner-container is-layout-flow wp-block-group-is-layout-flow\">\n<div class=\"wp-block-columns is-layout-flex wp-container-core-columns-is-layout-9d6595d7 wp-block-columns-is-layout-flex\">\n<div class=\"wp-block-column is-layout-flow wp-block-column-is-layout-flow\" style=\"flex-basis:66.66%\">\n<p> Nous informons les \u00e9tudiants qui sont concern\u00e9 par la c\u00e9r\u00e9monie de remise des aux majors de promos est report\u00e9 pour dimanche le 16\/07\/2023 \u00e0 14h00 et elle se tiendra toujours \u00e0 l&#8217;auditorium de L&#8217;universit\u00e9  <\/p>\n\n\n\n<p> Soyez pr\u00e9sents  <\/p>\n<\/div>\n\n\n\n<div class=\"wp-block-column is-layout-flow wp-block-column-is-layout-flow\" style=\"flex-basis:33.33%\">\n<figure class=\"wp-block-image size-full\"><img loading=\"lazy\" decoding=\"async\" width=\"286\" height=\"176\" src=\"http:\/\/fgmgp.usthb.dz\/wp-content\/uploads\/2023\/07\/majors_promos_22_23.jpg\" alt=\"\" class=\"wp-image-1696\"\/><\/figure>\n<\/div>\n<\/div>\n<\/div><\/div>\n<\/div><\/div>\n\n\n\n<p><\/p>\n","protected":false},"excerpt":{"rendered":"<p>Nous informons les \u00e9tudiants qui sont concern\u00e9 par la c\u00e9r\u00e9monie de remise des aux majors de promos est report\u00e9 pour <span class=\"readmore\"><a href=\"https:\/\/fgmgp.usthb.dz\/index.php\/ceremonie-de-majors-de-promos-de-2022-2023\/\">Suite<\/a><\/span><\/p>\n","protected":false},"author":1,"featured_media":1696,"parent":0,"menu_order":0,"comment_status":"closed","ping_status":"closed","template":"","meta":{"footnotes":""},"class_list":["post-1694","page","type-page","status-publish","has-post-thumbnail","hentry"],"_links":{"self":[{"href":"https:\/\/fgmgp.usthb.dz\/index.php\/wp-json\/wp\/v2\/pages\/1694","targetHints":{"allow":["GET"]}}],"collection":[{"href":"https:\/\/fgmgp.usthb.dz\/index.php\/wp-json\/wp\/v2\/pages"}],"about":[{"href":"https:\/\/fgmgp.usthb.dz\/index.php\/wp-json\/wp\/v2\/types\/page"}],"author":[{"embeddable":true,"href":"https:\/\/fgmgp.usthb.dz\/index.php\/wp-json\/wp\/v2\/users\/1"}],"replies":[{"embeddable":true,"href":"https:\/\/fgmgp.usthb.dz\/index.php\/wp-json\/wp\/v2\/comments?post=1694"}],"version-history":[{"count":2,"href":"https:\/\/fgmgp.usthb.dz\/index.php\/wp-json\/wp\/v2\/pages\/1694\/revisions"}],"predecessor-version":[{"id":1698,"href":"https:\/\/fgmgp.usthb.dz\/index.php\/wp-json\/wp\/v2\/pages\/1694\/revisions\/1698"}],"wp:featuredmedia":[{"embeddable":true,"href":"https:\/\/fgmgp.usthb.dz\/index.php\/wp-json\/wp\/v2\/media\/1696"}],"wp:attachment":[{"href":"https:\/\/fgmgp.usthb.dz\/index.php\/wp-json\/wp\/v2\/media?parent=1694"}],"curies":[{"name":"wp","href":"https:\/\/api.w.org\/{rel}","templated":true}]}}