{"id":1707,"date":"2023-07-20T10:09:59","date_gmt":"2023-07-20T10:09:59","guid":{"rendered":"https:\/\/fgmgp.usthb.dz\/?page_id=1707"},"modified":"2023-07-20T12:03:38","modified_gmt":"2023-07-20T12:03:38","slug":"master-en-dessalement","status":"publish","type":"page","link":"https:\/\/fgmgp.usthb.dz\/index.php\/master-en-dessalement\/","title":{"rendered":"Master en Dessalement"},"content":{"rendered":"\n<p>Le Master professionnel en dessalement vise \u00e0 donner une solide formation aux \u00e9tudiants qui se destinent \u00e0 des postes de conception, d\u2019\u00e9tudes ou de responsabilit\u00e9 dans le domaine du dessalement.<\/p>\n\n\n\n<p>Le profil projet\u00e9 est professionnel il sera orient\u00e9 vers la prise en charge de tous les aspects technologiques de gestion et de la qualit\u00e9.<\/p>\n\n\n\n<p>Cette sp\u00e9cialit\u00e9 offre \u00e0 l\u2019\u00e9tudiant les comp\u00e9tences n\u00e9cessaires pour prendre en charge la fili\u00e8re de dessalement et de faire le suivi de des performances d\u2019une station de dessalement.<\/p>\n","protected":false},"excerpt":{"rendered":"<p>Le Master professionnel en dessalement vise \u00e0 donner une solide formation aux \u00e9tudiants qui se destinent \u00e0 des postes de <span class=\"readmore\"><a href=\"https:\/\/fgmgp.usthb.dz\/index.php\/master-en-dessalement\/\">Suite<\/a><\/span><\/p>\n","protected":false},"author":1,"featured_media":0,"parent":0,"menu_order":0,"comment_status":"closed","ping_status":"closed","template":"","meta":{"footnotes":""},"class_list":["post-1707","page","type-page","status-publish","hentry"],"_links":{"self":[{"href":"https:\/\/fgmgp.usthb.dz\/index.php\/wp-json\/wp\/v2\/pages\/1707","targetHints":{"allow":["GET"]}}],"collection":[{"href":"https:\/\/fgmgp.usthb.dz\/index.php\/wp-json\/wp\/v2\/pages"}],"about":[{"href":"https:\/\/fgmgp.usthb.dz\/index.php\/wp-json\/wp\/v2\/types\/page"}],"author":[{"embeddable":true,"href":"https:\/\/fgmgp.usthb.dz\/index.php\/wp-json\/wp\/v2\/users\/1"}],"replies":[{"embeddable":true,"href":"https:\/\/fgmgp.usthb.dz\/index.php\/wp-json\/wp\/v2\/comments?post=1707"}],"version-history":[{"count":1,"href":"https:\/\/fgmgp.usthb.dz\/index.php\/wp-json\/wp\/v2\/pages\/1707\/revisions"}],"predecessor-version":[{"id":1708,"href":"https:\/\/fgmgp.usthb.dz\/index.php\/wp-json\/wp\/v2\/pages\/1707\/revisions\/1708"}],"wp:attachment":[{"href":"https:\/\/fgmgp.usthb.dz\/index.php\/wp-json\/wp\/v2\/media?parent=1707"}],"curies":[{"name":"wp","href":"https:\/\/api.w.org\/{rel}","templated":true}]}}