{"id":1725,"date":"2023-09-04T14:01:51","date_gmt":"2023-09-04T14:01:51","guid":{"rendered":"https:\/\/fgmgp.usthb.dz\/?page_id=1725"},"modified":"2025-01-06T20:06:44","modified_gmt":"2025-01-06T20:06:44","slug":"master-externe-2023","status":"publish","type":"page","link":"https:\/\/fgmgp.usthb.dz\/index.php\/master-externe-2023\/","title":{"rendered":"Candidature au master au titre des 20% 2024\/2025"},"content":{"rendered":"\n<div class=\"wp-block-group\"><div class=\"wp-block-group__inner-container is-layout-flow wp-block-group-is-layout-flow\">\n<div class=\"wp-block-group\"><div class=\"wp-block-group__inner-container is-layout-flow wp-block-group-is-layout-flow\">\n<h2 class=\"wp-block-heading has-text-align-center has-text-color\" style=\"color:#ff0000\">Les candidatures sont cl\u00f4tur\u00e9es<\/h2>\n<\/div><\/div>\n\n\n\n<p><strong>NOTE<\/strong><\/p>\n\n\n\n<p>Les \u00e9tudiants licence fili\u00e8re G\u00e9nie m\u00e9canique ou G\u00e9nie des Proc\u00e9d\u00e9s des cat\u00e9gories suivantes&nbsp;:<\/p>\n\n\n\n<ul class=\"wp-block-list\">\n<li>Licence Hors USTHB<\/li>\n\n\n\n<li>Ancien licence USTHB<\/li>\n\n\n\n<li>Titulaire de BAC + 4, BAC + 5 (ENS) ou Ing\u00e9nieurs<\/li>\n<\/ul>\n\n\n\n<p>La candidature au titre du quota des 20% pour le Master \u00e0 la Facult\u00e9 de G\u00e9nie M\u00e9canique et G\u00e9nie des Proc\u00e9d\u00e9s de l&#8217;USTHB se fait en ligne via ce lien : <a rel=\"noreferrer noopener\" href=\"https:\/\/docs.google.com\/forms\/d\/e\/1FAIpQLSd9u5UDf49YNmxk0f8gvxN42YJ16leQtgSGOYBoez-qrkWN2w\/viewform\" target=\"_blank\">Poster votre candidature<\/a>.<\/p>\n\n\n\n<div class=\"wp-block-group\"><div class=\"wp-block-group__inner-container is-layout-flow wp-block-group-is-layout-flow\">\n<h2 class=\"wp-block-heading\"><strong>P\u00e9riode de candidature\u00a0: <\/strong><\/h2>\n\n\n\n<div class=\"wp-block-group\"><div class=\"wp-block-group__inner-container is-layout-flow wp-block-group-is-layout-flow\">\n<h3 class=\"wp-block-heading\"><strong>Fili\u00e8re G\u00e9nie M\u00e9canique : <\/strong><\/h3>\n\n\n\n<div class=\"wp-block-columns is-layout-flex wp-container-core-columns-is-layout-9d6595d7 wp-block-columns-is-layout-flex\">\n<div class=\"wp-block-column is-layout-flow wp-block-column-is-layout-flow\" style=\"flex-basis:100%\">\n<div class=\"wp-block-group\"><div class=\"wp-block-group__inner-container is-layout-flow wp-block-group-is-layout-flow\">\n<div class=\"wp-block-columns is-layout-flex wp-container-core-columns-is-layout-9d6595d7 wp-block-columns-is-layout-flex\">\n<div class=\"wp-block-column is-layout-flow wp-block-column-is-layout-flow\" style=\"flex-basis:100%\">\n<figure class=\"wp-block-table is-style-regular\"><table><tbody><tr><td>Master CONSTRUCTION M\u00c9CANIQUE<\/td><td>CMP<\/td><\/tr><tr><td>Master FABRICATION M\u00c9CANIQUE ET PRODUCTIQUE<\/td><td>CMP<\/td><\/tr><tr><td>Master ING\u00c9NIERIE DU SOUDAGE<\/td><td>CMP<\/td><\/tr><tr><td>Master GENIE DES MATERIAUX&nbsp;<\/td><td>SDM<\/td><\/tr><tr><td>Master INGENIERIE DES MATERIAUX ET DES SURFACES<\/td><td>SDM<\/td><\/tr><tr><td>Master ENERGIES RENOUVELABLES EN M\u00c9CANIQUE&nbsp;<\/td><td>TE<\/td><\/tr><tr><td>Master GENIE CLIMATIQUE&nbsp;<\/td><td>TE<\/td><\/tr><\/tbody><\/table><\/figure>\n<\/div>\n<\/div>\n<\/div><\/div>\n<\/div>\n<\/div>\n\n\n\n<h3 class=\"wp-block-heading\"> <strong>Fili\u00e8re G\u00e9nie des Proc\u00e9d\u00e9s : <\/strong> <\/h3>\n\n\n\n<figure class=\"wp-block-table\"><table><tbody><tr><td> Master G\u00c9NIE DU RAFFINAGE <\/td><td>GCC<\/td><\/tr><tr><td> Master G\u00c9NIE P\u00c9TROCHIMIQUE <\/td><td>GCC<\/td><\/tr><tr><td> Master G\u00c9NIE DES PROC\u00c9D\u00c9S CRYOG\u00c9NIQUE <\/td><td>GCC<\/td><\/tr><tr><td> Master G\u00c9NIE DES PROC\u00c9D\u00c9S DES MAT\u00c9RIAUX <\/td><td>GCC<\/td><\/tr><tr><td> Master ING\u00c9NIERIE ET GESTION DE L&#8217;EAU <\/td><td>GE<\/td><\/tr><tr><td> Master ING\u00c9NIERIE DU D\u00c9VELOPPEMENT DURABLE <\/td><td>GE<\/td><\/tr><\/tbody><\/table><\/figure>\n<\/div><\/div>\n<\/div><\/div>\n<\/div><\/div>\n\n\n\n<p><\/p>\n","protected":false},"excerpt":{"rendered":"<p>Les candidatures sont cl\u00f4tur\u00e9es NOTE Les \u00e9tudiants licence fili\u00e8re G\u00e9nie m\u00e9canique ou G\u00e9nie des Proc\u00e9d\u00e9s des cat\u00e9gories suivantes&nbsp;: La candidature <span class=\"readmore\"><a href=\"https:\/\/fgmgp.usthb.dz\/index.php\/master-externe-2023\/\">Suite<\/a><\/span><\/p>\n","protected":false},"author":1,"featured_media":2429,"parent":0,"menu_order":0,"comment_status":"closed","ping_status":"closed","template":"","meta":{"footnotes":""},"class_list":["post-1725","page","type-page","status-publish","has-post-thumbnail","hentry"],"_links":{"self":[{"href":"https:\/\/fgmgp.usthb.dz\/index.php\/wp-json\/wp\/v2\/pages\/1725","targetHints":{"allow":["GET"]}}],"collection":[{"href":"https:\/\/fgmgp.usthb.dz\/index.php\/wp-json\/wp\/v2\/pages"}],"about":[{"href":"https:\/\/fgmgp.usthb.dz\/index.php\/wp-json\/wp\/v2\/types\/page"}],"author":[{"embeddable":true,"href":"https:\/\/fgmgp.usthb.dz\/index.php\/wp-json\/wp\/v2\/users\/1"}],"replies":[{"embeddable":true,"href":"https:\/\/fgmgp.usthb.dz\/index.php\/wp-json\/wp\/v2\/comments?post=1725"}],"version-history":[{"count":11,"href":"https:\/\/fgmgp.usthb.dz\/index.php\/wp-json\/wp\/v2\/pages\/1725\/revisions"}],"predecessor-version":[{"id":2449,"href":"https:\/\/fgmgp.usthb.dz\/index.php\/wp-json\/wp\/v2\/pages\/1725\/revisions\/2449"}],"wp:featuredmedia":[{"embeddable":true,"href":"https:\/\/fgmgp.usthb.dz\/index.php\/wp-json\/wp\/v2\/media\/2429"}],"wp:attachment":[{"href":"https:\/\/fgmgp.usthb.dz\/index.php\/wp-json\/wp\/v2\/media?parent=1725"}],"curies":[{"name":"wp","href":"https:\/\/api.w.org\/{rel}","templated":true}]}}