{"id":1741,"date":"2023-09-07T14:09:47","date_gmt":"2023-09-07T14:09:47","guid":{"rendered":"https:\/\/fgmgp.usthb.dz\/?page_id=1741"},"modified":"2023-09-17T09:11:56","modified_gmt":"2023-09-17T09:11:56","slug":"transfers-externe-et-interne","status":"publish","type":"page","link":"https:\/\/fgmgp.usthb.dz\/index.php\/transfers-externe-et-interne\/","title":{"rendered":"Transfers externe et interne"},"content":{"rendered":"\n<div class=\"wp-block-group\"><div class=\"wp-block-group__inner-container is-layout-flow wp-block-group-is-layout-flow\">\n<h2 class=\"has-text-align-center has-text-color wp-block-heading\" style=\"color:#ff0000\">Les candidatures sont cl\u00f4tur\u00e9es<\/h2>\n<\/div><\/div>\n\n\n\n<div class=\"wp-block-group\"><div class=\"wp-block-group__inner-container is-layout-flow wp-block-group-is-layout-flow\">\n<div class=\"wp-block-group\"><div class=\"wp-block-group__inner-container is-layout-flow wp-block-group-is-layout-flow\">\n<h3 class=\"wp-block-heading\">Transfer interne<\/h3>\n\n\n\n<p>Les etudiants qui souhaitent faire un  changement de fili\u00e8re et venir \u00e0 la facult\u00e9 de G\u00e9nie M\u00e9canique et G\u00e9nie des Proc\u00e9d\u00e9s, veuillez <a href=\"https:\/\/docs.google.com\/forms\/d\/e\/1FAIpQLScXlVXldECmiJh7YgYnM2sU8U0V26vvqH25p3u76JnmUhpEEg\/viewform?usp=sf_link\" target=\"_blank\" rel=\"noreferrer noopener\">Cliquez-ici<\/a> pour poster votre candidature <\/p>\n<\/div><\/div>\n\n\n\n<div class=\"wp-block-group\"><div class=\"wp-block-group__inner-container is-layout-flow wp-block-group-is-layout-flow\">\n<h3 class=\"wp-block-heading\">Transfer externe<\/h3>\n\n\n\n<p> Les etudiants qui souhaitent faire un transfer hors USTHB vers la facult\u00e9 de G\u00e9nie M\u00e9canique et G\u00e9nie des Proc\u00e9d\u00e9s de l&#8217;USTHB en L2, veuillez <a href=\"https:\/\/docs.google.com\/forms\/d\/e\/1FAIpQLSfnESSLFR0omWpxiquuzx2lhxG-gOObpjgiwG2u-XxsMfCvIg\/viewform?usp=sf_link\" target=\"_blank\" rel=\"noreferrer noopener\">Cliquez-ici<\/a> pour poster votre candidature <\/p>\n<\/div><\/div>\n<\/div><\/div>\n\n\n\n<p><\/p>\n","protected":false},"excerpt":{"rendered":"<p>Les candidatures sont cl\u00f4tur\u00e9es Transfer interne Les etudiants qui souhaitent faire un changement de fili\u00e8re et venir \u00e0 la facult\u00e9 <span class=\"readmore\"><a href=\"https:\/\/fgmgp.usthb.dz\/index.php\/transfers-externe-et-interne\/\">Suite<\/a><\/span><\/p>\n","protected":false},"author":1,"featured_media":1747,"parent":0,"menu_order":0,"comment_status":"closed","ping_status":"closed","template":"","meta":{"footnotes":""},"class_list":["post-1741","page","type-page","status-publish","has-post-thumbnail","hentry"],"_links":{"self":[{"href":"https:\/\/fgmgp.usthb.dz\/index.php\/wp-json\/wp\/v2\/pages\/1741","targetHints":{"allow":["GET"]}}],"collection":[{"href":"https:\/\/fgmgp.usthb.dz\/index.php\/wp-json\/wp\/v2\/pages"}],"about":[{"href":"https:\/\/fgmgp.usthb.dz\/index.php\/wp-json\/wp\/v2\/types\/page"}],"author":[{"embeddable":true,"href":"https:\/\/fgmgp.usthb.dz\/index.php\/wp-json\/wp\/v2\/users\/1"}],"replies":[{"embeddable":true,"href":"https:\/\/fgmgp.usthb.dz\/index.php\/wp-json\/wp\/v2\/comments?post=1741"}],"version-history":[{"count":3,"href":"https:\/\/fgmgp.usthb.dz\/index.php\/wp-json\/wp\/v2\/pages\/1741\/revisions"}],"predecessor-version":[{"id":1917,"href":"https:\/\/fgmgp.usthb.dz\/index.php\/wp-json\/wp\/v2\/pages\/1741\/revisions\/1917"}],"wp:featuredmedia":[{"embeddable":true,"href":"https:\/\/fgmgp.usthb.dz\/index.php\/wp-json\/wp\/v2\/media\/1747"}],"wp:attachment":[{"href":"https:\/\/fgmgp.usthb.dz\/index.php\/wp-json\/wp\/v2\/media?parent=1741"}],"curies":[{"name":"wp","href":"https:\/\/api.w.org\/{rel}","templated":true}]}}