{"id":1832,"date":"2023-09-21T20:56:13","date_gmt":"2023-09-21T20:56:13","guid":{"rendered":"https:\/\/fgmgp.usthb.dz\/?page_id=1832"},"modified":"2025-01-06T20:10:12","modified_gmt":"2025-01-06T20:10:12","slug":"orientation-des-l2-genie-mecanique-admis-en-l3-en-2023-2024","status":"publish","type":"page","link":"https:\/\/fgmgp.usthb.dz\/index.php\/orientation-des-l2-genie-mecanique-admis-en-l3-en-2023-2024\/","title":{"rendered":"Orientation  des L2 G\u00e9nie M\u00e9canique admis en L3 en 2024\/2025"},"content":{"rendered":"\n<div class=\"wp-block-group\"><div class=\"wp-block-group__inner-container is-layout-flow wp-block-group-is-layout-flow\">\n<p>Vous trouverez ci-dessous les listes des \u00e9tudiants L2 en G\u00e9nie M\u00e9canique en 2023\/2024 qui sont admis en L3 dans leurs sp\u00e9cialit\u00e9 orienter pour 2024\/2025 :<\/p>\n\n\n\n<ul class=\"wp-block-list\">\n<li>Liste des \u00e9tudiants orienter en Licence 3<sup>eme<\/sup> Construction M\u00e9canique<\/li>\n\n\n\n<li>Liste des \u00e9tudiants orienter en Licence 3<sup>eme<\/sup> G\u00e9nie des Mgt\u00e9riaux<\/li>\n\n\n\n<li>Liste des \u00e9tudiants orienter en Licence 3<sup>eme<\/sup> Energ\u00e9tique<\/li>\n<\/ul>\n<\/div><\/div>\n\n\n\n<div class=\"wp-block-group\"><div class=\"wp-block-group__inner-container is-layout-flow wp-block-group-is-layout-flow\">\n<h3 class=\"wp-block-heading\">La r\u00e9partition  par section :<\/h3>\n\n\n\n<p>Vous trouverez ci-dessous les listes des \u00e9tudiants Licence 3<sup>eme<\/sup> ann\u00e9e des 3 sp\u00e9cialit\u00e9s en Licence de la fili\u00e8re G\u00e9nie M\u00e9canique r\u00e9partis en section et groupe par les chefs de d\u00e9partement, incluant les nouveaux et les ajourn\u00e9e<\/p>\n\n\n\n<ul class=\"wp-block-list\">\n<li>Licence 3<sup>eme<\/sup> ann\u00e9e Construction M\u00e9canique :\n<ul class=\"wp-block-list\">\n<li>Section A<\/li>\n\n\n\n<li>Section B<\/li>\n<\/ul>\n<\/li>\n<\/ul>\n\n\n\n<h2 class=\"wp-block-heading has-text-align-center\">NB : pour tous changement de section ou de groupe, adressez vous \u00e0 votre d\u00e9partement<\/h2>\n\n\n\n<p><\/p>\n<\/div><\/div>\n","protected":false},"excerpt":{"rendered":"<p>Vous trouverez ci-dessous les listes des \u00e9tudiants L2 en G\u00e9nie M\u00e9canique en 2023\/2024 qui sont admis en L3 dans leurs <span class=\"readmore\"><a href=\"https:\/\/fgmgp.usthb.dz\/index.php\/orientation-des-l2-genie-mecanique-admis-en-l3-en-2023-2024\/\">Suite<\/a><\/span><\/p>\n","protected":false},"author":1,"featured_media":2184,"parent":0,"menu_order":0,"comment_status":"closed","ping_status":"closed","template":"","meta":{"footnotes":""},"class_list":["post-1832","page","type-page","status-publish","has-post-thumbnail","hentry"],"_links":{"self":[{"href":"https:\/\/fgmgp.usthb.dz\/index.php\/wp-json\/wp\/v2\/pages\/1832","targetHints":{"allow":["GET"]}}],"collection":[{"href":"https:\/\/fgmgp.usthb.dz\/index.php\/wp-json\/wp\/v2\/pages"}],"about":[{"href":"https:\/\/fgmgp.usthb.dz\/index.php\/wp-json\/wp\/v2\/types\/page"}],"author":[{"embeddable":true,"href":"https:\/\/fgmgp.usthb.dz\/index.php\/wp-json\/wp\/v2\/users\/1"}],"replies":[{"embeddable":true,"href":"https:\/\/fgmgp.usthb.dz\/index.php\/wp-json\/wp\/v2\/comments?post=1832"}],"version-history":[{"count":6,"href":"https:\/\/fgmgp.usthb.dz\/index.php\/wp-json\/wp\/v2\/pages\/1832\/revisions"}],"predecessor-version":[{"id":2451,"href":"https:\/\/fgmgp.usthb.dz\/index.php\/wp-json\/wp\/v2\/pages\/1832\/revisions\/2451"}],"wp:featuredmedia":[{"embeddable":true,"href":"https:\/\/fgmgp.usthb.dz\/index.php\/wp-json\/wp\/v2\/media\/2184"}],"wp:attachment":[{"href":"https:\/\/fgmgp.usthb.dz\/index.php\/wp-json\/wp\/v2\/media?parent=1832"}],"curies":[{"name":"wp","href":"https:\/\/api.w.org\/{rel}","templated":true}]}}