{"id":1842,"date":"2023-09-24T14:12:14","date_gmt":"2023-09-24T14:12:14","guid":{"rendered":"https:\/\/fgmgp.usthb.dz\/?page_id=1842"},"modified":"2025-01-06T20:16:30","modified_gmt":"2025-01-06T20:16:30","slug":"notes-aux-etudiants-2","status":"publish","type":"page","link":"https:\/\/fgmgp.usthb.dz\/index.php\/notes-aux-etudiants-2\/","title":{"rendered":"Annonce importrante aux etudiants"},"content":{"rendered":"\n<div class=\"wp-block-group\"><div class=\"wp-block-group__inner-container is-layout-flow wp-block-group-is-layout-flow\">\n<div class=\"wp-block-group\"><div class=\"wp-block-group__inner-container is-layout-flow wp-block-group-is-layout-flow\">\n<p> Comment payer les frais d&#8217;inscriptions en ligne ?  <\/p>\n\n\n\n<ul class=\"wp-block-list\">\n<li>Pour payer les frais d&#8217;inscription en ligne vous n&#8217;avez qu&#8217;\u00e0 <a href=\"https:\/\/progres.mesrs.dz\/epaiement\/login.xhtml\" target=\"_blank\" rel=\"noreferrer noopener\">Cliquer-ici<\/a> pour acc\u00e9der \u00e0 la plateforme de paiement des frais en ligne, vous aurez 3 frais \u00e0 payer :\n<ul class=\"wp-block-list\">\n<li>Frais d&#8217;inscription <\/li>\n\n\n\n<li>Frais d&#8217;h\u00e9bergement <\/li>\n\n\n\n<li>Frais de transport <\/li>\n<\/ul>\n<\/li>\n<\/ul>\n\n\n\n<p>Pour chacune des frais il va falloir saisir l&#8217;ann\u00e9e du BAC, le matricule du BAC et de faire le Captcha puis validez les informations, il vous affiche un r\u00e9capitulatif, puis refaite le Captcha une deuxi\u00e8me fois puis cliquez sur &#8221; Je paie les frais d&#8217;inscription&#8221;, puis, le syst\u00e8me vous redirigeras vers le syst\u00e8me de la poste, vous n&#8217;avez qu&#8217;\u00e0 suivre les \u00e9tapes pour confirmer le paiement de vos frais d&#8217;inscription.<\/p>\n<\/div><\/div>\n\n\n\n<div class=\"wp-block-group\"><div class=\"wp-block-group__inner-container is-layout-flow wp-block-group-is-layout-flow\">\n<div class=\"wp-block-group\"><div class=\"wp-block-group__inner-container is-layout-flow wp-block-group-is-layout-flow\">\n<ul style=\"background-color:#559fd0\" class=\"wp-block-list has-background\">\n<li>Les \u00e9tudiants qui n&#8217;arrivent pas \u00e0 payer les frais d&#8217;inscriptions en ligne soit :\n<ul class=\"wp-block-list\">\n<li> Ce sont des nouveaux L3 (en G\u00e9nie M\u00e9canique) ou M1 : c&#8217;est parce que les d\u00e9partements n&#8217;ont pas encore inscrit l&#8217;orientation sur la plateforme PROGRES &#8212; il faudrat voir \u00e7a avec les d\u00e9partements<\/li>\n\n\n\n<li>Ou bien, si ce sont des Ajourn\u00e9s, c&#8217;est qu&#8217;ils ne sont pas reinscrit pour l&#8217;ann\u00e9e academique 2024\/2025 sur la plateforme PROGRES<\/li>\n<\/ul>\n<\/li>\n<\/ul>\n<\/div><\/div>\n<\/div><\/div>\n<\/div><\/div>\n\n\n\n<p><\/p>\n","protected":false},"excerpt":{"rendered":"<p>Comment payer les frais d&#8217;inscriptions en ligne ? Pour chacune des frais il va falloir saisir l&#8217;ann\u00e9e du BAC, le <span class=\"readmore\"><a href=\"https:\/\/fgmgp.usthb.dz\/index.php\/notes-aux-etudiants-2\/\">Suite<\/a><\/span><\/p>\n","protected":false},"author":1,"featured_media":2175,"parent":0,"menu_order":0,"comment_status":"closed","ping_status":"closed","template":"","meta":{"footnotes":""},"class_list":["post-1842","page","type-page","status-publish","has-post-thumbnail","hentry"],"_links":{"self":[{"href":"https:\/\/fgmgp.usthb.dz\/index.php\/wp-json\/wp\/v2\/pages\/1842","targetHints":{"allow":["GET"]}}],"collection":[{"href":"https:\/\/fgmgp.usthb.dz\/index.php\/wp-json\/wp\/v2\/pages"}],"about":[{"href":"https:\/\/fgmgp.usthb.dz\/index.php\/wp-json\/wp\/v2\/types\/page"}],"author":[{"embeddable":true,"href":"https:\/\/fgmgp.usthb.dz\/index.php\/wp-json\/wp\/v2\/users\/1"}],"replies":[{"embeddable":true,"href":"https:\/\/fgmgp.usthb.dz\/index.php\/wp-json\/wp\/v2\/comments?post=1842"}],"version-history":[{"count":3,"href":"https:\/\/fgmgp.usthb.dz\/index.php\/wp-json\/wp\/v2\/pages\/1842\/revisions"}],"predecessor-version":[{"id":2453,"href":"https:\/\/fgmgp.usthb.dz\/index.php\/wp-json\/wp\/v2\/pages\/1842\/revisions\/2453"}],"wp:featuredmedia":[{"embeddable":true,"href":"https:\/\/fgmgp.usthb.dz\/index.php\/wp-json\/wp\/v2\/media\/2175"}],"wp:attachment":[{"href":"https:\/\/fgmgp.usthb.dz\/index.php\/wp-json\/wp\/v2\/media?parent=1842"}],"curies":[{"name":"wp","href":"https:\/\/api.w.org\/{rel}","templated":true}]}}