{"id":1876,"date":"2023-10-02T08:39:14","date_gmt":"2023-10-02T08:39:14","guid":{"rendered":"https:\/\/fgmgp.usthb.dz\/?page_id=1876"},"modified":"2025-06-04T12:14:12","modified_gmt":"2025-06-04T12:14:12","slug":"conference-ic_mes2023","status":"publish","type":"page","link":"https:\/\/fgmgp.usthb.dz\/index.php\/conference-ic_mes2023\/","title":{"rendered":"Emplois du temps"},"content":{"rendered":"\n<p class=\"has-text-align-center has-blue-color has-text-color has-link-color has-huge-font-size wp-elements-c4bd9dbd2e311a4af5d5a1eca219f37c\"><strong>Planning des examens de Rattrapage du semestre 2&nbsp;<\/strong><\/p>\n\n\n\n<p class=\"has-text-align-center has-blue-color has-text-color has-link-color has-huge-font-size wp-elements-214997581fd88ba65df8a01f3b32e3c6\"><strong> l\u2019ann\u00e9e 2024\/2025<\/strong><\/p>\n\n\n\n<p class=\"has-text-align-center has-black-color has-text-color has-background has-link-color has-normal-font-size wp-elements-90b411a220d858f17bf104b8b148a0a7\" style=\"background-color:#88acde\"><strong>Cycle Ing\u00e9nieur<\/strong><\/p>\n\n\n\n<p class=\"has-blue-color has-text-color has-link-color has-normal-font-size wp-elements-cc459e99ba2c7589052d770f4648f5d4\"><strong><em>G\u00e9nie M\u00e9canique:<\/em><\/strong><\/p>\n\n\n\n<ul class=\"wp-block-list has-normal-font-size\">\n<li><a href=\"http:\/\/fgmgp.usthb.dz\/wp-content\/uploads\/2025\/05\/1-ING-GM.pdf\" target=\"_blank\" rel=\"noreferrer noopener\">1<sup>er<\/sup>&nbsp;ann\u00e9e Ing\u00e9nieur G\u00e9nie M\u00e9canique section A &amp; B<\/a> <strong> <\/strong><\/li>\n\n\n\n<li><a href=\"http:\/\/fgmgp.usthb.dz\/wp-content\/uploads\/2025\/06\/2-ING-ST-GM-1-1.pdf\" target=\"_blank\" rel=\"noreferrer noopener\">2eme ann\u00e9e Ing\u00e9nieur G\u00e9nie M\u00e9canique<\/a><\/li>\n\n\n\n<li><a href=\"http:\/\/fgmgp.usthb.dz\/wp-content\/uploads\/2025\/05\/2-ING-ST.pdf\" target=\"_blank\" rel=\"noreferrer noopener\">2eme ann\u00e9e Ing\u00e9nieur<strong> <\/strong>ST section A &amp; B  &amp; C<\/a> <\/li>\n\n\n\n<li class=\"has-normal-font-size\"><a href=\"http:\/\/fgmgp.usthb.dz\/wp-content\/uploads\/2025\/05\/Planning-des-examens-S2_3ING_CSSM_25-1-1.pdf\" target=\"_blank\" rel=\"noreferrer noopener\">3eme ann\u00e9e Ing\u00e9nieur Conception des Syst\u00e8mes et des Structures M\u00e9caniques CSSM<\/a> <\/li>\n<\/ul>\n\n\n\n<p class=\"has-blue-color has-text-color has-link-color has-normal-font-size wp-elements-f8c889ccff4fcee567b7e76edb788a3f\"><strong><em>G\u00e9nie des Proc\u00e9d\u00e9s:<\/em><\/strong><\/p>\n\n\n\n<ul class=\"wp-block-list\">\n<li class=\"has-normal-font-size\"><a href=\"http:\/\/fgmgp.usthb.dz\/wp-content\/uploads\/2025\/05\/PLANNING-EXM-1ing2025-2.pdf\" target=\"_blank\" rel=\"noreferrer noopener\">1<sup>er<\/sup>&nbsp;ann\u00e9e Ing\u00e9nieur G\u00e9nie des Proc\u00e9d\u00e9s<\/a><\/li>\n\n\n\n<li class=\"has-normal-font-size\"><a href=\"http:\/\/fgmgp.usthb.dz\/wp-content\/uploads\/2025\/05\/PLANNING-EXM-2ing2025-1.pdf\" target=\"_blank\" rel=\"noreferrer noopener\">2<sup>eme<\/sup>&nbsp;ann\u00e9e Ing\u00e9nieur G\u00e9nie des Proc\u00e9d\u00e9s<\/a><\/li>\n\n\n\n<li class=\"has-normal-font-size\"><a href=\"http:\/\/fgmgp.usthb.dz\/wp-content\/uploads\/2025\/05\/Planning-des-examens-du-S2_-3-eme-annee-ING-TTEE_2024-2025-finale-1.pdf\" target=\"_blank\" rel=\"noreferrer noopener\">3eme ann\u00e9e Ing\u00e9niorat en Technologies de traitement des Eaux et Exploitation<\/a><\/li>\n<\/ul>\n\n\n\n<p class=\"has-text-align-center has-background has-normal-font-size\" style=\"background:linear-gradient(135deg,rgba(92,132,187,0.73) 41%,rgb(140,181,231) 100%,rgb(6,147,227) 100%,rgb(155,81,224) 100%)\"><strong>Licence<\/strong>&nbsp;<strong>Deuxi\u00e8me ann\u00e9e<\/strong><\/p>\n\n\n\n<p class=\"has-blue-color has-text-color has-link-color wp-elements-66ebe02955455bbc9d93624a58e6c017\"><strong><em>G\u00e9nie M\u00e9canique:<\/em><\/strong><\/p>\n\n\n\n<ul class=\"wp-block-list\">\n<li class=\"has-normal-font-size\"><a href=\"http:\/\/fgmgp.usthb.dz\/wp-content\/uploads\/2025\/05\/EXAMENS_L2_S2.pdf\" target=\"_blank\" rel=\"noreferrer noopener\">2<sup>eme<\/sup>\u00a0ann\u00e9e Licence G\u00e9nie M\u00e9canique\u00a0<strong>A(H)<\/strong>&amp;\u00a0<strong>B(I)<\/strong>\u00a0&amp;\u00a0<strong>C(J)\u00a0<\/strong>&amp;<strong>\u00a0D(K)<\/strong>\u00a0&amp;\u00a0<strong>E(L)<\/strong><\/a><\/li>\n<\/ul>\n\n\n\n<p class=\"has-blue-color has-text-color has-link-color has-normal-font-size wp-elements-f8c889ccff4fcee567b7e76edb788a3f\"><strong><em>G\u00e9nie des Proc\u00e9d\u00e9s:<\/em><\/strong><\/p>\n\n\n\n<ul class=\"wp-block-list\">\n<li class=\"has-normal-font-size\"><a href=\"http:\/\/fgmgp.usthb.dz\/wp-content\/uploads\/2025\/05\/PLannig-des-Examens-du-S2-de-L2-GP_-S2_-2024-2025-finale-1-1.pdf\" target=\"_blank\" rel=\"noreferrer noopener\">2<sup>eme<\/sup>&nbsp;ann\u00e9e Licence G\u00e9nie des Proc\u00e9d\u00e9s Section <strong>C<\/strong>&amp;<strong>D<\/strong>&amp;<strong>E<\/strong>&amp;<strong>F<\/strong>&amp;<strong>ADC<\/strong><\/a><\/li>\n<\/ul>\n\n\n\n<p class=\"has-text-align-center has-background has-normal-font-size\" style=\"background-color:#7397bb\"><strong>Licence Troisi\u00e8me ann\u00e9e<\/strong><\/p>\n\n\n\n<p class=\"has-blue-color has-text-color has-link-color wp-elements-66ebe02955455bbc9d93624a58e6c017\"><strong><em>G\u00e9nie M\u00e9canique:<\/em><\/strong><\/p>\n\n\n\n<ul class=\"wp-block-list\">\n<li class=\"has-normal-font-size\"><a href=\"http:\/\/fgmgp.usthb.dz\/wp-content\/uploads\/2025\/06\/planning-des-examens-S2_L3CM-AB_25-1.pdf\" target=\"_blank\" rel=\"noreferrer noopener\">3<sup>eme<\/sup>\u00a0ann\u00e9e Licence Construction M\u00e9canique section A &amp; B<\/a><\/li>\n\n\n\n<li class=\"has-normal-font-size\"><a href=\"http:\/\/fgmgp.usthb.dz\/wp-content\/uploads\/2025\/06\/planning-examen-S2-2025-GM-L3-2.pdf\" target=\"_blank\" rel=\"noreferrer noopener\">3<sup>eme<\/sup>&nbsp;ann\u00e9e Licence G\u00e9nie des Mat\u00e9riaux section A &amp; B<\/a><\/li>\n\n\n\n<li class=\"has-normal-font-size\"><a href=\"http:\/\/fgmgp.usthb.dz\/wp-content\/uploads\/2025\/06\/L3-TE.pdf\" target=\"_blank\" rel=\"noreferrer noopener\">3<sup>eme<\/sup>\u00a0ann\u00e9e Licence Energ\u00e9tique section A &amp; B<\/a><\/li>\n<\/ul>\n\n\n\n<p class=\"has-blue-color has-text-color has-link-color has-normal-font-size wp-elements-c3309caf4e871e691e8b081938d9a0d4\"><strong>G\u00e9nie des Proc\u00e9d\u00e9s:<\/strong><\/p>\n\n\n\n<ul class=\"wp-block-list\">\n<li class=\"has-normal-font-size\"><a href=\"http:\/\/fgmgp.usthb.dz\/wp-content\/uploads\/2025\/05\/Planning-des-examens-du-S2-_L3_-GP_-A-B-C-D-E-2024-2025-finale-1.pdf\" target=\"_blank\" rel=\"noreferrer noopener\">3<sup>eme<\/sup>&nbsp;ann\u00e9e Licence G\u00e9nie des Proc\u00e9d\u00e9s section A &amp; B &amp; C &amp; D &amp; E<\/a><\/li>\n<\/ul>\n\n\n\n<p class=\"has-text-align-center has-background has-normal-font-size\" style=\"background-color:#6891ae\"><strong>Master 1 &amp;2<\/strong><\/p>\n\n\n\n<p class=\"has-blue-color has-text-color has-link-color has-normal-font-size wp-elements-cc459e99ba2c7589052d770f4648f5d4\"><strong><em>G\u00e9nie M\u00e9canique:<\/em><\/strong><\/p>\n\n\n\n<ul class=\"wp-block-list has-normal-font-size\">\n<li><a href=\"http:\/\/fgmgp.usthb.dz\/wp-content\/uploads\/2025\/06\/1\u00b0-Annee-MASTER-FABRICATION-MECANIQUE-ET-PRODUCTIQUE.pdf\" target=\"_blank\" rel=\"noreferrer noopener\">Master 1 FMP<\/a><\/li>\n\n\n\n<li><a href=\"http:\/\/fgmgp.usthb.dz\/wp-content\/uploads\/2025\/06\/1\u00b0-Annee-MASTER-MIMI.pdf\" target=\"_blank\" rel=\"noreferrer noopener\">Master 1  MIMI<\/a><\/li>\n\n\n\n<li><a href=\"http:\/\/fgmgp.usthb.dz\/wp-content\/uploads\/2025\/06\/1\u00b0-Annee-MASTER-INGM.pdf\" target=\"_blank\" rel=\"noreferrer noopener\">Master 1  INGM<\/a><\/li>\n\n\n\n<li><a href=\"http:\/\/fgmgp.usthb.dz\/wp-content\/uploads\/2025\/06\/1Annee-MASTER-INGS.pdf\" target=\"_blank\" rel=\"noreferrer noopener\">Master 1 INGS<\/a><\/li>\n\n\n\n<li><a href=\"http:\/\/fgmgp.usthb.dz\/wp-content\/uploads\/2025\/06\/1\u00b0-Annee-MASTER-CONSTRUCTION-MECANIQUE.pdf\" target=\"_blank\" rel=\"noreferrer noopener\">Master 1 CM<\/a><\/li>\n\n\n\n<li><a href=\"http:\/\/fgmgp.usthb.dz\/wp-content\/uploads\/2025\/06\/1\u00b0-Annee-MASTER-Semestre-2-ENERGIES-RENOUVELABLES-EN-MECANIQUE.pdf\" target=\"_blank\" rel=\"noreferrer noopener\">Master 1 ERM<\/a><\/li>\n\n\n\n<li><a href=\"http:\/\/fgmgp.usthb.dz\/wp-content\/uploads\/2025\/06\/1\u00b0-Annee-MASTER-Semestre-2-ENERGETIQUE.pdf\" target=\"_blank\" rel=\"noreferrer noopener\">Master 1  Energ\u00e9tique<\/a><\/li>\n\n\n\n<li><a href=\"http:\/\/fgmgp.usthb.dz\/wp-content\/uploads\/2025\/06\/1\u00b0-Annee-MASTER-Semestre-2-GENIE-CLIMATIQUE.pdf\" target=\"_blank\" rel=\"noreferrer noopener\">Master 1 G\u00e9nie Climatique<\/a><\/li>\n\n\n\n<li><a href=\"http:\/\/fgmgp.usthb.dz\/wp-content\/uploads\/2025\/06\/M1-INSTALLATIONS-ENERGETIQUES-ET-TURBOMACHINES.pdf\" target=\"_blank\" rel=\"noreferrer noopener\">Master 1 Installations Energ\u00e9tique &amp; Turbomachines<\/a><\/li>\n\n\n\n<li><a href=\"http:\/\/fgmgp.usthb.dz\/wp-content\/uploads\/2025\/06\/1\u00b0-Annee-MASTER-semestre-2-TECHNOLOGIE-DES-MATERIAUX-ET-PROCEDES-DE-FABRICATION.pdf\" target=\"_blank\" rel=\"noreferrer noopener\">Master 1 Technologie des Mat\u00e9riaux et Proc\u00e9d\u00e9s de Fabrication<\/a><\/li>\n\n\n\n<li><a href=\"http:\/\/fgmgp.usthb.dz\/wp-content\/uploads\/2025\/06\/1\u00b0-Annee-MASTER-semestre-2-GENIE-DES-MATERIAUX.pdf\" target=\"_blank\" rel=\"noreferrer noopener\">Master 1 G\u00e9nie des Mat\u00e9riaux<\/a><\/li>\n\n\n\n<li><a href=\"http:\/\/fgmgp.usthb.dz\/wp-content\/uploads\/2025\/06\/1\u00b0-Annee-MASTER-semestre-2-INGENIERIE-DES-MATERIAUX-ET-DES-SURFACES-MODULE-DATE-HORAIRE.pdf\" target=\"_blank\" rel=\"noreferrer noopener\">Master 1 Ing\u00e9nierie des Mat\u00e9riaux et des Surfaces<\/a><\/li>\n\n\n\n<li><a href=\"http:\/\/fgmgp.usthb.dz\/wp-content\/uploads\/2025\/06\/1\u00b0-Annee-MASTER-semestre-2-EXPERTISE-ET-CONTROLE-DES-MATERIAUX.pdf\" target=\"_blank\" rel=\"noreferrer noopener\">Master 1 Expertise et Contr\u00f4le des Mat\u00e9riaux<\/a><\/li>\n<\/ul>\n\n\n\n<p class=\"has-blue-color has-text-color has-link-color has-normal-font-size wp-elements-f8c889ccff4fcee567b7e76edb788a3f\"><strong><em>G\u00e9nie des Proc\u00e9d\u00e9s:<\/em><\/strong><\/p>\n\n\n\n<ul class=\"wp-block-list\">\n<li class=\"has-normal-font-size\"><a href=\"http:\/\/fgmgp.usthb.dz\/wp-content\/uploads\/2025\/05\/Master-1\u00b0-Annee-GENIE-DES-PROCEDES-CRYOGENIQUES-Semestre-2.pdf\" target=\"_blank\" rel=\"noreferrer noopener\">Master 1 G\u00e9nie Des Proc\u00e9d\u00e9s Cryog\u00e9nique<\/a><\/li>\n\n\n\n<li class=\"has-normal-font-size\"><a href=\"http:\/\/fgmgp.usthb.dz\/wp-content\/uploads\/2025\/05\/M1-GENIE-DES-PROCEDES-DES-MATERIAUX.pdf\" target=\"_blank\" rel=\"noreferrer noopener\">Master 1 G\u00e9nie des Proc\u00e9d\u00e9s des Mat\u00e9riaux<\/a><\/li>\n\n\n\n<li class=\"has-normal-font-size\"><a href=\"http:\/\/fgmgp.usthb.dz\/wp-content\/uploads\/2025\/05\/Master-1-Annee-Semestre-2-GENIE-DE-RAFFINAGE.pdf\" target=\"_blank\" rel=\"noreferrer noopener\">Master 1 G\u00e9nie du Raffinage<\/a><\/li>\n\n\n\n<li class=\"has-normal-font-size\"><a href=\"http:\/\/fgmgp.usthb.dz\/wp-content\/uploads\/2025\/05\/M1_GCC-AB.pdf\" target=\"_blank\" rel=\"noreferrer noopener\">Master 1 G\u00e9nie Chimique Section A et B<\/a><\/li>\n\n\n\n<li class=\"has-normal-font-size\"><a href=\"http:\/\/fgmgp.usthb.dz\/wp-content\/uploads\/2025\/05\/MASTER-1GENIE-PHARMACEUTIQUE-GPH.pdf\" target=\"_blank\" rel=\"noreferrer noopener\">Master 1 G\u00e9nie Pharmaceutique (section A&amp;B)<\/a><\/li>\n\n\n\n<li class=\"has-normal-font-size\"><a href=\"http:\/\/fgmgp.usthb.dz\/wp-content\/uploads\/2025\/05\/M1-G-ALIM.pdf\" target=\"_blank\" rel=\"noreferrer noopener\">Master 1 G\u00e9nie Alimentaire<\/a><\/li>\n\n\n\n<li class=\"has-normal-font-size\"><a href=\"http:\/\/fgmgp.usthb.dz\/wp-content\/uploads\/2025\/05\/M1GENIE-DES-PROCEDES-DE-LENVIRONEMENT.pdf\" target=\"_blank\" rel=\"noreferrer noopener\">Master 1 G\u00e9nie des Proc\u00e9d\u00e9s de L\u2019Environnement A &amp; B<\/a><\/li>\n\n\n\n<li class=\"has-normal-font-size\"><a href=\"http:\/\/fgmgp.usthb.dz\/wp-content\/uploads\/2025\/05\/M1-MASTER-DESSALEMENT.pdf\" target=\"_blank\" rel=\"noreferrer noopener\">Master 1 Dessalement<\/a><\/li>\n\n\n\n<li class=\"has-normal-font-size\"><a href=\"http:\/\/fgmgp.usthb.dz\/wp-content\/uploads\/2025\/05\/M1-ING-DD.pdf\" target=\"_blank\" rel=\"noreferrer noopener\">Master 1 Ing D\u00e9veloppement Durable.<\/a><\/li>\n\n\n\n<li class=\"has-normal-font-size\"><a href=\"http:\/\/fgmgp.usthb.dz\/wp-content\/uploads\/2025\/05\/SEMESTRE-1ere-Annee-Master-Science-et-Technologie-du-Medicament-STM.pdf\" target=\"_blank\" rel=\"noreferrer noopener\">Master 1 Science et Technologie du M\u00e9dicament (STM)<\/a><\/li>\n<\/ul>\n\n\n\n<div class=\"wp-block-group\"><div class=\"wp-block-group__inner-container is-layout-flow wp-block-group-is-layout-flow\">\n<p><\/p>\n\n\n\n<p><\/p>\n\n\n\n<p><\/p>\n<\/div><\/div>\n\n\n\n<p><\/p>\n","protected":false},"excerpt":{"rendered":"<p>Planning des examens de Rattrapage du semestre 2&nbsp; l\u2019ann\u00e9e 2024\/2025 Cycle Ing\u00e9nieur G\u00e9nie M\u00e9canique: G\u00e9nie des Proc\u00e9d\u00e9s: Licence&nbsp;Deuxi\u00e8me ann\u00e9e G\u00e9nie <span class=\"readmore\"><a href=\"https:\/\/fgmgp.usthb.dz\/index.php\/conference-ic_mes2023\/\">Suite<\/a><\/span><\/p>\n","protected":false},"author":1,"featured_media":2496,"parent":0,"menu_order":0,"comment_status":"closed","ping_status":"closed","template":"","meta":{"footnotes":""},"class_list":["post-1876","page","type-page","status-publish","has-post-thumbnail","hentry"],"_links":{"self":[{"href":"https:\/\/fgmgp.usthb.dz\/index.php\/wp-json\/wp\/v2\/pages\/1876","targetHints":{"allow":["GET"]}}],"collection":[{"href":"https:\/\/fgmgp.usthb.dz\/index.php\/wp-json\/wp\/v2\/pages"}],"about":[{"href":"https:\/\/fgmgp.usthb.dz\/index.php\/wp-json\/wp\/v2\/types\/page"}],"author":[{"embeddable":true,"href":"https:\/\/fgmgp.usthb.dz\/index.php\/wp-json\/wp\/v2\/users\/1"}],"replies":[{"embeddable":true,"href":"https:\/\/fgmgp.usthb.dz\/index.php\/wp-json\/wp\/v2\/comments?post=1876"}],"version-history":[{"count":143,"href":"https:\/\/fgmgp.usthb.dz\/index.php\/wp-json\/wp\/v2\/pages\/1876\/revisions"}],"predecessor-version":[{"id":2990,"href":"https:\/\/fgmgp.usthb.dz\/index.php\/wp-json\/wp\/v2\/pages\/1876\/revisions\/2990"}],"wp:featuredmedia":[{"embeddable":true,"href":"https:\/\/fgmgp.usthb.dz\/index.php\/wp-json\/wp\/v2\/media\/2496"}],"wp:attachment":[{"href":"https:\/\/fgmgp.usthb.dz\/index.php\/wp-json\/wp\/v2\/media?parent=1876"}],"curies":[{"name":"wp","href":"https:\/\/api.w.org\/{rel}","templated":true}]}}