{"id":1894,"date":"2024-05-02T14:16:13","date_gmt":"2024-05-02T14:16:13","guid":{"rendered":"https:\/\/fgmgp.usthb.dz\/?page_id=1894"},"modified":"2024-05-02T17:51:03","modified_gmt":"2024-05-02T17:51:03","slug":"consultation-01-gmgp-2024","status":"publish","type":"page","link":"https:\/\/fgmgp.usthb.dz\/index.php\/consultation-01-gmgp-2024\/","title":{"rendered":"Consultation N\u00b0 01\/GMGP\/2024"},"content":{"rendered":"\n<div class=\"wp-block-group\"><div class=\"wp-block-group__inner-container is-layout-flow wp-block-group-is-layout-flow\">\n<p>La facult\u00e9 de G\u00e9nie M\u00e9canique et de G\u00e9nie des Proc\u00e8des (GM\/GP) lance une consultation relatives \u00e0 la prestation de restauration.<\/p>\n\n\n\n<p>Les soumissionnaires int\u00e9resses par la pr\u00e9sente consultation peuvent obtenir, gratuitement la fiche technique aupr\u00e8s du service des Moyens G\u00e9n\u00e9raux de la dite facult\u00e9.<\/p>\n\n\n\n<p>  Vous pouvez consulter le P.V de l&#8217;avis de consultation en <a href=\"\/wp-content\/uploads\/2024\/05\/consultation_01_FGMGP_2024.pdf\" data-type=\"page\" target=\"_blank\" rel=\"noreferrer noopener\">cliquant-ici<\/a>.  <\/p>\n<\/div><\/div>\n\n\n\n<p><\/p>\n","protected":false},"excerpt":{"rendered":"<p>La facult\u00e9 de G\u00e9nie M\u00e9canique et de G\u00e9nie des Proc\u00e8des (GM\/GP) lance une consultation relatives \u00e0 la prestation de restauration. <span class=\"readmore\"><a href=\"https:\/\/fgmgp.usthb.dz\/index.php\/consultation-01-gmgp-2024\/\">Suite<\/a><\/span><\/p>\n","protected":false},"author":1,"featured_media":0,"parent":0,"menu_order":0,"comment_status":"closed","ping_status":"closed","template":"","meta":{"footnotes":""},"class_list":["post-1894","page","type-page","status-publish","hentry"],"_links":{"self":[{"href":"https:\/\/fgmgp.usthb.dz\/index.php\/wp-json\/wp\/v2\/pages\/1894","targetHints":{"allow":["GET"]}}],"collection":[{"href":"https:\/\/fgmgp.usthb.dz\/index.php\/wp-json\/wp\/v2\/pages"}],"about":[{"href":"https:\/\/fgmgp.usthb.dz\/index.php\/wp-json\/wp\/v2\/types\/page"}],"author":[{"embeddable":true,"href":"https:\/\/fgmgp.usthb.dz\/index.php\/wp-json\/wp\/v2\/users\/1"}],"replies":[{"embeddable":true,"href":"https:\/\/fgmgp.usthb.dz\/index.php\/wp-json\/wp\/v2\/comments?post=1894"}],"version-history":[{"count":6,"href":"https:\/\/fgmgp.usthb.dz\/index.php\/wp-json\/wp\/v2\/pages\/1894\/revisions"}],"predecessor-version":[{"id":1913,"href":"https:\/\/fgmgp.usthb.dz\/index.php\/wp-json\/wp\/v2\/pages\/1894\/revisions\/1913"}],"wp:attachment":[{"href":"https:\/\/fgmgp.usthb.dz\/index.php\/wp-json\/wp\/v2\/media?parent=1894"}],"curies":[{"name":"wp","href":"https:\/\/api.w.org\/{rel}","templated":true}]}}