{"id":209,"date":"2022-03-07T08:17:55","date_gmt":"2022-03-07T08:17:55","guid":{"rendered":"http:\/\/193.194.89.196\/?page_id=209"},"modified":"2022-03-20T13:37:57","modified_gmt":"2022-03-20T13:37:57","slug":"inscription-et-reinscription","status":"publish","type":"page","link":"https:\/\/fgmgp.usthb.dz\/index.php\/inscription-et-reinscription\/","title":{"rendered":"Inscription et R\u00e9inscription"},"content":{"rendered":"\n<div class=\"wp-block-group\"><div class=\"wp-block-group__inner-container is-layout-flow wp-block-group-is-layout-flow\">\n<p> Les imprim\u00e9s n\u00e9cessaires \u00e0 la constitution du dossier d\u2019inscription ou de r\u00e9inscription sont \u00e0 t\u00e9l\u00e9charger, \u00e0 partir de cette page (Voir tableaux ci-dessous). <\/p>\n\n\n\n<p> Le dossier complet et d\u00fbment vis\u00e9 par le directeur de Th\u00e8se, le Chef de D\u00e9partement et le Doyen de la Facult\u00e9, le dossier sera d\u00e9pos\u00e9 par l\u2019\u00e9tudiant aupr\u00e8s du Secr\u00e9tariat du Vice D\u00e9canat charg\u00e9 de la Post-Graduation et de la Recherche Scientifiques et des Relations Ext\u00e9rieures. <\/p>\n<\/div><\/div>\n\n\n\n<div class=\"wp-block-group\"><div class=\"wp-block-group__inner-container is-layout-flow wp-block-group-is-layout-flow\">\n<div class=\"wp-block-group\"><div class=\"wp-block-group__inner-container is-layout-flow wp-block-group-is-layout-flow\">\n<h3 class=\"wp-block-heading\">DOSSIER DE PREMIERE INSCRIPTION DOCTORAT EN SCIENCES&nbsp;GM&amp;GP<\/h3>\n\n\n\n<ul class=\"wp-block-list\"><li><a href=\"\/wp-content\/uploads\/2022\/03\/2._autorisation_d_inscription_DOCTORAT-EN-SCIENCES.pdf\" target=\"_blank\" rel=\"noreferrer noopener\">Une autorisation d\u2019inscription en post-graduation.<\/a><\/li><li><a href=\"\/wp-content\/uploads\/2022\/03\/5._declaration_sur_l_honneur.pdf\" target=\"_blank\" rel=\"noreferrer noopener\">Une d\u00e9claration sur l\u2019honneur pour les \u00e9tudiants n\u2019exer\u00e7ant aucune activit\u00e9 r\u00e9mun\u00e9r\u00e9e.\u00a0<\/a><\/li><li><a href=\"\/wp-content\/uploads\/2022\/03\/1._demande_d_inscription_DOCTORAT-EN-SCIENCES.pdf\" target=\"_blank\" rel=\"noreferrer noopener\">Une demande d\u2019inscription.<\/a><\/li><li><a href=\"\/wp-content\/uploads\/2022\/03\/4._demande_d_inscription_hors_usthb.pdf\" target=\"_blank\" rel=\"noreferrer noopener\">Une demande d\u2019inscription pour les candidats n\u2019exer\u00e7ant pas \u00e0 l\u2019USTHB.\u00a0<\/a><\/li><li><a href=\"\/wp-content\/uploads\/2022\/03\/4._fiche_d_identification_du_sujet-1.pdf\" target=\"_blank\" rel=\"noreferrer noopener\">Fiche d\u2019identification du sujet.<\/a><\/li><li>Une attestation d\u2019\u00e9quivalences pour les dipl\u00f4mes obtenus \u00e0 l\u2019\u00e9tranger.<\/li><li>Les photocopies certifi\u00e9es des dipl\u00f4mes (y compris le Baccalaur\u00e9at).<\/li><li>Un extrait de naissance.<\/li><li>Un certificat de nationalit\u00e9 pour les \u00e9tudiants n\u00e9s \u00e0 l\u2019\u00e9tranger.<\/li><li>Deux photographies d\u2019identit\u00e9.<\/li><li>Une attestation de fonction pour l\u2019ann\u00e9e universitaire en cours.<\/li><li>R\u00e9c\u00e9piss\u00e9 portant paiement des droits d\u2019inscription 200.00 DA (pour les candidats hors USTHB, et pour ceux qui n\u2019exercent pas une fonction r\u00e9mun\u00e9r\u00e9e).<\/li><\/ul>\n<\/div><\/div>\n\n\n\n<div class=\"wp-block-group\"><div class=\"wp-block-group__inner-container is-layout-flow wp-block-group-is-layout-flow\">\n<h3 class=\"wp-block-heading\">DOSSIER DE REINSCRIPTION&nbsp;DOCTORAT EN SCIENCES  GM&amp;GP <\/h3>\n\n\n\n<ul class=\"wp-block-list\"><li><a href=\"\/wp-content\/uploads\/2022\/03\/3._autorisation_reinscription_DOCTORAT-EN-SCIENCES.pdf\" target=\"_blank\" rel=\"noreferrer noopener\">Une autorisation de r\u00e9inscription en post-graduation.\u00a0<\/a><\/li><li><a href=\"\/wp-content\/uploads\/2022\/03\/5._declaration_sur_l_honneur.pdf\" target=\"_blank\" rel=\"noreferrer noopener\">Une d\u00e9claration sur l\u2019honneur pour les \u00e9tudiants n\u2019exer\u00e7ant aucune activit\u00e9 r\u00e9mun\u00e9r\u00e9e.<\/a><\/li><li><a href=\"\/wp-content\/uploads\/2022\/03\/2._demande_de_reinscription_DOCTORAT-EN-SCIENCES.pdf\" target=\"_blank\" rel=\"noreferrer noopener\">Une demande de r\u00e9inscription.\u00a0<\/a><\/li><li><a href=\"\/wp-content\/uploads\/2022\/03\/4._demande_d_inscription_hors_usthb.pdf\" target=\"_blank\" rel=\"noreferrer noopener\">Une demande de r\u00e9inscription pour les candidats n\u2019exer\u00e7ant pas \u00e0 l\u2019USTHB.\u00a0<\/a><\/li><li><a href=\"\/wp-content\/uploads\/2022\/03\/1._etat_d_avancement_des_travaux_de_recherche.pdf\" target=\"_blank\" rel=\"noreferrer noopener\">Etat d\u2019avancement des travaux de recherche.<\/a><\/li><li>Une (01) photo d\u2019identit\u00e9.<\/li><li>Une attestation de fonction pour l\u2019ann\u00e9e universitaire en cours.<\/li><li>Une fiche d\u2019\u00e9tat civil en cas de changement d\u2019\u00e9tat civil.<\/li><li>R\u00e9c\u00e9piss\u00e9 portant paiement des droits d\u2019inscription 200.00 DA (pour les candidats hors USTHB et pour ceux qui n\u2019exer\u00e7ant pas une fonction r\u00e9mun\u00e9r\u00e9e).<\/li><\/ul>\n<\/div><\/div>\n\n\n\n<div class=\"wp-block-group\"><div class=\"wp-block-group__inner-container is-layout-flow wp-block-group-is-layout-flow\">\n<h3 class=\"wp-block-heading\">LE DOSSIER DE&nbsp;PREMIERE&nbsp;INSCRIPTION DOCTORAT LMD  GM&amp;GP <\/h3>\n\n\n\n<ul class=\"wp-block-list\"><li><a href=\"\/wp-content\/uploads\/2022\/03\/2._autorisation_d_inscription_d_lmd.pdf\" target=\"_blank\" rel=\"noreferrer noopener\">Une autorisation d\u2019inscription en post-graduation 1<sup>\u00e8re<\/sup>\u00a0Inscription.<\/a><\/li><li><a href=\"\/wp-content\/uploads\/2022\/03\/5._declaration_sur_l_honneur-1.pdf\" target=\"_blank\" rel=\"noreferrer noopener\">Une d\u00e9claration sur l\u2019honneur pour les \u00e9tudiants n\u2019exer\u00e7ant aucune activit\u00e9 r\u00e9mun\u00e9r\u00e9e.\u00a0<\/a><\/li><li><a href=\"\/wp-content\/uploads\/2022\/03\/4._demande_d_inscription_hors_usthb1.pdf\" target=\"_blank\" rel=\"noreferrer noopener\">Une demande d\u2019inscription pour les candidats n\u2019exer\u00e7ant pas \u00e0 l\u2019USTHB.\u00a0<\/a><\/li><li><a href=\"\/wp-content\/uploads\/2022\/03\/1._demande_d_inscription_d_lmd.pdf\" target=\"_blank\" rel=\"noreferrer noopener\">Une demande d\u2019inscription.<\/a><\/li><li><a href=\"\/wp-content\/uploads\/2022\/03\/4._fiche_d_identification_du_sujet-1-1.pdf\" target=\"_blank\" rel=\"noreferrer noopener\">Fiche d\u2019identification du sujet.<\/a><\/li><li>Une attestation d\u2019\u00e9quivalences pour les dipl\u00f4mes obtenus \u00e0 l\u2019\u00e9tranger.<\/li><li>Les photocopies certifi\u00e9es des dipl\u00f4mes (y compris le Baccalaur\u00e9at).<\/li><li>Un extrait de naissance.<\/li><li>Un certificat de nationalit\u00e9 pour les \u00e9tudiants n\u00e9s \u00e0 l\u2019\u00e9tranger.<\/li><li>Deux photos d\u2019identit\u00e9.<\/li><li>Une attestation de fonction pour l\u2019ann\u00e9e universitaire en cours.<\/li><li>R\u00e9c\u00e9piss\u00e9 portant paiement des droits d\u2019inscription 200.00 DA (pour les candidats hors USTHB, et pour ceux qui n\u2019exercent pas une fonction r\u00e9mun\u00e9r\u00e9e)<\/li><\/ul>\n<\/div><\/div>\n\n\n\n<div class=\"wp-block-group\"><div class=\"wp-block-group__inner-container is-layout-flow wp-block-group-is-layout-flow\">\n<h3 class=\"wp-block-heading\">LE DOSSIER DE REINSCRIPTION&nbsp;DOCTORAT LMD  GM&amp;GP <\/h3>\n\n\n\n<ul class=\"wp-block-list\"><li><a href=\"\/wp-content\/uploads\/2022\/03\/3._autorisation_reinscription_d_lmd.pdf\" target=\"_blank\" rel=\"noreferrer noopener\">Une autorisation de r\u00e9inscription en post-graduation.<\/a><\/li><li><a href=\"\/wp-content\/uploads\/2022\/03\/3._autorisation_reinscription_d_lmd-1.pdf\" target=\"_blank\" rel=\"noreferrer noopener\">Une d\u00e9claration sur l\u2019honneur pour les \u00e9tudiants n\u2019exer\u00e7ant aucune activit\u00e9 r\u00e9mun\u00e9r\u00e9e.<\/a><\/li><li><a href=\"\/wp-content\/uploads\/2022\/03\/3._autorisation_reinscription_d_lmd-1.pdf\" target=\"_blank\" rel=\"noreferrer noopener\">Une demande de r\u00e9inscription pour les candidats n\u2019exer\u00e7ant pas \u00e0 l\u2019USTHB.\u00a0<\/a><\/li><li><a href=\"\/wp-content\/uploads\/2022\/03\/2._demande_de_reinscription_d_lmd.pdf\" target=\"_blank\" rel=\"noreferrer noopener\">Une demande de r\u00e9inscription.\u00a0<\/a><\/li><li><a href=\"\/wp-content\/uploads\/2022\/03\/1._etat_d_avancement_des_travaux_de_recherche-1.pdf\" target=\"_blank\" rel=\"noreferrer noopener\">Etat d\u2019avancement des travaux de recherche.<\/a><\/li><li>Une (01) photographies d\u2019identit\u00e9.<\/li><li>Une attestation de fonction pour l\u2019ann\u00e9e universitaire en cours.<\/li><li>Une fiche d\u2019\u00e9tat civil en cas de changement d\u2019\u00e9tat civil.<\/li><li>R\u00e9c\u00e9piss\u00e9 portant paiement des droits d\u2019inscription 200.00 DA (pour les candidats hors USTHB et pour ceux qui n\u2019exer\u00e7ant pas une fonction r\u00e9mun\u00e9r\u00e9e).<\/li><\/ul>\n<\/div><\/div>\n<\/div><\/div>\n\n\n\n<p class=\"has-text-color\" style=\"color:#920000\"><strong>N.B&nbsp;: Les dossiers sont trait\u00e9s au moment m\u00eame du d\u00e9p\u00f4t. Tout dossier incomplet ou non conforme sera rejet\u00e9. Veillez \u00e0 remplir les imprim\u00e9s avec le plus grand soin et de fa\u00e7on lisible.<\/strong><\/p>\n","protected":false},"excerpt":{"rendered":"<p>Les imprim\u00e9s n\u00e9cessaires \u00e0 la constitution du dossier d\u2019inscription ou de r\u00e9inscription sont \u00e0 t\u00e9l\u00e9charger, \u00e0 partir de cette page <span class=\"readmore\"><a href=\"https:\/\/fgmgp.usthb.dz\/index.php\/inscription-et-reinscription\/\">Suite<\/a><\/span><\/p>\n","protected":false},"author":1,"featured_media":0,"parent":0,"menu_order":0,"comment_status":"closed","ping_status":"closed","template":"","meta":{"footnotes":""},"class_list":["post-209","page","type-page","status-publish","hentry"],"_links":{"self":[{"href":"https:\/\/fgmgp.usthb.dz\/index.php\/wp-json\/wp\/v2\/pages\/209","targetHints":{"allow":["GET"]}}],"collection":[{"href":"https:\/\/fgmgp.usthb.dz\/index.php\/wp-json\/wp\/v2\/pages"}],"about":[{"href":"https:\/\/fgmgp.usthb.dz\/index.php\/wp-json\/wp\/v2\/types\/page"}],"author":[{"embeddable":true,"href":"https:\/\/fgmgp.usthb.dz\/index.php\/wp-json\/wp\/v2\/users\/1"}],"replies":[{"embeddable":true,"href":"https:\/\/fgmgp.usthb.dz\/index.php\/wp-json\/wp\/v2\/comments?post=209"}],"version-history":[{"count":7,"href":"https:\/\/fgmgp.usthb.dz\/index.php\/wp-json\/wp\/v2\/pages\/209\/revisions"}],"predecessor-version":[{"id":495,"href":"https:\/\/fgmgp.usthb.dz\/index.php\/wp-json\/wp\/v2\/pages\/209\/revisions\/495"}],"wp:attachment":[{"href":"https:\/\/fgmgp.usthb.dz\/index.php\/wp-json\/wp\/v2\/media?parent=209"}],"curies":[{"name":"wp","href":"https:\/\/api.w.org\/{rel}","templated":true}]}}