{"id":2356,"date":"2024-12-23T22:10:46","date_gmt":"2024-12-23T22:10:46","guid":{"rendered":"https:\/\/fgmgp.usthb.dz\/?page_id=2356"},"modified":"2026-01-27T10:28:34","modified_gmt":"2026-01-27T10:28:34","slug":"concours-doctorat-2025-2026","status":"publish","type":"page","link":"https:\/\/fgmgp.usthb.dz\/index.php\/concours-doctorat-2025-2026\/","title":{"rendered":"Concours Doctorat 2025\/2026"},"content":{"rendered":"\n<p><img loading=\"lazy\" decoding=\"async\" width=\"50\" height=\"46\" class=\"wp-image-2357\" style=\"width: 50px;\" src=\"http:\/\/fgmgp.usthb.dz\/wp-content\/uploads\/2024\/12\/doctorat.jpg\" alt=\"\" srcset=\"https:\/\/fgmgp.usthb.dz\/wp-content\/uploads\/2024\/12\/doctorat.jpg 334w, https:\/\/fgmgp.usthb.dz\/wp-content\/uploads\/2024\/12\/doctorat-300x278.jpg 300w\" sizes=\"auto, (max-width: 50px) 100vw, 50px\" \/> <em><strong> <a href=\"https:\/\/fgmgp.usthb.dz\/wp-content\/uploads\/2026\/01\/Reglement-interieur-relatif-au-concours-visibilite-2025-2026.pdf\" data-type=\"link\" data-id=\"Reglement-interieur-relatif-au-concours-visibilite-2025-2026.pdf\" target=\"_blank\" rel=\"noreferrer noopener\">R\u00e8glement int\u00e9rieur r\u00e9gissant le concours d\u2019acc\u00e8s \u00e0 la formation de troisi\u00e8me cycle dans le cadre des \u00e9coles doctorales nationales en \u00ab promotion de visibilit\u00e9 \u00bb \u2013 ann\u00e9e universitaire 2025\/2026<\/a><\/strong><\/em><\/p>\n\n\n\n<h2 class=\"wp-block-heading has-text-align-center has-background has-normal-font-size\" style=\"background:linear-gradient(143deg,rgb(255,245,203) 0%,rgb(182,227,212) 3%,rgb(51,167,181) 56%)\"><em>Concours de doctorat \u00ab Visibilit\u00e9 \u00bb 2025-2026 \u2013 Fili\u00e8re G\u00e9nie M\u00e9canique<\/em><\/h2>\n\n\n\n<p style=\"font-size:21px\"><img loading=\"lazy\" decoding=\"async\" width=\"50\" height=\"46\" class=\"wp-image-2357\" style=\"width: 50px;\" src=\"http:\/\/fgmgp.usthb.dz\/wp-content\/uploads\/2024\/12\/doctorat.jpg\" alt=\"\" srcset=\"https:\/\/fgmgp.usthb.dz\/wp-content\/uploads\/2024\/12\/doctorat.jpg 334w, https:\/\/fgmgp.usthb.dz\/wp-content\/uploads\/2024\/12\/doctorat-300x278.jpg 300w\" sizes=\"auto, (max-width: 50px) 100vw, 50px\" \/>   <strong>Le concours de doctorat \u00ab Visibilit\u00e9 \u00bb 2025\u20132026 \u2013 Fili\u00e8re G\u00e9nie M\u00e9canique aura lieu le samedi 31 Janvier 2026 de 13h00 \u00e0 17h00.<\/strong><\/p>\n\n\n\n<p style=\"font-size:18px\">Les listes des candidats au concours de doctorat \u00ab Visibilit\u00e9 \u00bb au titre de l\u2019ann\u00e9e universitaire 2025-2026, fili\u00e8re G\u00e9nie M\u00e9canique, sont publi\u00e9es ci-dessous:<\/p>\n\n\n\n<ul class=\"wp-block-list\">\n<li style=\"font-size:21px\"><a href=\"http:\/\/fgmgp.usthb.dz\/wp-content\/uploads\/2026\/01\/Liste_CM_complet_avec_Salle_Site.pdf\" target=\"_blank\" rel=\"noreferrer noopener\"><em>Consruction M\u00e9canique<\/em><\/a><\/li>\n\n\n\n<li style=\"font-size:21px\"><a href=\"http:\/\/fgmgp.usthb.dz\/wp-content\/uploads\/2026\/01\/Liste_GM_complet_avec_Salle_Site.pdf\" target=\"_blank\" rel=\"noreferrer noopener\"><em>G\u00e9nie des Mat\u00e9riaux<\/em><\/a><\/li>\n\n\n\n<li style=\"font-size:21px\"><a href=\"http:\/\/fgmgp.usthb.dz\/wp-content\/uploads\/2026\/01\/Liste_TE_complet_avec_Salle_Site.pdf\" data-type=\"link\" data-id=\"http:\/\/fgmgp.usthb.dz\/wp-content\/uploads\/2026\/01\/Liste_TE_complet_avec_Salle_Site.pdf\" target=\"_blank\" rel=\"noreferrer noopener\"><em>Thermo-Energ\u00e9tique<\/em><\/a><\/li>\n<\/ul>\n\n\n\n<ol class=\"wp-block-list\"><\/ol>\n\n\n\n<h2 class=\"wp-block-heading has-text-align-center has-background has-normal-font-size\" style=\"background:linear-gradient(135deg,rgb(255,245,203) 0%,rgb(182,227,212) 4%,rgb(51,167,181) 56%)\"><em>Concours de doctorat \u00ab Visibilit\u00e9 \u00bb 2025-2026 \u2013 Fili\u00e8re G\u00e9nie des Proc\u00e9d\u00e9s<\/em><\/h2>\n\n\n\n<blockquote class=\"wp-block-quote is-layout-flow wp-block-quote-is-layout-flow\">\n<p class=\"has-black-color has-text-color has-link-color wp-elements-d1305123d44f227e5115f46ad20fe1a8\" style=\"font-size:20px\"><img loading=\"lazy\" decoding=\"async\" width=\"50\" height=\"46\" class=\"wp-image-2357\" style=\"width: 50px;\" src=\"http:\/\/fgmgp.usthb.dz\/wp-content\/uploads\/2024\/12\/doctorat.jpg\" alt=\"\" srcset=\"https:\/\/fgmgp.usthb.dz\/wp-content\/uploads\/2024\/12\/doctorat.jpg 334w, https:\/\/fgmgp.usthb.dz\/wp-content\/uploads\/2024\/12\/doctorat-300x278.jpg 300w\" sizes=\"auto, (max-width: 50px) 100vw, 50px\" \/><em> <strong>  Le concours de doctorat \u00ab Visibilit\u00e9 \u00bb 2025\u20132026 \u2013 Fili\u00e8re G\u00e9nie des Proc\u00e9d\u00e9s aura lieu le samedi 24 janvier 2026.<\/strong><\/em><\/p>\n\n\n\n<p style=\"font-size:20px\"><img loading=\"lazy\" decoding=\"async\" width=\"50\" height=\"46\" class=\"wp-image-2357\" style=\"width: 50px;\" src=\"http:\/\/fgmgp.usthb.dz\/wp-content\/uploads\/2024\/12\/doctorat.jpg\" alt=\"\" srcset=\"https:\/\/fgmgp.usthb.dz\/wp-content\/uploads\/2024\/12\/doctorat.jpg 334w, https:\/\/fgmgp.usthb.dz\/wp-content\/uploads\/2024\/12\/doctorat-300x278.jpg 300w\" sizes=\"auto, (max-width: 50px) 100vw, 50px\" \/> <em><strong> Listes des candidats au concours de doctorat \u00ab Visibilit\u00e9 \u00bb 2025-2026 \u2013 Fili\u00e8re G\u00e9nie des Proc\u00e9d\u00e9s<\/strong><\/em><a href=\"http:\/\/fgmgp.usthb.dz\/wp-content\/uploads\/2026\/01\/Liste-des-candidats-Doctorat-GPH-2026.xls.pdf\" target=\"_blank\" rel=\"noreferrer noopener\">: G\u00e9nie Pharmaceutique<\/a><\/p>\n\n\n\n<p style=\"font-size:21px\"><img loading=\"lazy\" decoding=\"async\" width=\"50\" height=\"46\" class=\"wp-image-2357\" style=\"width: 50px;\" src=\"http:\/\/fgmgp.usthb.dz\/wp-content\/uploads\/2024\/12\/doctorat.jpg\" alt=\"\" srcset=\"https:\/\/fgmgp.usthb.dz\/wp-content\/uploads\/2024\/12\/doctorat.jpg 334w, https:\/\/fgmgp.usthb.dz\/wp-content\/uploads\/2024\/12\/doctorat-300x278.jpg 300w\" sizes=\"auto, (max-width: 50px) 100vw, 50px\" \/> <em><strong>Listes des candidats au concours de doctorat \u00ab Visibilit\u00e9 \u00bb 2025-2026 \u2013 Fili\u00e8re G\u00e9nie des Proc\u00e9d\u00e9s<\/strong><\/em><a href=\"http:\/\/fgmgp.usthb.dz\/wp-content\/uploads\/2026\/01\/Liste-des-candidats-Doctorat-GPH-2026.xls.pdf\" target=\"_blank\" rel=\"noreferrer noopener\">:<\/a><a href=\"http:\/\/fgmgp.usthb.dz\/wp-content\/uploads\/2026\/01\/Liste-des-candidats-Doctorat-GE-2026.xls.pdf\" target=\"_blank\" rel=\"noreferrer noopener\">G\u00e9nie de l\u2019Environnement<\/a><\/p>\n\n\n\n<p class=\"has-text-align-left\" style=\"font-size:21px\"><img loading=\"lazy\" decoding=\"async\" width=\"50\" height=\"46\" class=\"wp-image-2357\" style=\"width: 50px;\" src=\"http:\/\/fgmgp.usthb.dz\/wp-content\/uploads\/2024\/12\/doctorat.jpg\" alt=\"\" srcset=\"https:\/\/fgmgp.usthb.dz\/wp-content\/uploads\/2024\/12\/doctorat.jpg 334w, https:\/\/fgmgp.usthb.dz\/wp-content\/uploads\/2024\/12\/doctorat-300x278.jpg 300w\" sizes=\"auto, (max-width: 50px) 100vw, 50px\" \/> <em><strong>Listes des candidats au concours de doctorat \u00ab Visibilit\u00e9 \u00bb 2025-2026 \u2013 Fili\u00e8re G\u00e9nie des Proc\u00e9d\u00e9s<\/strong><\/em><a href=\"http:\/\/fgmgp.usthb.dz\/wp-content\/uploads\/2026\/01\/Liste-des-candidats-Doctorat-GPH-2026.xls.pdf\" target=\"_blank\" rel=\"noreferrer noopener\">:<\/a><a href=\"http:\/\/fgmgp.usthb.dz\/wp-content\/uploads\/2026\/01\/Liste-des-candidats-Doctorat-GCh-2026.xls.pdf\" target=\"_blank\" rel=\"noreferrer noopener\">G\u00e9nie Chimique<\/a><\/p>\n\n\n\n<p class=\"has-text-align-left\" style=\"font-size:21px\"><img loading=\"lazy\" decoding=\"async\" width=\"50\" height=\"46\" class=\"wp-image-2357\" style=\"width: 50px;\" src=\"http:\/\/fgmgp.usthb.dz\/wp-content\/uploads\/2024\/12\/doctorat.jpg\" alt=\"\" srcset=\"https:\/\/fgmgp.usthb.dz\/wp-content\/uploads\/2024\/12\/doctorat.jpg 334w, https:\/\/fgmgp.usthb.dz\/wp-content\/uploads\/2024\/12\/doctorat-300x278.jpg 300w\" sizes=\"auto, (max-width: 50px) 100vw, 50px\" \/> <em><strong>Listes des candidats au concours de doctorat \u00ab Visibilit\u00e9 \u00bb 2025-2026 \u2013 Fili\u00e8re G\u00e9nie des Proc\u00e9d\u00e9s<\/strong><\/em><a href=\"http:\/\/fgmgp.usthb.dz\/wp-content\/uploads\/2026\/01\/Liste-des-candidats-Doctorat-GPH-2026.xls.pdf\" target=\"_blank\" rel=\"noreferrer noopener\">:<\/a><a href=\"http:\/\/fgmgp.usthb.dz\/wp-content\/uploads\/2026\/01\/Liste-des-candidats-Doctorat-GA-2026.xls.pdf\" target=\"_blank\" rel=\"noreferrer noopener\">G\u00e9nie Alimentaire<\/a><\/p>\n\n\n\n<p class=\"has-text-align-left\" style=\"font-size:21px\"><img loading=\"lazy\" decoding=\"async\" width=\"50\" height=\"46\" class=\"wp-image-2357\" style=\"width: 50px;\" src=\"http:\/\/fgmgp.usthb.dz\/wp-content\/uploads\/2024\/12\/doctorat.jpg\" alt=\"\" srcset=\"https:\/\/fgmgp.usthb.dz\/wp-content\/uploads\/2024\/12\/doctorat.jpg 334w, https:\/\/fgmgp.usthb.dz\/wp-content\/uploads\/2024\/12\/doctorat-300x278.jpg 300w\" sizes=\"auto, (max-width: 50px) 100vw, 50px\" \/> <strong><a href=\"https:\/\/fgmgp.usthb.dz\/wp-content\/uploads\/2026\/01\/Locaux-USTHB.pdf\" data-type=\"link\" data-id=\"https:\/\/fgmgp.usthb.dz\/wp-content\/uploads\/2026\/01\/Locaux-USTHB.pdf\">Locaux du concours de doctorat<\/a><\/strong><\/p>\n<\/blockquote>\n\n\n<div class=\"wp-block-image is-style-rounded\">\n<figure class=\"aligncenter size-full is-resized\"><img loading=\"lazy\" decoding=\"async\" width=\"334\" height=\"309\" src=\"http:\/\/fgmgp.usthb.dz\/wp-content\/uploads\/2024\/12\/doctorat.jpg\" alt=\"\" class=\"wp-image-2357\" style=\"width:370px;height:auto\" srcset=\"https:\/\/fgmgp.usthb.dz\/wp-content\/uploads\/2024\/12\/doctorat.jpg 334w, https:\/\/fgmgp.usthb.dz\/wp-content\/uploads\/2024\/12\/doctorat-300x278.jpg 300w\" sizes=\"auto, (max-width: 334px) 100vw, 334px\" \/><\/figure>\n<\/div>","protected":false},"excerpt":{"rendered":"<p>R\u00e8glement int\u00e9rieur r\u00e9gissant le concours d\u2019acc\u00e8s \u00e0 la formation de troisi\u00e8me cycle dans le cadre des \u00e9coles doctorales nationales en <span class=\"readmore\"><a href=\"https:\/\/fgmgp.usthb.dz\/index.php\/concours-doctorat-2025-2026\/\">Suite<\/a><\/span><\/p>\n","protected":false},"author":1,"featured_media":2422,"parent":0,"menu_order":0,"comment_status":"closed","ping_status":"closed","template":"","meta":{"footnotes":""},"class_list":["post-2356","page","type-page","status-publish","has-post-thumbnail","hentry"],"_links":{"self":[{"href":"https:\/\/fgmgp.usthb.dz\/index.php\/wp-json\/wp\/v2\/pages\/2356","targetHints":{"allow":["GET"]}}],"collection":[{"href":"https:\/\/fgmgp.usthb.dz\/index.php\/wp-json\/wp\/v2\/pages"}],"about":[{"href":"https:\/\/fgmgp.usthb.dz\/index.php\/wp-json\/wp\/v2\/types\/page"}],"author":[{"embeddable":true,"href":"https:\/\/fgmgp.usthb.dz\/index.php\/wp-json\/wp\/v2\/users\/1"}],"replies":[{"embeddable":true,"href":"https:\/\/fgmgp.usthb.dz\/index.php\/wp-json\/wp\/v2\/comments?post=2356"}],"version-history":[{"count":34,"href":"https:\/\/fgmgp.usthb.dz\/index.php\/wp-json\/wp\/v2\/pages\/2356\/revisions"}],"predecessor-version":[{"id":3339,"href":"https:\/\/fgmgp.usthb.dz\/index.php\/wp-json\/wp\/v2\/pages\/2356\/revisions\/3339"}],"wp:featuredmedia":[{"embeddable":true,"href":"https:\/\/fgmgp.usthb.dz\/index.php\/wp-json\/wp\/v2\/media\/2422"}],"wp:attachment":[{"href":"https:\/\/fgmgp.usthb.dz\/index.php\/wp-json\/wp\/v2\/media?parent=2356"}],"curies":[{"name":"wp","href":"https:\/\/api.w.org\/{rel}","templated":true}]}}