{"id":2480,"date":"2025-04-17T11:16:50","date_gmt":"2025-04-17T11:16:50","guid":{"rendered":"https:\/\/fgmgp.usthb.dz\/?page_id=2480"},"modified":"2025-04-17T11:24:35","modified_gmt":"2025-04-17T11:24:35","slug":"avis-de-consultation-n01-usthb-fgmgp-2025","status":"publish","type":"page","link":"https:\/\/fgmgp.usthb.dz\/index.php\/avis-de-consultation-n01-usthb-fgmgp-2025\/","title":{"rendered":"Avis de consultation N\u00b001\/USTHB\/FGMGP\/2025"},"content":{"rendered":"\n<p>                    La facult\u00e9 de G\u00e9nie M\u00e9canique et de G\u00e9nie des Proc\u00e9d\u00e9s (GM\/GP) lance une consultation, <strong>relative \u00e0 l\u2019acquisition  de diverses fournitures et consommables pour la r\u00e9alisation des projets d&#8217;innovation<\/strong>, au profil de l&#8217;USTHB-facult\u00e9 de G\u00e9nie M\u00e9canique et G\u00e9nie des Proc\u00e9d\u00e9s.<\/p>\n\n\n\n<p>Le pr\u00e9sent avis de consultation est constitu\u00e9 de quatre (04) lots s\u00e9pares comme suite:<\/p>\n\n\n\n<p>     Lot n\u00b001 :<strong>&nbsp;Fourniture de laboratoires<\/strong><\/p>\n\n\n\n<p>     Lot n\u00b002&nbsp;: <strong>Consommable (produit chimiques)<\/strong><\/p>\n\n\n\n<p>    Lot n\u00b003&nbsp;: <strong>Fourniture<\/strong> <strong>en verreries<\/strong><\/p>\n\n\n\n<p>    Lot n\u00b004&nbsp;: <strong>Fourniture<\/strong> <strong>informatique<\/strong><\/p>\n\n\n\n<p>Vous pouvez consulter le P.V de l\u2019avis de consultation en\u00a0<a href=\"http:\/\/fgmgp.usthb.dz\/wp-content\/uploads\/2025\/04\/AVIS-DE-CONSULTATION-17AVRIL2025.pdf\">cliquant-ici.<\/a><\/p>\n","protected":false},"excerpt":{"rendered":"<p>La facult\u00e9 de G\u00e9nie M\u00e9canique et de G\u00e9nie des Proc\u00e9d\u00e9s (GM\/GP) lance une consultation, relative \u00e0 l\u2019acquisition de diverses fournitures <span class=\"readmore\"><a href=\"https:\/\/fgmgp.usthb.dz\/index.php\/avis-de-consultation-n01-usthb-fgmgp-2025\/\">Suite<\/a><\/span><\/p>\n","protected":false},"author":1,"featured_media":0,"parent":0,"menu_order":0,"comment_status":"closed","ping_status":"closed","template":"","meta":{"footnotes":""},"class_list":["post-2480","page","type-page","status-publish","hentry"],"_links":{"self":[{"href":"https:\/\/fgmgp.usthb.dz\/index.php\/wp-json\/wp\/v2\/pages\/2480","targetHints":{"allow":["GET"]}}],"collection":[{"href":"https:\/\/fgmgp.usthb.dz\/index.php\/wp-json\/wp\/v2\/pages"}],"about":[{"href":"https:\/\/fgmgp.usthb.dz\/index.php\/wp-json\/wp\/v2\/types\/page"}],"author":[{"embeddable":true,"href":"https:\/\/fgmgp.usthb.dz\/index.php\/wp-json\/wp\/v2\/users\/1"}],"replies":[{"embeddable":true,"href":"https:\/\/fgmgp.usthb.dz\/index.php\/wp-json\/wp\/v2\/comments?post=2480"}],"version-history":[{"count":3,"href":"https:\/\/fgmgp.usthb.dz\/index.php\/wp-json\/wp\/v2\/pages\/2480\/revisions"}],"predecessor-version":[{"id":2486,"href":"https:\/\/fgmgp.usthb.dz\/index.php\/wp-json\/wp\/v2\/pages\/2480\/revisions\/2486"}],"wp:attachment":[{"href":"https:\/\/fgmgp.usthb.dz\/index.php\/wp-json\/wp\/v2\/media?parent=2480"}],"curies":[{"name":"wp","href":"https:\/\/api.w.org\/{rel}","templated":true}]}}