{"id":250,"date":"2022-03-14T08:51:09","date_gmt":"2022-03-14T08:51:09","guid":{"rendered":"http:\/\/193.194.89.196\/?page_id=250"},"modified":"2026-03-17T11:26:42","modified_gmt":"2026-03-17T11:26:42","slug":"departement-de-construction-m1ecanique-et-productique","status":"publish","type":"page","link":"https:\/\/fgmgp.usthb.dz\/index.php\/departement-de-construction-m1ecanique-et-productique\/","title":{"rendered":"D\u00e9partement de Construction M\u00e9canique et Productique"},"content":{"rendered":"\n<div class=\"wp-block-group\"><div class=\"wp-block-group__inner-container is-layout-flow wp-block-group-is-layout-flow\">\n<p>En plus du fait que le titulaire d\u2019un des dipl\u00f4mes propos\u00e9s par le d\u00e9partement CMP peut intervenir dans un large \u00e9ventail de PME\/PMI, il peut \u00e9galement ramener une contribution dans des domaines aussi pointus que&nbsp;: <\/p>\n\n\n\n<ul class=\"wp-block-list\">\n<li>Les entreprises exer\u00e7ant dans le domaine de Construction et de toutes ses branches.<\/li>\n\n\n\n<li>Les entreprises dans les domaines de conception et construction m\u00e9canique.<\/li>\n<\/ul>\n<\/div><\/div>\n\n\n\n<div class=\"wp-block-group\"><div class=\"wp-block-group__inner-container is-layout-flow wp-block-group-is-layout-flow\">\n<h3 class=\"wp-block-heading\">Chef du d\u00e9partement <\/h3>\n\n\n\n<p>Docteur <strong>MOUHOUBI SAID.<br><\/strong><\/p>\n<\/div><\/div>\n\n\n\n<div class=\"wp-block-group\"><div class=\"wp-block-group__inner-container is-layout-flow wp-block-group-is-layout-flow\">\n<h3 class=\"wp-block-heading\"><strong>Le d\u00e9partement offre \u00e0 ses \u00e9tudiants un Ing\u00e9niorat, une Licence et cinque Masters<\/strong> :<\/h3>\n\n\n\n<details class=\"wp-block-details has-blue-color has-text-color has-link-color wp-elements-b1e29f90ea7b5ae717fda73c11834f24 is-layout-flow wp-block-details-is-layout-flow\"><summary>Ing\u00e9nieur Conception des Syst\u00e8mes et des Structures M\u00e9caniques<\/summary>\n<ul class=\"wp-block-list\">\n<li class=\"has-black-color has-text-color has-link-color wp-elements-67762467dd559fcf9fcfdc100286202a\"><a href=\"http:\/\/fgmgp.usthb.dz\/wp-content\/uploads\/2026\/03\/Ingenieur-detat_Conception-des-systemes-et-structures-mecaniques-MAJ-2025.pdf\" target=\"_blank\" rel=\"noreferrer noopener\">Mise \u00e0 jour 2025<\/a><\/li>\n<\/ul>\n<\/details>\n\n\n\n<details class=\"wp-block-details has-blue-color has-text-color has-link-color wp-elements-e1ac75f05e0f3d03419c3cd936075fe4 is-layout-flow wp-block-details-is-layout-flow\"><summary>Licence en Construction M\u00e9canique<\/summary>\n<ul class=\"wp-block-list\">\n<li class=\"has-black-color has-text-color has-link-color wp-elements-614289e241984f926db1af003315b46c\"><a href=\"http:\/\/fgmgp.usthb.dz\/wp-content\/uploads\/2022\/03\/licence_cm.pdf\" target=\"_blank\" rel=\"noreferrer noopener\">Mise \u00e0 jour 2016<\/a><\/li>\n\n\n\n<li class=\"has-black-color has-text-color has-link-color wp-elements-faec07c84e737da46b5d189720f64add\"><a href=\"http:\/\/fgmgp.usthb.dz\/wp-content\/uploads\/2026\/03\/LICENCE-ACADEMIQUE_Licence-Construction-mecanique-MAJ-2025-Cr.pdf\" target=\"_blank\" rel=\"noreferrer noopener\">Mise \u00e0 jour 2025<\/a><\/li>\n<\/ul>\n<\/details>\n\n\n\n<details class=\"wp-block-details has-blue-color has-text-color has-link-color wp-elements-5830a246bc6f7ff9dc7e0964bf585b00 is-layout-flow wp-block-details-is-layout-flow\"><summary>Master en Construction M\u00e9canique<\/summary>\n<ul class=\"wp-block-list\">\n<li class=\"has-black-color has-text-color has-link-color wp-elements-a4ec0b07bd2926a4574c6078c6e049b3\"><a href=\"https:\/\/fgmgp.usthb.dz\/wp-content\/uploads\/2022\/03\/master_cm.pdf\" target=\"_blank\" rel=\"noreferrer noopener\">Mise \u00e0 jour 2017<\/a><\/li>\n\n\n\n<li class=\"has-black-color has-text-color has-link-color wp-elements-7794e416e087b10cfcc50b552b2f7f20\"><a href=\"http:\/\/fgmgp.usthb.dz\/wp-content\/uploads\/2026\/03\/Master_Construction-Mecanique.pdf\" target=\"_blank\" rel=\"noreferrer noopener\">Mise \u00e0 jour 2025<\/a><\/li>\n<\/ul>\n<\/details>\n\n\n\n<details class=\"wp-block-details has-blue-color has-text-color has-link-color wp-elements-a14c2b2e258080c8e0903cd73aaf3c38 is-layout-flow wp-block-details-is-layout-flow\"><summary>Master en Fabrication M\u00e9canique &amp; Productique<\/summary>\n<ul class=\"wp-block-list\">\n<li class=\"has-black-color has-text-color has-link-color wp-elements-b164fd3cb073c117e898ed5f2ede0b71\"><a href=\"\/wp-content\/uploads\/2022\/03\/master_fmp.pdf\" target=\"_blank\" rel=\"noreferrer noopener\">Mise \u00e0 jour 2016<\/a><\/li>\n\n\n\n<li class=\"has-medium-black-color has-text-color has-link-color wp-elements-256df8895e1cd9f6b4280cfd2a974c2e\"><a href=\"http:\/\/fgmgp.usthb.dz\/wp-content\/uploads\/2026\/03\/Master_Construction-Mecanique.pdf\" target=\"_blank\" rel=\"noreferrer noopener\">Mise \u00e0 jour 2025<\/a><\/li>\n<\/ul>\n<\/details>\n\n\n\n<ul class=\"wp-block-list\">\n<li><a href=\"\/wp-content\/uploads\/2022\/03\/master_is.pdf\" target=\"_blank\" rel=\"noreferrer noopener\">Master en Ing\u00e9nierie du Soudage<\/a><\/li>\n\n\n\n<li><a href=\"\/wp-content\/uploads\/2022\/03\/master_mimi.pdf\" target=\"_blank\" rel=\"noreferrer noopener\">Master en Management &amp; ing\u00e9nierie de maintenance industrielle<\/a><\/li>\n\n\n\n<li><a href=\"http:\/\/fgmgp.usthb.dz\/wp-content\/uploads\/2025\/05\/MASTER_Ingenierie_Maintenance.pdf\">Master en Ing\u00e9nierie de maintenance<\/a><\/li>\n\n\n\n<li><a href=\"http:\/\/fgmgp.usthb.dz\/wp-content\/uploads\/2026\/03\/Master_Controle-Qualite.pdf\" target=\"_blank\" rel=\"noreferrer noopener\">Master Quality control in Mechanical Engineering<\/a><\/li>\n<\/ul>\n\n\n\n<p><a href=\"http:\/\/fgmgp.usthb.dz\/wp-content\/uploads\/2026\/03\/Arrete-N%C2%B0-711-Programme-FB-Ing.pdf\" target=\"_blank\" rel=\"noreferrer noopener\">D\u00e9cision n\u00b0711 \u2013 Programme Ing\u00e9nieur d\u2019\u00c9tat (Sciences et Technologies)<\/a><\/p>\n<\/div><\/div>\n","protected":false},"excerpt":{"rendered":"<p>En plus du fait que le titulaire d\u2019un des dipl\u00f4mes propos\u00e9s par le d\u00e9partement CMP peut intervenir dans un large <span class=\"readmore\"><a href=\"https:\/\/fgmgp.usthb.dz\/index.php\/departement-de-construction-m1ecanique-et-productique\/\">Suite<\/a><\/span><\/p>\n","protected":false},"author":1,"featured_media":2226,"parent":0,"menu_order":0,"comment_status":"closed","ping_status":"closed","template":"","meta":{"footnotes":""},"class_list":["post-250","page","type-page","status-publish","has-post-thumbnail","hentry"],"_links":{"self":[{"href":"https:\/\/fgmgp.usthb.dz\/index.php\/wp-json\/wp\/v2\/pages\/250","targetHints":{"allow":["GET"]}}],"collection":[{"href":"https:\/\/fgmgp.usthb.dz\/index.php\/wp-json\/wp\/v2\/pages"}],"about":[{"href":"https:\/\/fgmgp.usthb.dz\/index.php\/wp-json\/wp\/v2\/types\/page"}],"author":[{"embeddable":true,"href":"https:\/\/fgmgp.usthb.dz\/index.php\/wp-json\/wp\/v2\/users\/1"}],"replies":[{"embeddable":true,"href":"https:\/\/fgmgp.usthb.dz\/index.php\/wp-json\/wp\/v2\/comments?post=250"}],"version-history":[{"count":38,"href":"https:\/\/fgmgp.usthb.dz\/index.php\/wp-json\/wp\/v2\/pages\/250\/revisions"}],"predecessor-version":[{"id":3777,"href":"https:\/\/fgmgp.usthb.dz\/index.php\/wp-json\/wp\/v2\/pages\/250\/revisions\/3777"}],"wp:featuredmedia":[{"embeddable":true,"href":"https:\/\/fgmgp.usthb.dz\/index.php\/wp-json\/wp\/v2\/media\/2226"}],"wp:attachment":[{"href":"https:\/\/fgmgp.usthb.dz\/index.php\/wp-json\/wp\/v2\/media?parent=250"}],"curies":[{"name":"wp","href":"https:\/\/api.w.org\/{rel}","templated":true}]}}