{"id":2576,"date":"2025-04-27T18:09:44","date_gmt":"2025-04-27T18:09:44","guid":{"rendered":"https:\/\/fgmgp.usthb.dz\/?page_id=2576"},"modified":"2025-04-27T18:13:59","modified_gmt":"2025-04-27T18:13:59","slug":"avis-de-consultation-n02-usthb-fgmgp-2025","status":"publish","type":"page","link":"https:\/\/fgmgp.usthb.dz\/index.php\/avis-de-consultation-n02-usthb-fgmgp-2025\/","title":{"rendered":"Avis de consultation N\u00b002\/USTHB\/FGMGP\/2025"},"content":{"rendered":"\n<p>La facult\u00e9 de G\u00e9nie M\u00e9canique et de G\u00e9nie des Proc\u00e9d\u00e9s (GM\/GP) lance une consultation,&nbsp;<strong>relative \u00e0 l\u2019acquisition et  installation des cam\u00e9ras de surveillance.<\/strong><\/p>\n\n\n\n<p>Vous pouvez consulter le P.V de l\u2019avis de consultation en\u00a0<a href=\"http:\/\/fgmgp.usthb.dz\/wp-content\/uploads\/2025\/04\/AVIS-DE-CONSULTATION-N\u00b002USTHBFGMGP2025.pdf\" target=\"_blank\" rel=\"noreferrer noopener\">cliquant-ici.<\/a><\/p>\n","protected":false},"excerpt":{"rendered":"<p>La facult\u00e9 de G\u00e9nie M\u00e9canique et de G\u00e9nie des Proc\u00e9d\u00e9s (GM\/GP) lance une consultation,&nbsp;relative \u00e0 l\u2019acquisition et installation des cam\u00e9ras <span class=\"readmore\"><a href=\"https:\/\/fgmgp.usthb.dz\/index.php\/avis-de-consultation-n02-usthb-fgmgp-2025\/\">Suite<\/a><\/span><\/p>\n","protected":false},"author":1,"featured_media":0,"parent":0,"menu_order":0,"comment_status":"closed","ping_status":"closed","template":"","meta":{"footnotes":""},"class_list":["post-2576","page","type-page","status-publish","hentry"],"_links":{"self":[{"href":"https:\/\/fgmgp.usthb.dz\/index.php\/wp-json\/wp\/v2\/pages\/2576","targetHints":{"allow":["GET"]}}],"collection":[{"href":"https:\/\/fgmgp.usthb.dz\/index.php\/wp-json\/wp\/v2\/pages"}],"about":[{"href":"https:\/\/fgmgp.usthb.dz\/index.php\/wp-json\/wp\/v2\/types\/page"}],"author":[{"embeddable":true,"href":"https:\/\/fgmgp.usthb.dz\/index.php\/wp-json\/wp\/v2\/users\/1"}],"replies":[{"embeddable":true,"href":"https:\/\/fgmgp.usthb.dz\/index.php\/wp-json\/wp\/v2\/comments?post=2576"}],"version-history":[{"count":4,"href":"https:\/\/fgmgp.usthb.dz\/index.php\/wp-json\/wp\/v2\/pages\/2576\/revisions"}],"predecessor-version":[{"id":2582,"href":"https:\/\/fgmgp.usthb.dz\/index.php\/wp-json\/wp\/v2\/pages\/2576\/revisions\/2582"}],"wp:attachment":[{"href":"https:\/\/fgmgp.usthb.dz\/index.php\/wp-json\/wp\/v2\/media?parent=2576"}],"curies":[{"name":"wp","href":"https:\/\/api.w.org\/{rel}","templated":true}]}}