{"id":264,"date":"2022-03-14T09:22:03","date_gmt":"2022-03-14T09:22:03","guid":{"rendered":"http:\/\/193.194.89.196\/?page_id=264"},"modified":"2026-03-15T10:37:45","modified_gmt":"2026-03-15T10:37:45","slug":"departement-de-thermo-energetique","status":"publish","type":"page","link":"https:\/\/fgmgp.usthb.dz\/index.php\/departement-de-thermo-energetique\/","title":{"rendered":"D\u00e9partement de Thermo-Energ\u00e9tique"},"content":{"rendered":"\n<div class=\"wp-block-group\"><div class=\"wp-block-group__inner-container is-layout-flow wp-block-group-is-layout-flow\">\n<p>En plus du fait que le titulaire d\u2019un des dipl\u00f4mes propos\u00e9s par le d\u00e9partement Thermo-Energ\u00e9tique peut intervenir dans un large \u00e9ventail de PME\/PMI, il peut \u00e9galement ramener une contribution dans des domaines aussi pointus que&nbsp;:<\/p>\n\n\n\n<ul class=\"wp-block-list\">\n<li>Les entreprises exer\u00e7ant dans le domaine de l\u2019\u00e9nergie et de toutes ses branches : exploration et exploitation des hydrocarbures, conversion et production d&#8217;\u00e9nergie, \u00e9nergies renouvelables, &#8230;etc.<\/li>\n\n\n\n<li>Les entreprises dans les domaines de l\u2019automobile, l&#8217;a\u00e9ronautique, du b\u00e2timent (notamment les m\u00e9tiers de l&#8217;acoustique, le confort\/climatisation, la charpente m\u00e9tallique et l&#8217;\u00e9tanch\u00e9it\u00e9).<\/li>\n<\/ul>\n\n\n\n<div class=\"wp-block-group\"><div class=\"wp-block-group__inner-container is-layout-flow wp-block-group-is-layout-flow\">\n<h3 class=\"wp-block-heading\">Chef du d\u00e9partement<\/h3>\n\n\n\n<p>Professeur <strong>BOUSRI ALI.<\/strong><\/p>\n<\/div><\/div>\n\n\n\n<div class=\"wp-block-group\"><div class=\"wp-block-group__inner-container is-layout-flow wp-block-group-is-layout-flow\">\n<h3 class=\"wp-block-heading\"><strong>Le d\u00e9partement offre \u00e0 ses \u00e9tudiants un Ing\u00e9niorat, une Licence et quatre Masters :<\/strong><\/h3>\n\n\n\n<p><a href=\"http:\/\/fgmgp.usthb.dz\/wp-content\/uploads\/2026\/03\/Energetique-et-maintenance-MAJ-2025.pdf\" target=\"_blank\" rel=\"noreferrer noopener\">Ing\u00e9niorat en \u00c9nerg\u00e9tique et Maintenance \u2013 R\u00e9serv\u00e9 aux Bacheliers TM<\/a><\/p>\n\n\n\n<details class=\"wp-block-details has-blue-color has-text-color has-link-color wp-elements-4f4b1000576a73e7b1b43aae0110ea9c is-layout-flow wp-block-details-is-layout-flow\"><summary>Licence en Energ\u00e9tique<\/summary>\n<ul class=\"wp-block-list has-black-color has-text-color has-link-color wp-elements-b09ed0df5c931fe2dd69e081c2b504c6\">\n<li><a href=\"\/wp-content\/uploads\/2022\/03\/Licence-En.pdf\" target=\"_blank\" rel=\"noreferrer noopener\">Ann\u00e9e universitaire : 2015\/2016<\/a><\/li>\n\n\n\n<li><a href=\"http:\/\/fgmgp.usthb.dz\/wp-content\/uploads\/2026\/03\/L3_ENR_MAJ_2025.pdf\" target=\"_blank\" rel=\"noreferrer noopener\">Mise \u00e0 jour 2025<\/a><\/li>\n<\/ul>\n<\/details>\n\n\n\n<details class=\"wp-block-details has-blue-color has-text-color has-link-color wp-elements-5c5b92978beea5d964a7b0cbe8aa0763 is-layout-flow wp-block-details-is-layout-flow\"><summary>Master en G\u00e9nie climatique<\/summary>\n<ul class=\"wp-block-list\">\n<li class=\"has-black-color has-text-color has-link-color wp-elements-14c89029a9d01f9e642ba6823fd2a115\"><a href=\"\/wp-content\/uploads\/2022\/03\/master_gc.pdf\" target=\"_blank\" rel=\"noreferrer noopener\">Ann\u00e9e universitaire : 2016\/2017<\/a><\/li>\n\n\n\n<li class=\"has-black-color has-text-color has-link-color wp-elements-0eb1fc7847759062c0c180e7ceffa0e0\"><a href=\"http:\/\/fgmgp.usthb.dz\/wp-content\/uploads\/2026\/03\/GC_MAJ_2025.pdf\" target=\"_blank\" rel=\"noreferrer noopener\">Mise \u00e0 jour 2025<\/a><\/li>\n<\/ul>\n<\/details>\n\n\n\n<details class=\"wp-block-details has-blue-color has-text-color has-link-color wp-elements-fa79848f994999c1587cd6002c257700 is-layout-flow wp-block-details-is-layout-flow\"><summary>Master en Installations \u00e9nerg\u00e9tique &amp; turbomachines<\/summary>\n<ul class=\"wp-block-list\">\n<li class=\"has-black-color has-text-color has-link-color wp-elements-cf872ff3c649d57ad5b3c24816ba98f7\"><a href=\"\/wp-content\/uploads\/2022\/03\/master_iet.pdf\" target=\"_blank\" rel=\"noreferrer noopener\">Ann\u00e9e universitaire : 2016\/2017<\/a><\/li>\n\n\n\n<li class=\"has-black-color has-text-color has-link-color wp-elements-6ca7647fd310b7aa8ab02ccb7399c5c4\"><a href=\"http:\/\/fgmgp.usthb.dz\/wp-content\/uploads\/2026\/03\/IET_MAJ_2025.pdf\" target=\"_blank\" rel=\"noreferrer noopener\">Mise \u00e0 jour 2025<\/a><\/li>\n<\/ul>\n<\/details>\n\n\n\n<details class=\"wp-block-details has-blue-color has-text-color has-link-color wp-elements-180fb751c005b36f896f19eee8e6bbed is-layout-flow wp-block-details-is-layout-flow\"><summary>Master en M\u00e9canique \u00e9nerg\u00e9tique<\/summary>\n<ul class=\"wp-block-list\">\n<li class=\"has-black-color has-text-color has-link-color wp-elements-e2d45e5ce42e76bf6c578011f5d42c94\"><a href=\"\/wp-content\/uploads\/2022\/03\/master_me.pdf\" target=\"_blank\" rel=\"noreferrer noopener\">Ann\u00e9e universitaire : 2016\/2017<\/a><\/li>\n\n\n\n<li class=\"has-black-color has-text-color has-link-color wp-elements-6d2091ffeb9a2e8912612ace6d4b49f8\"><a href=\"http:\/\/fgmgp.usthb.dz\/wp-content\/uploads\/2026\/03\/ENR_MAJ-2025.pdf\" target=\"_blank\" rel=\"noreferrer noopener\">Mise \u00e0 jour 2025<\/a><\/li>\n<\/ul>\n<\/details>\n<\/div><\/div>\n<\/div><\/div>\n\n\n\n<p class=\"has-blue-color has-text-color has-link-color wp-elements-7bf61c63039134fb5a73f53e1384be01\"><a href=\"\/wp-content\/uploads\/2022\/03\/master_erm.pdf\" target=\"_blank\" rel=\"noreferrer noopener\">Master en Energies renouvelable en m\u00e9canique<\/a><\/p>\n\n\n\n<p><a href=\"http:\/\/fgmgp.usthb.dz\/wp-content\/uploads\/2026\/03\/Arrete-N\u00b0-711-Programme-FB-Ing.pdf\" target=\"_blank\" rel=\"noreferrer noopener\">D\u00e9cision n\u00b0711 \u2013 Programme Ing\u00e9nieur d\u2019\u00c9tat (Sciences et Technologies)<\/a><\/p>\n\n\n\n<p><\/p>\n","protected":false},"excerpt":{"rendered":"<p>En plus du fait que le titulaire d\u2019un des dipl\u00f4mes propos\u00e9s par le d\u00e9partement Thermo-Energ\u00e9tique peut intervenir dans un large <span class=\"readmore\"><a href=\"https:\/\/fgmgp.usthb.dz\/index.php\/departement-de-thermo-energetique\/\">Suite<\/a><\/span><\/p>\n","protected":false},"author":1,"featured_media":2744,"parent":0,"menu_order":0,"comment_status":"closed","ping_status":"closed","template":"","meta":{"footnotes":""},"class_list":["post-264","page","type-page","status-publish","has-post-thumbnail","hentry"],"_links":{"self":[{"href":"https:\/\/fgmgp.usthb.dz\/index.php\/wp-json\/wp\/v2\/pages\/264","targetHints":{"allow":["GET"]}}],"collection":[{"href":"https:\/\/fgmgp.usthb.dz\/index.php\/wp-json\/wp\/v2\/pages"}],"about":[{"href":"https:\/\/fgmgp.usthb.dz\/index.php\/wp-json\/wp\/v2\/types\/page"}],"author":[{"embeddable":true,"href":"https:\/\/fgmgp.usthb.dz\/index.php\/wp-json\/wp\/v2\/users\/1"}],"replies":[{"embeddable":true,"href":"https:\/\/fgmgp.usthb.dz\/index.php\/wp-json\/wp\/v2\/comments?post=264"}],"version-history":[{"count":24,"href":"https:\/\/fgmgp.usthb.dz\/index.php\/wp-json\/wp\/v2\/pages\/264\/revisions"}],"predecessor-version":[{"id":3744,"href":"https:\/\/fgmgp.usthb.dz\/index.php\/wp-json\/wp\/v2\/pages\/264\/revisions\/3744"}],"wp:featuredmedia":[{"embeddable":true,"href":"https:\/\/fgmgp.usthb.dz\/index.php\/wp-json\/wp\/v2\/media\/2744"}],"wp:attachment":[{"href":"https:\/\/fgmgp.usthb.dz\/index.php\/wp-json\/wp\/v2\/media?parent=264"}],"curies":[{"name":"wp","href":"https:\/\/api.w.org\/{rel}","templated":true}]}}