{"id":287,"date":"2022-03-14T09:47:00","date_gmt":"2022-03-14T09:47:00","guid":{"rendered":"http:\/\/193.194.89.196\/?page_id=287"},"modified":"2026-04-06T11:00:13","modified_gmt":"2026-04-06T11:00:13","slug":"departement-de-genie-chimique-et-cryogenique","status":"publish","type":"page","link":"https:\/\/fgmgp.usthb.dz\/index.php\/departement-de-genie-chimique-et-cryogenique\/","title":{"rendered":"D\u00e9partement de G\u00e9nie Chimique et Cryog\u00e9nie"},"content":{"rendered":"\n<div class=\"wp-block-group\"><div class=\"wp-block-group__inner-container is-layout-flow wp-block-group-is-layout-flow\">\n<p>L\u2019\u00e9tudiant est entra\u00een\u00e9 au travail en \u00e9quipe et aux projets pluridisciplinaires. En utilisant les technologies et les outils informatiques les plus modernes, il peut : <\/p>\n\n\n\n<ul class=\"wp-block-list\">\n<li>Innover et inventer de nouveaux proc\u00e9d\u00e9s plus rentables, plus propres et plus s\u00fbrs et apporter ainsi sa contribution au d\u00e9veloppement durable<\/li>\n\n\n\n<li>Cr\u00e9er, mod\u00e9liser et simuler les usines du futur<\/li>\n\n\n\n<li>&nbsp;Concr\u00e9tiser leur r\u00e9alisation par le dimensionnement des \u00e9quipements et par l&#8217;optimisation de leur agencement et de leur conduite<\/li>\n<\/ul>\n\n\n\n<p>Le titulaire du master doit \u00eatre capable de mettre en \u0153uvre les analyses de contr\u00f4le des produits, d&#8217;interpr\u00e9ter les r\u00e9sultats et de contr\u00f4ler leur fiabilit\u00e9. Il peut prendre en charge une cha\u00eene de production. Cette polyvalence doit lui permettre, aussi, de dominer les diff\u00e9rents aspects de l&#8217;entreprise et d&#8217;occuper un poste d&#8217;encadrement.<\/p>\n\n\n\n<h3 class=\"wp-block-heading\">Chef du d\u00e9partement<\/h3>\n\n\n\n<p>Professeur <strong>BOUAFIA SOUAD.<\/strong><\/p>\n\n\n\n<div class=\"wp-block-group\"><div class=\"wp-block-group__inner-container is-layout-flow wp-block-group-is-layout-flow\">\n<h3 class=\"wp-block-heading\"> Le d\u00e9partement G.C.C, offre \u00e0 ces \u00e9tudiant 05 Master et une Licence : <\/h3>\n\n\n\n<details class=\"wp-block-details has-blue-color has-text-color has-link-color wp-elements-56a6118ccb9e79178a20d1369b8889b3 is-layout-flow wp-block-details-is-layout-flow\"><summary>Master en G\u00e9nie des proc\u00e9d\u00e9s Cryog\u00e9niques<\/summary>\n<ul class=\"wp-block-list\">\n<li class=\"has-black-color has-text-color has-link-color wp-elements-bf2e012ac8043eecfeeaafb8dfe7c84b\"><a href=\"\/wp-content\/uploads\/2022\/03\/master_gpc.pdf\" target=\"_blank\" rel=\"noreferrer noopener\">Mise \u00e0 jour 2016<\/a><\/li>\n\n\n\n<li class=\"has-black-color has-text-color has-link-color wp-elements-07d9c48775c6d34cc9dbe83fb7965bfa\"><a href=\"http:\/\/fgmgp.usthb.dz\/wp-content\/uploads\/2026\/04\/PROGRAMME-MASTER-GPC-PROF-MODIFIE-2025_2026.pdf\" target=\"_blank\" rel=\"noreferrer noopener\">Mise \u00e0 jour 2025<\/a><\/li>\n<\/ul>\n<\/details>\n\n\n\n<ul class=\"wp-block-list\">\n<li><a href=\"\/wp-content\/uploads\/2022\/05\/Licence-Genie-des-procedes.pdf\" target=\"_blank\" rel=\"noreferrer noopener\">Licence en G\u00e9nie des proc\u00e9d\u00e9s <\/a><\/li>\n\n\n\n<li><a href=\"\/wp-content\/uploads\/2022\/03\/master_gc-1.pdf\" target=\"_blank\" rel=\"noreferrer noopener\">Master en G\u00e9nie Chimique<\/a><\/li>\n\n\n\n<li><a href=\"\/wp-content\/uploads\/2022\/03\/master_gp.pdf\" target=\"_blank\" rel=\"noreferrer noopener\">Master en G\u00e9nie P\u00e9trochimie<\/a><\/li>\n\n\n\n<li><a href=\"\/wp-content\/uploads\/2022\/03\/master_gr.pdf\" target=\"_blank\" rel=\"noreferrer noopener\">Master en G\u00e9nie de Raffinage<\/a><\/li>\n\n\n\n<li><a href=\"\/wp-content\/uploads\/2022\/12\/GP-Genie-des-procedes-des-materiaux_MAJ-2022.pdf\" target=\"_blank\" rel=\"noreferrer noopener\">Master en G\u00e9nie des Proc\u00e9d\u00e9s Mat\u00e9riaux<\/a><\/li>\n<\/ul>\n\n\n\n<p><a href=\"http:\/\/fgmgp.usthb.dz\/wp-content\/uploads\/2026\/04\/Arre\u0301te\u0301-n\u00b0253-du-26-fe\u0301vrier-2023-fixant-le-programme-des-enseignants-en-vue-de-lobtention-du-dipolome-de-Master-Ge\u0301nie-des-Proce\u0301de\u0301s-des-Mate\u0301riaux.pdf\" target=\"_blank\" rel=\"noreferrer noopener\">D\u00e9cision n\u00b0253 &#8211; Programme Master Ge\u0301nie des Proce\u0301de\u0301s des Mate\u0301riaux<\/a><\/p>\n\n\n\n<p><a href=\"http:\/\/fgmgp.usthb.dz\/wp-content\/uploads\/2026\/04\/Arre\u0301te\u0301-n\u00b0255-du-26-fe\u0301vrier-2023-fixant-le-programme-des-enseignants-en-vue-de-lobtention-du-dipolome-de-Master-Ge\u0301nie-des-proce\u0301des.pdf\" target=\"_blank\" rel=\"noreferrer noopener\">D\u00e9cision n\u00b0255  -Programme Master Ge\u0301nie des proce\u0301des<\/a><\/p>\n\n\n\n<p><a href=\"http:\/\/fgmgp.usthb.dz\/wp-content\/uploads\/2026\/04\/Arre\u0301te\u0301-n\u00b0259-du-26-fe\u0301vrier-2023-fixant-le-programme-des-enseignants-en-vue-de-lobtention-du-dipolome-de-Master-Ge\u0301nie-des-Raffinage.pdf\" target=\"_blank\" rel=\"noreferrer noopener\">D\u00e9cision n\u00b0259  -Programme Master Ge\u0301nie des Raffinage<\/a><\/p>\n<\/div><\/div>\n<\/div><\/div>\n\n\n\n<p><\/p>\n","protected":false},"excerpt":{"rendered":"<p>L\u2019\u00e9tudiant est entra\u00een\u00e9 au travail en \u00e9quipe et aux projets pluridisciplinaires. En utilisant les technologies et les outils informatiques les <span class=\"readmore\"><a href=\"https:\/\/fgmgp.usthb.dz\/index.php\/departement-de-genie-chimique-et-cryogenique\/\">Suite<\/a><\/span><\/p>\n","protected":false},"author":1,"featured_media":2448,"parent":0,"menu_order":0,"comment_status":"closed","ping_status":"closed","template":"","meta":{"footnotes":""},"class_list":["post-287","page","type-page","status-publish","has-post-thumbnail","hentry"],"_links":{"self":[{"href":"https:\/\/fgmgp.usthb.dz\/index.php\/wp-json\/wp\/v2\/pages\/287","targetHints":{"allow":["GET"]}}],"collection":[{"href":"https:\/\/fgmgp.usthb.dz\/index.php\/wp-json\/wp\/v2\/pages"}],"about":[{"href":"https:\/\/fgmgp.usthb.dz\/index.php\/wp-json\/wp\/v2\/types\/page"}],"author":[{"embeddable":true,"href":"https:\/\/fgmgp.usthb.dz\/index.php\/wp-json\/wp\/v2\/users\/1"}],"replies":[{"embeddable":true,"href":"https:\/\/fgmgp.usthb.dz\/index.php\/wp-json\/wp\/v2\/comments?post=287"}],"version-history":[{"count":20,"href":"https:\/\/fgmgp.usthb.dz\/index.php\/wp-json\/wp\/v2\/pages\/287\/revisions"}],"predecessor-version":[{"id":3794,"href":"https:\/\/fgmgp.usthb.dz\/index.php\/wp-json\/wp\/v2\/pages\/287\/revisions\/3794"}],"wp:featuredmedia":[{"embeddable":true,"href":"https:\/\/fgmgp.usthb.dz\/index.php\/wp-json\/wp\/v2\/media\/2448"}],"wp:attachment":[{"href":"https:\/\/fgmgp.usthb.dz\/index.php\/wp-json\/wp\/v2\/media?parent=287"}],"curies":[{"name":"wp","href":"https:\/\/api.w.org\/{rel}","templated":true}]}}