{"id":301,"date":"2022-03-14T10:01:34","date_gmt":"2022-03-14T10:01:34","guid":{"rendered":"http:\/\/193.194.89.196\/?page_id=301"},"modified":"2026-03-17T11:15:21","modified_gmt":"2026-03-17T11:15:21","slug":"departement-de-genie-de-lenvironnement","status":"publish","type":"page","link":"https:\/\/fgmgp.usthb.dz\/index.php\/departement-de-genie-de-lenvironnement\/","title":{"rendered":"D\u00e9partement de G\u00e9nie de l&#8217;Environnement"},"content":{"rendered":"\n<div class=\"wp-block-group\"><div class=\"wp-block-group__inner-container is-layout-flow wp-block-group-is-layout-flow\">\n<p>Le dipl\u00f4m\u00e9 du g\u00e9nie de l\u2019environnement peut exercer ses talents en tant que consultant ind\u00e9pendant ou au sein de bureaux d\u2019\u00e9tudes et de conseil, dans des associations de protection de l\u2019environnement, des organismes professionnels agricoles ou des parcs naturels. Il peut \u00e9galement devenir fonctionnaire ou travailler au sein de collectivit\u00e9s locales.<\/p>\n\n\n\n<p>La formation en g\u00e9nie des proc\u00e8des pharmaceutique a pour objectifs de former des \u00e9tudiants qui se destinent \u00e0 une carri\u00e8re de production ou d&#8217;ing\u00e9nierie dans l&#8217;industrie pharmaceutiques, alimentaire, phytopharmaceutiques, cosm\u00e9tologiques.<\/p>\n\n\n\n<p>Le domaine industriel concern\u00e9 par le \u00ab G\u00e9nie des proc\u00e9d\u00e9s alimentaires \u00bb est l&#8217;industrie agro-alimentaire. Le dipl\u00f4m\u00e9 peut avoir des responsabilit\u00e9s concernent la gestion de la production, l\u2019optimisation des proc\u00e9d\u00e9s de fabrication, le contr\u00f4le de la qualit\u00e9 des produits alimentaires ainsi que la recherche et le d\u00e9veloppement de nouveaux produits.<\/p>\n\n\n\n<p>La formation en Master d&#8217;Ing\u00e9nierie de D\u00e9veloppent Durable permet \u00e0 l&#8217;\u00e9tudiant d&#8217;acqu\u00e9rir des connaissances qui lui permettront de relever les d\u00e9fis \u00e0 venir. Ce master permettra \u00e0 l&#8217;\u00e9tudiant de se doter d&#8217;outils afin de trouver des solutions durables aux d\u00e9fis \u00e9conomiques, sociaux et environnementaux pour r\u00e9pondre aux situations d&#8217;urgence et assurer l&#8217;approvisionnement en \u00e9nergie, en mati\u00e8re premi\u00e8re et en eau.&nbsp; Les enseignements propos\u00e9s permettront \u00e0 l&#8217;\u00e9tudiant de promouvoir un d\u00e9veloppement s\u00fbr et durable au niveau industriel.<\/p>\n\n\n\n<div class=\"wp-block-group\"><div class=\"wp-block-group__inner-container is-layout-flow wp-block-group-is-layout-flow\">\n<h3 class=\"wp-block-heading\">Chef du  d\u00e9partement <\/h3>\n\n\n\n<p> Docteur BOUSBIA NABIL . <\/p>\n\n\n\n<p><strong>Le d\u00e9partement offre \u00e0 ses \u00e9tudiants un Ing\u00e9niorat, une Licence et six Masters :<\/strong><\/p>\n\n\n\n<p><a href=\"http:\/\/fgmgp.usthb.dz\/wp-content\/uploads\/2026\/03\/Ingenieur_Technologies-de-Traitements-des-Eaux-usees-et-Exploitation-2TE.pdf\" target=\"_blank\" rel=\"noreferrer noopener\">Ing\u00e9niorat en Technologies de traitement des Eaux Us\u00e9es et Exploitation<\/a><\/p>\n\n\n\n<p><a href=\"\/wp-content\/uploads\/2022\/05\/Licence-Genie-des-procedes.pdf\" target=\"_blank\" rel=\"noreferrer noopener\">Licence en G\u00e9nie des Proc\u00e9d\u00e9s<\/a><\/p>\n\n\n\n<div class=\"wp-block-group\"><div class=\"wp-block-group__inner-container is-layout-constrained wp-block-group-is-layout-constrained\">\n<details class=\"wp-block-details has-blue-color has-text-color has-link-color wp-elements-3f063b1179d83e310934af71f2e1efaa is-layout-flow wp-block-details-is-layout-flow\"><summary>Master en Dessalement<\/summary>\n<ul class=\"wp-block-list\">\n<li class=\"has-black-color has-text-color has-link-color wp-elements-04914984ad502ed5ce564cbe81b7702f\"><a href=\"http:\/\/fgmgp.usthb.dz\/wp-content\/uploads\/2025\/06\/Version-finale-OF-Master-Pro-Dessalement-USTHB-_compressed-1.pdf\" target=\"_blank\" rel=\"noreferrer noopener\"><a href=\"\/wp-content\/uploads\/2022\/12\/GP-genie-des-procedes-de-lenvironnement_MAJ-2022_.pdf\">Mise \u00e0 jour<\/a> 2023<\/a><\/li>\n\n\n\n<li class=\"has-black-color has-text-color has-link-color wp-elements-6a1867209bec503de4e3be068113364c\"><a href=\"http:\/\/fgmgp.usthb.dz\/wp-content\/uploads\/2026\/03\/Master_GP_Dessalement.pdf\" target=\"_blank\" rel=\"noreferrer noopener\"><a href=\"\/wp-content\/uploads\/2022\/12\/GP-genie-des-procedes-de-lenvironnement_MAJ-2022_.pdf\">Mise \u00e0 jour<\/a> 2025<\/a><\/li>\n<\/ul>\n<\/details>\n<\/div><\/div>\n<\/div><\/div>\n<\/div><\/div>\n\n\n\n<details class=\"wp-block-details has-blue-color has-text-color has-link-color wp-elements-7e6ccf2d8e395703e992520b9494bf74 is-layout-flow wp-block-details-is-layout-flow\"><summary>Master en G\u00e9nie des Proc\u00e9d\u00e9s de l&#8217;Environnement<\/summary>\n<ul class=\"wp-block-list\">\n<li class=\"has-black-color has-text-color has-link-color wp-elements-0d6cb3e4458d6a18de4ef07bc8065f07\"><a href=\"\/wp-content\/uploads\/2022\/12\/GP-genie-des-procedes-de-lenvironnement_MAJ-2022_.pdf\">Mise \u00e0 jour 2022<\/a><\/li>\n\n\n\n<li class=\"has-black-color has-text-color has-link-color wp-elements-e449e797573ba7d81602431ffc566ae0\"><a href=\"http:\/\/fgmgp.usthb.dz\/wp-content\/uploads\/2026\/03\/Master_GPE.pdf\" target=\"_blank\" rel=\"noreferrer noopener\">Mise \u00e0 jour 2025<\/a><\/li>\n<\/ul>\n<\/details>\n\n\n\n<details class=\"wp-block-details has-blue-color has-text-color has-link-color wp-elements-31f40e3b4b3e810509ec0be48558c8f6 is-layout-flow wp-block-details-is-layout-flow\"><summary>Master en Ing\u00e9nierie de D\u00e9veloppement Durable<\/summary>\n<ul class=\"wp-block-list\">\n<li class=\"has-black-color has-text-color has-link-color wp-elements-50bfde21ec44750ba93da972f891cdbe\"><a href=\"http:\/\/fgmgp.usthb.dz\/wp-content\/uploads\/2024\/11\/CANVA-IDD2025.pdf\" target=\"_blank\" rel=\"noreferrer noopener\">Mise \u00e0 jour 2022<\/a><\/li>\n\n\n\n<li class=\"has-black-color has-text-color has-link-color wp-elements-d8af9c532fcfd92f3579ae8c67f6dc8e\"><a href=\"http:\/\/fgmgp.usthb.dz\/wp-content\/uploads\/2026\/03\/Matser_GP-IDD.pdf\" target=\"_blank\" rel=\"noreferrer noopener\">Mise \u00e0 jour 2025<\/a><\/li>\n<\/ul>\n<\/details>\n\n\n\n<details class=\"wp-block-details has-blue-color has-text-color has-link-color wp-elements-2ec66c669d7b6b5d6743890a2271462e is-layout-flow wp-block-details-is-layout-flow\"><summary>Master en G\u00e9nie Alimentaire<\/summary>\n<ul class=\"wp-block-list\">\n<li class=\"has-black-color has-text-color has-link-color wp-elements-44dc76031a582e2d45650988e4a52ccd\"><a href=\"\/wp-content\/uploads\/2022\/03\/master_ga.pdf\" target=\"_blank\" rel=\"noreferrer noopener\">Mise \u00e0 jour 2022<\/a><\/li>\n\n\n\n<li class=\"has-black-color has-text-color has-link-color wp-elements-187c5abdabfdfdf3c648475e770a21d9\"><a href=\"http:\/\/fgmgp.usthb.dz\/wp-content\/uploads\/2026\/03\/Mise-a-jour-GA-_-2025.pdf\" target=\"_blank\" rel=\"noreferrer noopener\">Mise \u00e0 jour 2025<\/a><\/li>\n<\/ul>\n<\/details>\n\n\n\n<details class=\"wp-block-details has-blue-color has-text-color has-link-color wp-elements-c6c10e7731d0bfa94ab613c00b5604fc is-layout-flow wp-block-details-is-layout-flow\"><summary>Master en G\u00e9nie Pharmaceutique<\/summary>\n<ul class=\"wp-block-list\">\n<li class=\"has-black-color has-text-color has-link-color wp-elements-d6bae477090bb557858d7c28193ceab0\"><a href=\"\/wp-content\/uploads\/2022\/03\/master_gphar.pdf\" target=\"_blank\" rel=\"noreferrer noopener\">Mise \u00e0 jour 2022<\/a><\/li>\n\n\n\n<li class=\"has-black-color has-text-color has-link-color wp-elements-912afb826f1fb4c4652430de5ca5b138\"><a href=\"http:\/\/fgmgp.usthb.dz\/wp-content\/uploads\/2026\/03\/Master_GPH.pdf\" target=\"_blank\" rel=\"noreferrer noopener\">Mise \u00e0 jour 2025<\/a><\/li>\n<\/ul>\n<\/details>\n\n\n\n<details class=\"wp-block-details has-blue-color has-text-color has-link-color wp-elements-9ecc1f3dd8c7d878ca4500c60ab6f3cc is-layout-flow wp-block-details-is-layout-flow\"><summary>Master en Science et Technologie du M\u00e9dicament <\/summary>\n<ul class=\"wp-block-list has-black-color has-text-color has-link-color wp-elements-5ec067a5cdbc8790bf13a3e80d3d52f1\">\n<li><a href=\"\/wp-content\/uploads\/2022\/05\/POSTER-MASTER-SCIENCES-TECHNOLOGIE-DU-MEDICAMENT.pdf\" target=\"_blank\" rel=\"noreferrer noopener\">Mise \u00e0 jour 2022<\/a><\/li>\n\n\n\n<li class=\"has-black-color has-text-color has-link-color wp-elements-2920256ef0aea831e6d5c49f885f6ac0\"><a href=\"http:\/\/fgmgp.usthb.dz\/wp-content\/uploads\/2026\/03\/Master_GP_Sciences-Tecnologies-des-medicaments.pdf\" target=\"_blank\" rel=\"noreferrer noopener\">Mise \u00e0 jour 2025<\/a><\/li>\n<\/ul>\n<\/details>\n\n\n\n<p><\/p>\n\n\n\n<p><a href=\"http:\/\/fgmgp.usthb.dz\/wp-content\/uploads\/2026\/03\/Arrete-N%C2%B0-711-Programme-FB-Ing.pdf\" target=\"_blank\" rel=\"noreferrer noopener\">D\u00e9cision n\u00b0711 \u2013 Programme Ing\u00e9nieur d\u2019\u00c9tat (Sciences et Technologies)<\/a><\/p>\n\n\n\n<p><\/p>\n","protected":false},"excerpt":{"rendered":"<p>Le dipl\u00f4m\u00e9 du g\u00e9nie de l\u2019environnement peut exercer ses talents en tant que consultant ind\u00e9pendant ou au sein de bureaux <span class=\"readmore\"><a href=\"https:\/\/fgmgp.usthb.dz\/index.php\/departement-de-genie-de-lenvironnement\/\">Suite<\/a><\/span><\/p>\n","protected":false},"author":1,"featured_media":2743,"parent":0,"menu_order":0,"comment_status":"closed","ping_status":"closed","template":"","meta":{"footnotes":""},"class_list":["post-301","page","type-page","status-publish","has-post-thumbnail","hentry"],"_links":{"self":[{"href":"https:\/\/fgmgp.usthb.dz\/index.php\/wp-json\/wp\/v2\/pages\/301","targetHints":{"allow":["GET"]}}],"collection":[{"href":"https:\/\/fgmgp.usthb.dz\/index.php\/wp-json\/wp\/v2\/pages"}],"about":[{"href":"https:\/\/fgmgp.usthb.dz\/index.php\/wp-json\/wp\/v2\/types\/page"}],"author":[{"embeddable":true,"href":"https:\/\/fgmgp.usthb.dz\/index.php\/wp-json\/wp\/v2\/users\/1"}],"replies":[{"embeddable":true,"href":"https:\/\/fgmgp.usthb.dz\/index.php\/wp-json\/wp\/v2\/comments?post=301"}],"version-history":[{"count":48,"href":"https:\/\/fgmgp.usthb.dz\/index.php\/wp-json\/wp\/v2\/pages\/301\/revisions"}],"predecessor-version":[{"id":3772,"href":"https:\/\/fgmgp.usthb.dz\/index.php\/wp-json\/wp\/v2\/pages\/301\/revisions\/3772"}],"wp:featuredmedia":[{"embeddable":true,"href":"https:\/\/fgmgp.usthb.dz\/index.php\/wp-json\/wp\/v2\/media\/2743"}],"wp:attachment":[{"href":"https:\/\/fgmgp.usthb.dz\/index.php\/wp-json\/wp\/v2\/media?parent=301"}],"curies":[{"name":"wp","href":"https:\/\/api.w.org\/{rel}","templated":true}]}}