{"id":58,"date":"2022-01-24T10:42:09","date_gmt":"2022-01-24T10:42:09","guid":{"rendered":"http:\/\/193.194.89.196\/?page_id=58"},"modified":"2022-07-18T08:35:30","modified_gmt":"2022-07-18T08:35:30","slug":"deliberations","status":"publish","type":"page","link":"https:\/\/fgmgp.usthb.dz\/index.php\/deliberations\/","title":{"rendered":"D\u00e9lib\u00e9rations"},"content":{"rendered":"\n<div class=\"wp-block-group\"><div class=\"wp-block-group__inner-container is-layout-flow wp-block-group-is-layout-flow\">\n<ul class=\"wp-block-list\"><li>Planning des d\u00e9lib\u00e9rations L.M.D pour le semestre 2 session 1 de 2022 : <a rel=\"noreferrer noopener\" href=\"\/wp-content\/uploads\/2022\/06\/delib-gm.pdf\" target=\"_blank\">G\u00e9nie M\u00e9canique <\/a>, <a rel=\"noreferrer noopener\" href=\"\/wp-content\/uploads\/2022\/06\/delib-gp.pdf\" target=\"_blank\">G\u00e9nie des Proc\u00e9d\u00e9s<\/a><\/li><\/ul>\n\n\n\n<h2 class=\"wp-block-heading\">Recours : <\/h2>\n\n\n\n<figure class=\"wp-block-table\"><table class=\"has-text-color\" style=\"color:#39d827\"><tbody><tr><td class=\"has-text-align-center\" data-align=\"center\">Les recours apr\u00e8s d\u00e9lib\u00e9ration des rattrapage sont ouvert <\/td><\/tr><\/tbody><\/table><\/figure>\n\n\n\n<p>Les \u00e9tudiants qui souhaitent emm\u00e8tre un recours \u00e0 propos de leur notes sont invit\u00e9es \u00e0 remplir l&#8217;un des formulaires qui correspond \u00e0 leur d\u00e9partement <\/p>\n\n\n\n<ul class=\"wp-block-list\"><li><a rel=\"noreferrer noopener\" href=\"https:\/\/docs.google.com\/forms\/d\/e\/1FAIpQLSf-UU5kW8smgL3cDt0t_WJCVuteNwJSMT2vyDGgnG3dIQs9NQ\/viewform?usp=sf_linkv\" target=\"_blank\">Recours pour les \u00e9tudiants du d\u00e9partement T.E S2  <\/a> (date limite 14\/07\/2022, midi : 12h00 ) &#8212; F\u00e9rm\u00e9 &#8212;<\/li><li><a rel=\"noreferrer noopener\" href=\"https:\/\/docs.google.com\/forms\/d\/e\/1FAIpQLScXiYUpgs7GpNPRx58tXIm9WQSBlCErXK9ktqQMezA_QcjvFw\/viewform?usp=sf_link\" target=\"_blank\">Recours pour les \u00e9tudiants du d\u00e9partement S.D.M S2<\/a> (date limite 14\/07\/2022, midi : 12h00) &#8212; F\u00e9rm\u00e9 &#8212;<\/li><li><a rel=\"noreferrer noopener\" href=\"https:\/\/docs.google.com\/forms\/d\/e\/1FAIpQLSc0Nl0NmBjG7P6wqJiKQDP44R60g4ufTX3vLz6mphWJH4JjrQ\/viewform?usp=sf_link\" target=\"_blank\">Recours pour les \u00e9tudiants du d\u00e9partement C.M.P S2<\/a> (date limite 14\/07\/2022, midi : 12h00) &#8212; F\u00e9rm\u00e9 &#8212;<\/li><li><a rel=\"noreferrer noopener\" href=\"https:\/\/docs.google.com\/forms\/d\/e\/1FAIpQLSf5awraTzFpNUTSjtUSv70uZqVs-GP1kO0qDcHLiB6qZL44pg\/viewform?usp=sf_link\" target=\"_blank\">Recours pour les \u00e9tudiants du d\u00e9partement G.E S2<\/a> (date limite 14\/07\/2022, midi : 12h00) &#8212; F\u00e9rm\u00e9 &#8212;<\/li><li><a rel=\"noreferrer noopener\" href=\"https:\/\/docs.google.com\/forms\/d\/e\/1FAIpQLSekEDsaoWHtRKN2PRLhfxk_plA_N1Tj1Wp6crs6fkKtiWXZRw\/viewform?usp=sf_link\" target=\"_blank\">Recours pour les \u00e9tudiants du d\u00e9partement G.C.C S2<\/a> (date limite 14\/07\/2022, midi : 12h00) &#8212; F\u00e9rm\u00e9 &#8212;<\/li><li><a rel=\"noreferrer noopener\" href=\"https:\/\/docs.google.com\/forms\/d\/e\/1FAIpQLSekEDsaoWHtRKN2PRLhfxk_plA_N1Tj1Wp6crs6fkKtiWXZRw\/viewform?usp=sf_link\" target=\"_blank\">Recours pour les <\/a><a rel=\"noreferrer noopener\" href=\"https:\/\/docs.google.com\/forms\/d\/e\/1FAIpQLSdpZDOoW5EwT8Jx7l_75XRi9UonM7wLAJfN5JYzq58FKGpr5g\/viewform?usp=sf_link\" target=\"_blank\">\u00e9tudiants du d\u00e9partement T.E S1  <\/a> (date limite 17\/07\/2022, midi : 12h00 ) &#8211;F\u00e9rm\u00e9 &#8212;<\/li><li><a rel=\"noreferrer noopener\" href=\"https:\/\/docs.google.com\/forms\/d\/e\/1FAIpQLSdjAVDIEy6Q22VSMbOKyuu-RS8llZ63WsPEjyNsY63RWLh3lQ\/viewform?usp=sf_link\" target=\"_blank\">Recours pour les \u00e9tudiants du d\u00e9partement S.D.M S1<\/a> (date limite 17\/07\/2022, midi : 12h00) &#8212; F\u00e9rm\u00e9 &#8212;<\/li><li><a rel=\"noreferrer noopener\" href=\"https:\/\/docs.google.com\/forms\/d\/e\/1FAIpQLSe7PkwL0MlbnGO4g1Ikyht2zT5hyVHJoEd4PbDnBgezevJR5g\/viewform?usp=sf_link\" target=\"_blank\">Recours pour les \u00e9tudiants du d\u00e9partement C.M.P S1<\/a> (date limite 17\/07\/2022, midi : 12h00) &#8212; F\u00e9rm\u00e9 &#8212;<\/li><li><a rel=\"noreferrer noopener\" href=\"https:\/\/docs.google.com\/forms\/d\/e\/1FAIpQLSfxjUitX1LNe-aOsAI0sjZPqwYcm0rMf3wkQr9b_SDS_zZWew\/viewform?usp=sf_link\" target=\"_blank\">Recours pour les \u00e9tudiants du d\u00e9partement G.E S1<\/a> (date limite 17\/07\/2022, midi : 12h00) &#8212; F\u00e9rm\u00e9 &#8212;<\/li><li><a rel=\"noreferrer noopener\" href=\"https:\/\/docs.google.com\/forms\/d\/e\/1FAIpQLSdlZfPaYwDCVmYB9XR2ZLTKkxM85ZH3ke3-_oF5l2FZApU9ew\/viewform?usp=sf_link\" target=\"_blank\">Recours pour les \u00e9tudiants du d\u00e9partement G.C.C S1<\/a> (date limite 17\/07\/2022, midi : 12h00)  &#8212; F\u00e9rm\u00e9 &#8212;<\/li><\/ul>\n\n\n\n<p><\/p>\n<\/div><\/div>\n\n\n\n<div class=\"wp-block-group\"><div class=\"wp-block-group__inner-container is-layout-flow wp-block-group-is-layout-flow\">\n<p> Pour les \u00e9tudiants du L2 veuillez cliquer sur l&#8217;un des liens qui vous corresponds :  <\/p>\n\n\n\n<ul class=\"wp-block-list\"><li><a rel=\"noreferrer noopener\" href=\"https:\/\/docs.google.com\/forms\/d\/e\/1FAIpQLSf-_D9pRxl_V44QDgDKE5_Z0p6e2WT9gluAl78ga9Z5C0EeHA\/viewform?usp=sf_link\" target=\"_blank\">Recours pour les \u00e9tudiants de L2 GP S2 <\/a> (date limite 16\/07\/2022, midi : 12h00) &#8212; F\u00e9rm\u00e9 &#8212;<\/li><li><a rel=\"noreferrer noopener\" href=\"https:\/\/docs.google.com\/forms\/d\/e\/1FAIpQLSeC8I81NCZR19y2lJHoQPXliG9Bq-zi75C41c7zVK7Ta2VAHw\/viewform?usp=sf_link\" target=\"_blank\">Recours pour les \u00e9tudiants de L2 GM S2<\/a> (date limite 16\/07\/2022, midi : 12h00) &#8212; F\u00e9rm\u00e9 &#8212;<\/li><li><a rel=\"noreferrer noopener\" href=\"https:\/\/docs.google.com\/forms\/d\/e\/1FAIpQLScuBkVIc9nNAXPaLyU1cN29sT7tM2izplcEpwEkoXBfPogN9w\/viewform?usp=sf_link\" target=\"_blank\">Recours pour les \u00e9tudiants de L2 GP S1 <\/a> (date limite 16\/07\/2022, midi : 12h00)  &#8212; F\u00e9rm\u00e9 &#8212;<\/li><li><a rel=\"noreferrer noopener\" href=\"https:\/\/docs.google.com\/forms\/d\/e\/1FAIpQLSdqh0PoIOeuUQ7DhFhtxkqTP3m_ZcsvhsHqlR3mdnVbZpk9fg\/viewform?usp=sf_link\" target=\"_blank\">Recours pour les \u00e9tudiants de L2 GM S1 <\/a>(date limite 16\/07\/2022, midi : 12h00)  &#8212; F\u00e9rm\u00e9 &#8212;<\/li><\/ul>\n\n\n\n<p>  Pour les \u00e9tudiants du L3 veuillez cliquer sur l&#8217;un des liens qui vous corresponds :   <\/p>\n\n\n\n<ul class=\"wp-block-list\"><li><a rel=\"noreferrer noopener\" href=\"https:\/\/docs.google.com\/forms\/d\/e\/1FAIpQLSe6tVyXAfWABKAAFWHKnvlcSfiVUT_ww81olbMa7I-O7kkYqw\/viewform?usp=sf_link\" target=\"_blank\">Recours pour les \u00e9tudiants de L3 GP S2 <\/a> (date limite 16\/07\/2022, midi : 12h00) &#8212; F\u00e9rm\u00e9  &#8212;<\/li><li><a rel=\"noreferrer noopener\" href=\"https:\/\/docs.google.com\/forms\/d\/e\/1FAIpQLSc8fQmX-A5VxkEG8s0fLEIKMYD5hNRqJ8iYi1yi1nNjaB9W4A\/viewform?usp=sf_link\" target=\"_blank\">Recours pour les \u00e9tudiants de L3 GM S2 <\/a> (date limite 16\/07\/2022, midi : 12h00) &#8211;F\u00e9rm\u00e9 &#8212;<\/li><li><a rel=\"noreferrer noopener\" href=\"https:\/\/docs.google.com\/forms\/d\/e\/1FAIpQLSe6y6Y8oiFjc87_c773UwcHQXpVRMP1Hs6SR4S4jF3-Y9D1zg\/viewform?usp=sf_link\" target=\"_blank\">Recours pour les \u00e9tudiants de L3 CM S2 <\/a> (date limite 16\/07\/2022, midi : 12h00) &#8211;F\u00e9rm\u00e9 &#8212;<\/li><li><a rel=\"noreferrer noopener\" href=\"https:\/\/docs.google.com\/forms\/d\/e\/1FAIpQLSemlmijhUYOgDeohDcBJOcopicY9vobDC1bedSbUo6wWiR8GQ\/viewform?usp=sf_link\" target=\"_blank\">Recours pour les \u00e9tudiants de L3 \u00c9nerg\u00e9tique S2 <\/a> (date limite 16\/07\/2022, midi : 12h00) &#8212; F\u00e9rm\u00e9  &#8212;<\/li><li><a rel=\"noreferrer noopener\" href=\"https:\/\/docs.google.com\/forms\/d\/e\/1FAIpQLSfhfbLMd7BwPzgV2KuTAEZdRgfGRezZg8F4MtIiYtG5FZ3A7g\/viewform?usp=sf_link\" target=\"_blank\">Recours pour les \u00e9tudiants de L3 GP S1 <\/a> (date limite 16\/07\/2022, midi : 12h00) &#8212; F\u00e9rm\u00e9  &#8212;<\/li><li><a rel=\"noreferrer noopener\" href=\"https:\/\/docs.google.com\/forms\/d\/e\/1FAIpQLScv0-GksOM1hGk5uZJEqSCC9hRre859AQEpfCkfpXwglGoOoQ\/viewform?usp=sf_link\" target=\"_blank\">Recours pour les \u00e9tudiants de L3 GM S1 <\/a> (date limite 16\/07\/2022, midi : 12h00) &#8211;F\u00e9rm\u00e9 &#8212;<\/li><li><a rel=\"noreferrer noopener\" href=\"https:\/\/docs.google.com\/forms\/d\/e\/1FAIpQLSfAkU20nUbkGzQGpvjNA0cnma_mFNmN8zJCFNnRtNMHqES0Lg\/viewform?usp=sf_link\" target=\"_blank\">Recours pour les \u00e9tudiants de L3 CM S1 <\/a> (date limite 16\/07\/2022, midi : 12h00) &#8211;F\u00e9rm\u00e9 &#8212;<\/li><li><a rel=\"noreferrer noopener\" href=\"https:\/\/docs.google.com\/forms\/d\/e\/1FAIpQLSfTMQYJIwuf28tmFK1lWVV2_KkVqE2RbVolFNn3ENpcN9ZoEg\/viewform?usp=sf_link\" target=\"_blank\">Recours pour les \u00e9tudiants de L3 \u00c9nerg\u00e9tique S1 <\/a> (date limite 16\/07\/2022, midi : 12h00) &#8212; F\u00e9rm\u00e9  &#8212;<\/li><\/ul>\n\n\n\n<p><\/p>\n<\/div><\/div>\n\n\n\n<p><\/p>\n","protected":false},"excerpt":{"rendered":"<p>Planning des d\u00e9lib\u00e9rations L.M.D pour le semestre 2 session 1 de 2022 : G\u00e9nie M\u00e9canique , G\u00e9nie des Proc\u00e9d\u00e9s Recours <span class=\"readmore\"><a href=\"https:\/\/fgmgp.usthb.dz\/index.php\/deliberations\/\">Suite<\/a><\/span><\/p>\n","protected":false},"author":1,"featured_media":326,"parent":0,"menu_order":0,"comment_status":"closed","ping_status":"closed","template":"","meta":{"footnotes":""},"class_list":["post-58","page","type-page","status-publish","has-post-thumbnail","hentry"],"_links":{"self":[{"href":"https:\/\/fgmgp.usthb.dz\/index.php\/wp-json\/wp\/v2\/pages\/58","targetHints":{"allow":["GET"]}}],"collection":[{"href":"https:\/\/fgmgp.usthb.dz\/index.php\/wp-json\/wp\/v2\/pages"}],"about":[{"href":"https:\/\/fgmgp.usthb.dz\/index.php\/wp-json\/wp\/v2\/types\/page"}],"author":[{"embeddable":true,"href":"https:\/\/fgmgp.usthb.dz\/index.php\/wp-json\/wp\/v2\/users\/1"}],"replies":[{"embeddable":true,"href":"https:\/\/fgmgp.usthb.dz\/index.php\/wp-json\/wp\/v2\/comments?post=58"}],"version-history":[{"count":25,"href":"https:\/\/fgmgp.usthb.dz\/index.php\/wp-json\/wp\/v2\/pages\/58\/revisions"}],"predecessor-version":[{"id":859,"href":"https:\/\/fgmgp.usthb.dz\/index.php\/wp-json\/wp\/v2\/pages\/58\/revisions\/859"}],"wp:featuredmedia":[{"embeddable":true,"href":"https:\/\/fgmgp.usthb.dz\/index.php\/wp-json\/wp\/v2\/media\/326"}],"wp:attachment":[{"href":"https:\/\/fgmgp.usthb.dz\/index.php\/wp-json\/wp\/v2\/media?parent=58"}],"curies":[{"name":"wp","href":"https:\/\/api.w.org\/{rel}","templated":true}]}}