{"id":644,"date":"2022-05-09T08:02:26","date_gmt":"2022-05-09T08:02:26","guid":{"rendered":"https:\/\/fgmgp.usthb.dz\/?page_id=644"},"modified":"2022-06-19T12:48:20","modified_gmt":"2022-06-19T12:48:20","slug":"avis-de-consultation-n-03-fgmgp-2022","status":"publish","type":"page","link":"https:\/\/fgmgp.usthb.dz\/index.php\/avis-de-consultation-n-03-fgmgp-2022\/","title":{"rendered":"Avis de consultation : N\u00b0 03\/FGMGP\/2022"},"content":{"rendered":"\n<div class=\"wp-block-group\"><div class=\"wp-block-group__inner-container is-layout-flow wp-block-group-is-layout-flow\">\n<div class=\"wp-block-columns is-layout-flex wp-container-core-columns-is-layout-9d6595d7 wp-block-columns-is-layout-flex\">\n<div class=\"wp-block-column is-layout-flow wp-block-column-is-layout-flow\" style=\"flex-basis:66.66%\">\n<p>La facult\u00e9 de G\u00e9nie M\u00e9canique et de G\u00e9nie des Proc\u00e8des (GM\/GP) lance une consultation, en vu de la r\u00e9alisation  de diff\u00e9rents travaux d&#8217;entretien et de r\u00e9paration au niveau de la biblioth\u00e8que, salle des CSF et atelier de soudage <\/p>\n\n\n\n<p>Les entreprises int\u00e9resses par la pr\u00e9sente consultation peuvent obtenir gratuitement, la fiche technique des travaux en la retirant aupr\u00e8s du service des Moyens G\u00e9n\u00e9raux de la dite facult\u00e9.<\/p>\n<\/div>\n\n\n\n<div class=\"wp-block-column is-layout-flow wp-block-column-is-layout-flow\" style=\"flex-basis:33.33%\">\n<figure class=\"wp-block-image size-full is-resized\"><img loading=\"lazy\" decoding=\"async\" src=\"http:\/\/fgmgp.usthb.dz\/wp-content\/uploads\/2022\/03\/6240367737adb061067229.jpeg\" alt=\"\" class=\"wp-image-527\" width=\"278\" height=\"199\" srcset=\"https:\/\/fgmgp.usthb.dz\/wp-content\/uploads\/2022\/03\/6240367737adb061067229.jpeg 350w, https:\/\/fgmgp.usthb.dz\/wp-content\/uploads\/2022\/03\/6240367737adb061067229-300x214.jpeg 300w\" sizes=\"auto, (max-width: 278px) 100vw, 278px\" \/><\/figure>\n<\/div>\n<\/div>\n\n\n\n<p> Vous pouvez consulter le P.V de l&#8217;avis de consultation en <a href=\"\/wp-content\/uploads\/2022\/05\/avis_consultation_3.pdf\" target=\"_blank\" rel=\"noreferrer noopener\">cliquant-ici<\/a>. <\/p>\n<\/div><\/div>\n\n\n\n<p><\/p>\n","protected":false},"excerpt":{"rendered":"<p>La facult\u00e9 de G\u00e9nie M\u00e9canique et de G\u00e9nie des Proc\u00e8des (GM\/GP) lance une consultation, en vu de la r\u00e9alisation de <span class=\"readmore\"><a href=\"https:\/\/fgmgp.usthb.dz\/index.php\/avis-de-consultation-n-03-fgmgp-2022\/\">Suite<\/a><\/span><\/p>\n","protected":false},"author":1,"featured_media":0,"parent":0,"menu_order":0,"comment_status":"closed","ping_status":"closed","template":"","meta":{"footnotes":""},"class_list":["post-644","page","type-page","status-publish","hentry"],"_links":{"self":[{"href":"https:\/\/fgmgp.usthb.dz\/index.php\/wp-json\/wp\/v2\/pages\/644","targetHints":{"allow":["GET"]}}],"collection":[{"href":"https:\/\/fgmgp.usthb.dz\/index.php\/wp-json\/wp\/v2\/pages"}],"about":[{"href":"https:\/\/fgmgp.usthb.dz\/index.php\/wp-json\/wp\/v2\/types\/page"}],"author":[{"embeddable":true,"href":"https:\/\/fgmgp.usthb.dz\/index.php\/wp-json\/wp\/v2\/users\/1"}],"replies":[{"embeddable":true,"href":"https:\/\/fgmgp.usthb.dz\/index.php\/wp-json\/wp\/v2\/comments?post=644"}],"version-history":[{"count":4,"href":"https:\/\/fgmgp.usthb.dz\/index.php\/wp-json\/wp\/v2\/pages\/644\/revisions"}],"predecessor-version":[{"id":1954,"href":"https:\/\/fgmgp.usthb.dz\/index.php\/wp-json\/wp\/v2\/pages\/644\/revisions\/1954"}],"wp:attachment":[{"href":"https:\/\/fgmgp.usthb.dz\/index.php\/wp-json\/wp\/v2\/media?parent=644"}],"curies":[{"name":"wp","href":"https:\/\/api.w.org\/{rel}","templated":true}]}}