{"id":789,"date":"2022-06-21T10:39:22","date_gmt":"2022-06-21T10:39:22","guid":{"rendered":"https:\/\/fgmgp.usthb.dz\/?page_id=789"},"modified":"2022-06-21T10:44:27","modified_gmt":"2022-06-21T10:44:27","slug":"avis-de-consultation-n-05-fgmgp-2022","status":"publish","type":"page","link":"https:\/\/fgmgp.usthb.dz\/index.php\/avis-de-consultation-n-05-fgmgp-2022\/","title":{"rendered":"Avis de consultation : N\u00b0 05\/FGMGP\/2022"},"content":{"rendered":"\n<div class=\"wp-block-columns is-layout-flex wp-container-core-columns-is-layout-9d6595d7 wp-block-columns-is-layout-flex\">\n<div class=\"wp-block-column is-layout-flow wp-block-column-is-layout-flow\" style=\"flex-basis:66.66%\">\n<p>La facult\u00e9 de G\u00e9nie M\u00e9canique et de G\u00e9nie des Proc\u00e8des (GM\/GP) lance une consultation, relative \u00e0 l\u2019acquisition des ouvrages scientifiques  pour la biblioth\u00e8que de la facult\u00e9.<\/p>\n\n\n\n<p>Les soumissionnaires int\u00e9resses par la pr\u00e9sente consultation peuvent obtenir gratuitement, la fiche technique des travaux en la retirant aupr\u00e8s du service des Moyens G\u00e9n\u00e9raux de la dite facult\u00e9.<\/p>\n<\/div>\n\n\n\n<div class=\"wp-block-column is-layout-flow wp-block-column-is-layout-flow\" style=\"flex-basis:33.33%\">\n<figure class=\"wp-block-image size-full is-resized\"><img loading=\"lazy\" decoding=\"async\" src=\"http:\/\/fgmgp.usthb.dz\/wp-content\/uploads\/2022\/03\/6240367737adb061067229.jpeg\" alt=\"\" class=\"wp-image-527\" width=\"278\" height=\"199\" srcset=\"https:\/\/fgmgp.usthb.dz\/wp-content\/uploads\/2022\/03\/6240367737adb061067229.jpeg 350w, https:\/\/fgmgp.usthb.dz\/wp-content\/uploads\/2022\/03\/6240367737adb061067229-300x214.jpeg 300w\" sizes=\"auto, (max-width: 278px) 100vw, 278px\" \/><\/figure>\n<\/div>\n<\/div>\n\n\n\n<p>  Vous pouvez consulter le P.V de l&#8217;avis de consultation en <a href=\"\/wp-content\/uploads\/2022\/06\/avis_consultation_05_2022.pdf\" target=\"_blank\" rel=\"noreferrer noopener\">cliquant-ici<\/a>.  <\/p>\n","protected":false},"excerpt":{"rendered":"<p>La facult\u00e9 de G\u00e9nie M\u00e9canique et de G\u00e9nie des Proc\u00e8des (GM\/GP) lance une consultation, relative \u00e0 l\u2019acquisition des ouvrages scientifiques <span class=\"readmore\"><a href=\"https:\/\/fgmgp.usthb.dz\/index.php\/avis-de-consultation-n-05-fgmgp-2022\/\">Suite<\/a><\/span><\/p>\n","protected":false},"author":1,"featured_media":0,"parent":0,"menu_order":0,"comment_status":"closed","ping_status":"closed","template":"","meta":{"footnotes":""},"class_list":["post-789","page","type-page","status-publish","hentry"],"_links":{"self":[{"href":"https:\/\/fgmgp.usthb.dz\/index.php\/wp-json\/wp\/v2\/pages\/789","targetHints":{"allow":["GET"]}}],"collection":[{"href":"https:\/\/fgmgp.usthb.dz\/index.php\/wp-json\/wp\/v2\/pages"}],"about":[{"href":"https:\/\/fgmgp.usthb.dz\/index.php\/wp-json\/wp\/v2\/types\/page"}],"author":[{"embeddable":true,"href":"https:\/\/fgmgp.usthb.dz\/index.php\/wp-json\/wp\/v2\/users\/1"}],"replies":[{"embeddable":true,"href":"https:\/\/fgmgp.usthb.dz\/index.php\/wp-json\/wp\/v2\/comments?post=789"}],"version-history":[{"count":2,"href":"https:\/\/fgmgp.usthb.dz\/index.php\/wp-json\/wp\/v2\/pages\/789\/revisions"}],"predecessor-version":[{"id":795,"href":"https:\/\/fgmgp.usthb.dz\/index.php\/wp-json\/wp\/v2\/pages\/789\/revisions\/795"}],"wp:attachment":[{"href":"https:\/\/fgmgp.usthb.dz\/index.php\/wp-json\/wp\/v2\/media?parent=789"}],"curies":[{"name":"wp","href":"https:\/\/api.w.org\/{rel}","templated":true}]}}