{"id":833,"date":"2022-07-11T13:08:05","date_gmt":"2022-07-11T13:08:05","guid":{"rendered":"https:\/\/fgmgp.usthb.dz\/?page_id=833"},"modified":"2022-07-11T13:08:17","modified_gmt":"2022-07-11T13:08:17","slug":"appel-aux-majeurs-de-promos-2021-2022","status":"publish","type":"page","link":"https:\/\/fgmgp.usthb.dz\/index.php\/appel-aux-majeurs-de-promos-2021-2022\/","title":{"rendered":"Appel aux majeurs de promos 2021\/2022"},"content":{"rendered":"\n<div class=\"wp-block-group\"><div class=\"wp-block-group__inner-container is-layout-flow wp-block-group-is-layout-flow\">\n<p>Une c\u00e9r\u00e9monie de remise des Attestations de majeur de promos se tiendra le 13\/07\/2022 pour r\u00e9compens\u00e9s tous les majeurs de promos de l&#8217;ann\u00e9e 2021\/2022 de leurs efforts \u00e0 l&#8217;auditorium de l&#8217;USTHB.<\/p>\n\n\n\n<div class=\"wp-block-group\"><div class=\"wp-block-group__inner-container is-layout-flow wp-block-group-is-layout-flow\">\n<h2 class=\"wp-block-heading\"><strong>Note : <\/strong><\/h2>\n\n\n\n<p>Veuillez vous procurer de la Toge universitaire pour cette c\u00e9r\u00e9monie.<\/p>\n\n\n\n<p>Liste des Majeurs de promos en Licence pour 21\/22 : <a rel=\"noreferrer noopener\" href=\"\/wp-content\/uploads\/2022\/07\/Majeurs-Licence-GMGP-21-22.pdf\" target=\"_blank\">Cliquer-ici<\/a><\/p>\n\n\n\n<p>Liste des Majeurs de promos en Master pour 21\/22 : <a href=\"\/wp-content\/uploads\/2022\/07\/Majeurs-Master-GMGP-21-22.pdf\" target=\"_blank\" rel=\"noreferrer noopener\">Cliquer-ici<\/a><\/p>\n<\/div><\/div>\n<\/div><\/div>\n\n\n\n<p><\/p>\n","protected":false},"excerpt":{"rendered":"<p>Une c\u00e9r\u00e9monie de remise des Attestations de majeur de promos se tiendra le 13\/07\/2022 pour r\u00e9compens\u00e9s tous les majeurs de <span class=\"readmore\"><a href=\"https:\/\/fgmgp.usthb.dz\/index.php\/appel-aux-majeurs-de-promos-2021-2022\/\">Suite<\/a><\/span><\/p>\n","protected":false},"author":1,"featured_media":0,"parent":0,"menu_order":0,"comment_status":"closed","ping_status":"closed","template":"","meta":{"footnotes":""},"class_list":["post-833","page","type-page","status-publish","hentry"],"_links":{"self":[{"href":"https:\/\/fgmgp.usthb.dz\/index.php\/wp-json\/wp\/v2\/pages\/833","targetHints":{"allow":["GET"]}}],"collection":[{"href":"https:\/\/fgmgp.usthb.dz\/index.php\/wp-json\/wp\/v2\/pages"}],"about":[{"href":"https:\/\/fgmgp.usthb.dz\/index.php\/wp-json\/wp\/v2\/types\/page"}],"author":[{"embeddable":true,"href":"https:\/\/fgmgp.usthb.dz\/index.php\/wp-json\/wp\/v2\/users\/1"}],"replies":[{"embeddable":true,"href":"https:\/\/fgmgp.usthb.dz\/index.php\/wp-json\/wp\/v2\/comments?post=833"}],"version-history":[{"count":1,"href":"https:\/\/fgmgp.usthb.dz\/index.php\/wp-json\/wp\/v2\/pages\/833\/revisions"}],"predecessor-version":[{"id":836,"href":"https:\/\/fgmgp.usthb.dz\/index.php\/wp-json\/wp\/v2\/pages\/833\/revisions\/836"}],"wp:attachment":[{"href":"https:\/\/fgmgp.usthb.dz\/index.php\/wp-json\/wp\/v2\/media?parent=833"}],"curies":[{"name":"wp","href":"https:\/\/api.w.org\/{rel}","templated":true}]}}