{"id":861,"date":"2022-07-18T14:01:05","date_gmt":"2022-07-18T14:01:05","guid":{"rendered":"https:\/\/fgmgp.usthb.dz\/?page_id=861"},"modified":"2022-07-18T14:10:19","modified_gmt":"2022-07-18T14:10:19","slug":"remise-des-diplomes-2021-2022","status":"publish","type":"page","link":"https:\/\/fgmgp.usthb.dz\/index.php\/remise-des-diplomes-2021-2022\/","title":{"rendered":"Remise des dipl\u00f4mes 2021\/2022"},"content":{"rendered":"\n<div class=\"wp-block-group\"><div class=\"wp-block-group__inner-container is-layout-flow wp-block-group-is-layout-flow\">\n<h5 class=\"wp-block-heading\">Masters G.C.C et G.E<\/h5>\n\n\n\n<p>La remise des dipl\u00f4mes pour les Masters des d\u00e9partements G.C.C et G.E sera \u00e0 partir de demain, Mardi 19\/07\/2022 \u00e0 9h, veuillez consulter le programme de la remise chez votre d\u00e9l\u00e9gu\u00e9, la remise ce sera au niveau des d\u00e9partements.<\/p>\n\n\n\n<p>          &#8211; Veuillez consulter la liste en <a href=\"\/wp-content\/uploads\/2022\/07\/M2-GP-2022.pdf\" target=\"_blank\" rel=\"noreferrer noopener\">cliquant-ici<\/a> pour voir si vous \u00eates concerner <\/p>\n<\/div><\/div>\n\n\n\n<div class=\"wp-block-group\"><div class=\"wp-block-group__inner-container is-layout-flow wp-block-group-is-layout-flow\">\n<h5 class=\"wp-block-heading\">Masters T.E et C.M.P<\/h5>\n\n\n\n<p> La remise des dipl\u00f4mes pour les Masters des d\u00e9partements C.M.P et T.E sera \u00e0 partir de Mercredi 20\/07\/2022 \u00e0 9h, veuillez consulter le programme de la remise chez votre d\u00e9l\u00e9gu\u00e9,   la remise ce sera au niveau des d\u00e9partements.<\/p>\n\n\n\n<p>          &#8211; Veuillez consulter la liste en <a href=\"\/wp-content\/uploads\/2022\/07\/M2-GM-2022.pdf\" target=\"_blank\" rel=\"noreferrer noopener\">cliquant-ici<\/a> pour voir si vous \u00eates concerner <\/p>\n<\/div><\/div>\n\n\n\n<div class=\"wp-block-group\"><div class=\"wp-block-group__inner-container is-layout-flow wp-block-group-is-layout-flow\">\n<h5 class=\"wp-block-heading\">L3 GP et GM (\u00c9nerg\u00e9tique, C.M et GM)<\/h5>\n\n\n\n<p> La remise des dipl\u00f4mes pour les L3 des fili\u00e8re GP et GM sera \u00e0 partir de Mercredi 20\/07\/2022 \u00e0 9h, au niveau du Hall de Technologie<\/p>\n<\/div><\/div>\n\n\n\n<p>           &#8211; Veuillez consulter la liste en <a rel=\"noreferrer noopener\" href=\"\/wp-content\/uploads\/2022\/07\/L3-GM-2022.pdf\" target=\"_blank\" data-type=\"URL\">cliquant-ici<\/a> pour voir si vous \u00eates concerner, si vous \u00eates de GM<\/p>\n\n\n\n<p>            &#8211; Veuillez consulter la liste en <a rel=\"noreferrer noopener\" href=\"\/wp-content\/uploads\/2022\/07\/L3-GP-2022.pdf\" data-type=\"URL\" target=\"_blank\">cliquant-ici<\/a> pour voir si vous \u00eates concerner, si vous \u00eates de GP<\/p>\n","protected":false},"excerpt":{"rendered":"<p>Masters G.C.C et G.E La remise des dipl\u00f4mes pour les Masters des d\u00e9partements G.C.C et G.E sera \u00e0 partir de <span class=\"readmore\"><a href=\"https:\/\/fgmgp.usthb.dz\/index.php\/remise-des-diplomes-2021-2022\/\">Suite<\/a><\/span><\/p>\n","protected":false},"author":1,"featured_media":0,"parent":0,"menu_order":0,"comment_status":"closed","ping_status":"closed","template":"","meta":{"footnotes":""},"class_list":["post-861","page","type-page","status-publish","hentry"],"_links":{"self":[{"href":"https:\/\/fgmgp.usthb.dz\/index.php\/wp-json\/wp\/v2\/pages\/861","targetHints":{"allow":["GET"]}}],"collection":[{"href":"https:\/\/fgmgp.usthb.dz\/index.php\/wp-json\/wp\/v2\/pages"}],"about":[{"href":"https:\/\/fgmgp.usthb.dz\/index.php\/wp-json\/wp\/v2\/types\/page"}],"author":[{"embeddable":true,"href":"https:\/\/fgmgp.usthb.dz\/index.php\/wp-json\/wp\/v2\/users\/1"}],"replies":[{"embeddable":true,"href":"https:\/\/fgmgp.usthb.dz\/index.php\/wp-json\/wp\/v2\/comments?post=861"}],"version-history":[{"count":3,"href":"https:\/\/fgmgp.usthb.dz\/index.php\/wp-json\/wp\/v2\/pages\/861\/revisions"}],"predecessor-version":[{"id":870,"href":"https:\/\/fgmgp.usthb.dz\/index.php\/wp-json\/wp\/v2\/pages\/861\/revisions\/870"}],"wp:attachment":[{"href":"https:\/\/fgmgp.usthb.dz\/index.php\/wp-json\/wp\/v2\/media?parent=861"}],"curies":[{"name":"wp","href":"https:\/\/api.w.org\/{rel}","templated":true}]}}